{"id":11848,"date":"2021-04-02T14:20:35","date_gmt":"2021-04-02T12:20:35","guid":{"rendered":"http:\/\/www.college-wallon-ivry.fr\/?page_id=11848"},"modified":"2022-06-26T15:51:38","modified_gmt":"2022-06-26T13:51:38","slug":"vous-rentrez-en-6eme","status":"publish","type":"page","link":"http:\/\/www.college-wallon-ivry.fr\/index.php\/vous-rentrez-en-6eme\/","title":{"rendered":"Vous rentrez en 6\u00e9me?"},"content":{"rendered":"<div id=\"pl-11848\"  class=\"panel-layout\" ><div id=\"pg-11848-0\"  class=\"panel-grid panel-no-style\" ><div id=\"pgc-11848-0-0\"  class=\"panel-grid-cell\" ><div id=\"panel-11848-0-0-0\" class=\"so-panel widget widget_sow-button panel-first-child\" data-index=\"0\" ><div\n\t\t\t\n\t\t\tclass=\"so-widget-sow-button so-widget-sow-button-wire-a629a7da527d-11848\"\n\t\t\t\n\t\t><div class=\"ow-button-base ow-button-align-center\"\n>\n\t\t\t<a\n\t\t\t\t\thref=\"http:\/\/www.college-wallon-ivry.fr\/wp-content\/uploads\/2022\/06\/Plaquette-6eme-v2022-finale.pdf\"\n\t\t\t\t\tclass=\"sowb-button ow-icon-placement-bottom ow-button-hover\" \t>\n\t\t<span>\n\t\t\t<span class=\"sow-icon-fontawesome sow-far\" data-sow-icon=\"&#xf0a7;\"\n\t\tstyle=\"color: #000000\" \n\t\taria-hidden=\"true\"><\/span>\n\t\t\tPlaquette de rentr\u00e9e en 6\u00e8me \t\t<\/span>\n\t\t\t<\/a>\n\t<\/div>\n<\/div><\/div><div id=\"panel-11848-0-0-1\" class=\"so-panel widget widget_sow-image panel-last-child\" data-index=\"1\" ><div\n\t\t\t\n\t\t\tclass=\"so-widget-sow-image so-widget-sow-image-default-113ccd71f3e6-11848\"\n\t\t\t\n\t\t>\n<div class=\"sow-image-container\">\n\t\t\t<a href=\"http:\/\/www.college-wallon-ivry.fr\/wp-content\/uploads\/2022\/06\/Plaquette-6eme-v2022-finale.pdf\"\n\t\t\ttarget=\"_blank\" rel=\"noopener noreferrer\" \t\t>\n\t\t\t<img \n\tsrc=\"http:\/\/www.college-wallon-ivry.fr\/wp-content\/uploads\/2022\/06\/Plaquette-6eme-v2022-finale-pdf.jpg\" width=\"1497\" height=\"1058\" sizes=\"(max-width: 1497px) 100vw, 1497px\" title=\"Plaquette 6eme v2022 finale\" alt=\"\" \t\tclass=\"so-widget-image\"\/>\n\t\t\t<\/a><\/div>\n\n<\/div><\/div><\/div><div id=\"pgc-11848-0-1\"  class=\"panel-grid-cell\" ><div id=\"panel-11848-0-1-0\" class=\"so-panel widget widget_sow-button panel-first-child\" data-index=\"2\" ><div\n\t\t\t\n\t\t\tclass=\"so-widget-sow-button so-widget-sow-button-wire-777564a20697-11848\"\n\t\t\t\n\t\t><div class=\"ow-button-base ow-button-align-center\"\n>\n\t\t\t<a\n\t\t\t\t\thref=\"http:\/\/www.college-wallon-ivry.fr\/index.php\/2021\/06\/25\/visitez-le-college\/\"\n\t\t\t\t\tclass=\"sowb-button ow-icon-placement-bottom ow-button-hover\" \t>\n\t\t<span>\n\t\t\t<span class=\"sow-icon-fontawesome sow-far\" data-sow-icon=\"&#xf0a7;\"\n\t\tstyle=\"color: #000000\" \n\t\taria-hidden=\"true\"><\/span>\n\t\t\tVisite virtuelle du coll\u00e8ge\t\t<\/span>\n\t\t\t<\/a>\n\t<\/div>\n<\/div><\/div><div id=\"panel-11848-0-1-1\" class=\"so-panel widget widget_sow-image panel-last-child\" data-index=\"3\" ><div\n\t\t\t\n\t\t\tclass=\"so-widget-sow-image so-widget-sow-image-default-113ccd71f3e6-11848\"\n\t\t\t\n\t\t>\n<div class=\"sow-image-container\">\n\t\t\t<a href=\"http:\/\/www.college-wallon-ivry.fr\/index.php\/2021\/06\/25\/visitez-le-college\/\"\n\t\t\ttarget=\"_blank\" rel=\"noopener noreferrer\" \t\t>\n\t\t\t<img \n\tsrc=\"http:\/\/www.college-wallon-ivry.fr\/wp-content\/uploads\/2022\/06\/Capture-visite-virtueelle.jpg\" width=\"871\" height=\"541\" srcset=\"http:\/\/www.college-wallon-ivry.fr\/wp-content\/uploads\/2022\/06\/Capture-visite-virtueelle.jpg 871w, http:\/\/www.college-wallon-ivry.fr\/wp-content\/uploads\/2022\/06\/Capture-visite-virtueelle-300x186.jpg 300w, http:\/\/www.college-wallon-ivry.fr\/wp-content\/uploads\/2022\/06\/Capture-visite-virtueelle-768x477.jpg 768w, http:\/\/www.college-wallon-ivry.fr\/wp-content\/uploads\/2022\/06\/Capture-visite-virtueelle-400x248.jpg 400w\" sizes=\"(max-width: 871px) 100vw, 871px\" title=\"Capture visite virtueelle\" alt=\"\" \t\tclass=\"so-widget-image\"\/>\n\t\t\t<\/a><\/div>\n\n<\/div><\/div><\/div><\/div><\/div><h3>Images li\u00e9es:<\/h3>","protected":false},"excerpt":{"rendered":"<p>Plaquette de rentr\u00e9e en 6\u00e8me Visite virtuelle du coll\u00e8ge Images li\u00e9es:<\/p>\n","protected":false},"author":1,"featured_media":13146,"parent":0,"menu_order":0,"comment_status":"closed","ping_status":"closed","template":"","meta":{"ngg_post_thumbnail":0,"footnotes":""},"categories":[41,42],"tags":[],"class_list":{"0":"post-11848","1":"page","2":"type-page","3":"status-publish","4":"has-post-thumbnail","6":"category-parents","7":"category-suivi-scolarite","8":"czr-hentry"},"_links":{"self":[{"href":"http:\/\/www.college-wallon-ivry.fr\/index.php\/wp-json\/wp\/v2\/pages\/11848","targetHints":{"allow":["GET"]}}],"collection":[{"href":"http:\/\/www.college-wallon-ivry.fr\/index.php\/wp-json\/wp\/v2\/pages"}],"about":[{"href":"http:\/\/www.college-wallon-ivry.fr\/index.php\/wp-json\/wp\/v2\/types\/page"}],"author":[{"embeddable":true,"href":"http:\/\/www.college-wallon-ivry.fr\/index.php\/wp-json\/wp\/v2\/users\/1"}],"replies":[{"embeddable":true,"href":"http:\/\/www.college-wallon-ivry.fr\/index.php\/wp-json\/wp\/v2\/comments?post=11848"}],"version-history":[{"count":13,"href":"http:\/\/www.college-wallon-ivry.fr\/index.php\/wp-json\/wp\/v2\/pages\/11848\/revisions"}],"predecessor-version":[{"id":13148,"href":"http:\/\/www.college-wallon-ivry.fr\/index.php\/wp-json\/wp\/v2\/pages\/11848\/revisions\/13148"}],"wp:featuredmedia":[{"embeddable":true,"href":"http:\/\/www.college-wallon-ivry.fr\/index.php\/wp-json\/wp\/v2\/media\/13146"}],"wp:attachment":[{"href":"http:\/\/www.college-wallon-ivry.fr\/index.php\/wp-json\/wp\/v2\/media?parent=11848"}],"wp:term":[{"taxonomy":"category","embeddable":true,"href":"http:\/\/www.college-wallon-ivry.fr\/index.php\/wp-json\/wp\/v2\/categories?post=11848"},{"taxonomy":"post_tag","embeddable":true,"href":"http:\/\/www.college-wallon-ivry.fr\/index.php\/wp-json\/wp\/v2\/tags?post=11848"}],"curies":[{"name":"wp","href":"https:\/\/api.w.org\/{rel}","templated":true}]}}