{"id":1407,"date":"2017-11-26T18:03:54","date_gmt":"2017-11-26T17:03:54","guid":{"rendered":"http:\/\/www.college-wallon-ivry.fr\/?page_id=1407"},"modified":"2018-09-07T22:53:51","modified_gmt":"2018-09-07T20:53:51","slug":"ateliers-orientation-a-destination-parents-eleves-de-3em","status":"publish","type":"page","link":"http:\/\/www.college-wallon-ivry.fr\/index.php\/dates-importantes\/ateliers-orientation-a-destination-parents-eleves-de-3em\/","title":{"rendered":"Ateliers Orientation \u00e0 destination des parents et des \u00e9l\u00e8ves de 3\u00e8m"},"content":{"rendered":"<p align=\"JUSTIFY\">L\u2019ann\u00e9e de 3<sup>\u00e8me<\/sup> est un \u00ab&nbsp;<i>palier d\u2019orientation<\/i>&nbsp;\u00bb dans la scolarit\u00e9 de votre enfant et vous serez amen\u00e9s ensemble \u00e0 faire un choix d\u00e8s le deuxi\u00e8me trimestre: <i>2<\/i><sup><i>nde<\/i><\/sup><i> g\u00e9n\u00e9rale et technologique, 2<\/i><sup><i>nde<\/i><\/sup><i> professionnelle ou 1<\/i><sup><i>\u00e8re<\/i><\/sup><i> ann\u00e9e de CAP<\/i>.<\/p>\n<p align=\"JUSTIFY\"><a name=\"m_-2825933896154194582__GoBack\"><\/a>Afin de r\u00e9fl\u00e9chir \u00e0 cette poursuite d\u2019\u00e9tudes, je vous propose une pr\u00e9sentation (les voies d\u2019orientation, le calendrier de l\u2019ann\u00e9e et les temps forts&#8230;) suivie d\u2019un temps d\u2019\u00e9change autour de vos questions<\/p>\n<p align=\"JUSTIFY\">[supsystic-tables id=3 ]<\/p>\n<h3>Images li\u00e9es:<\/h3>","protected":false},"excerpt":{"rendered":"<p>L\u2019ann\u00e9e de 3\u00e8me est un \u00ab&nbsp;palier d\u2019orientation&nbsp;\u00bb dans la scolarit\u00e9 de votre enfant et vous serez amen\u00e9s ensemble \u00e0 faire un choix d\u00e8s le deuxi\u00e8me trimestre: 2nde g\u00e9n\u00e9rale et technologique, 2nde professionnelle ou 1\u00e8re ann\u00e9e de CAP. Afin de r\u00e9fl\u00e9chir \u00e0 cette poursuite d\u2019\u00e9tudes, je vous propose une pr\u00e9sentation (les voies d\u2019orientation, le calendrier de [&hellip;]<\/p>\n","protected":false},"author":1,"featured_media":0,"parent":67,"menu_order":0,"comment_status":"closed","ping_status":"closed","template":"","meta":{"ngg_post_thumbnail":0,"footnotes":""},"categories":[54,41],"tags":[],"class_list":{"0":"post-1407","1":"page","2":"type-page","3":"status-publish","5":"category-orientation","6":"category-parents","7":"czr-hentry"},"_links":{"self":[{"href":"http:\/\/www.college-wallon-ivry.fr\/index.php\/wp-json\/wp\/v2\/pages\/1407","targetHints":{"allow":["GET"]}}],"collection":[{"href":"http:\/\/www.college-wallon-ivry.fr\/index.php\/wp-json\/wp\/v2\/pages"}],"about":[{"href":"http:\/\/www.college-wallon-ivry.fr\/index.php\/wp-json\/wp\/v2\/types\/page"}],"author":[{"embeddable":true,"href":"http:\/\/www.college-wallon-ivry.fr\/index.php\/wp-json\/wp\/v2\/users\/1"}],"replies":[{"embeddable":true,"href":"http:\/\/www.college-wallon-ivry.fr\/index.php\/wp-json\/wp\/v2\/comments?post=1407"}],"version-history":[{"count":1,"href":"http:\/\/www.college-wallon-ivry.fr\/index.php\/wp-json\/wp\/v2\/pages\/1407\/revisions"}],"predecessor-version":[{"id":1408,"href":"http:\/\/www.college-wallon-ivry.fr\/index.php\/wp-json\/wp\/v2\/pages\/1407\/revisions\/1408"}],"up":[{"embeddable":true,"href":"http:\/\/www.college-wallon-ivry.fr\/index.php\/wp-json\/wp\/v2\/pages\/67"}],"wp:attachment":[{"href":"http:\/\/www.college-wallon-ivry.fr\/index.php\/wp-json\/wp\/v2\/media?parent=1407"}],"wp:term":[{"taxonomy":"category","embeddable":true,"href":"http:\/\/www.college-wallon-ivry.fr\/index.php\/wp-json\/wp\/v2\/categories?post=1407"},{"taxonomy":"post_tag","embeddable":true,"href":"http:\/\/www.college-wallon-ivry.fr\/index.php\/wp-json\/wp\/v2\/tags?post=1407"}],"curies":[{"name":"wp","href":"https:\/\/api.w.org\/{rel}","templated":true}]}}