{"id":242,"date":"2017-03-22T21:46:03","date_gmt":"2017-03-22T20:46:03","guid":{"rendered":"http:\/\/college-wallon-ivry.fr\/?page_id=242"},"modified":"2017-09-05T22:47:54","modified_gmt":"2017-09-05T20:47:54","slug":"semaine-de-la-presse-et-des-medias","status":"publish","type":"page","link":"http:\/\/www.college-wallon-ivry.fr\/index.php\/les-aventures-pedagogiques\/annee-20162017\/semaine-de-la-presse-et-des-medias\/","title":{"rendered":"Semaine de la presse et des m\u00e9dias"},"content":{"rendered":"<p>Dans le cadre de la semaine de la presse et des m\u00e9dias \u00e0 l&rsquo;\u00e9cole, les classes de 4\u00e8me3 et 4\u00e8me7 ont particip\u00e9 au \u00ab\u00a0concours de Unes\u00a0\u00bb organis\u00e9 par<br \/>\nle CLEMI-Cr\u00e9teil en partenariat avec l&rsquo;AFP.<\/p>\n<p>Le principe:<br \/>\nMardi 21 mars \u00e0 8h les \u00e9l\u00e8ves ont d\u00e9couvert un panier de d\u00e9p\u00eaches et de visuels AFP. A eux de s\u2019en emparer et de se r\u00e9unir en comit\u00e9 de r\u00e9daction pour choisir le titre de leur publication, leur ligne \u00e9ditoriale, choisir les sujets trait\u00e9s, les illustrations, travailler sur la maquette&#8230; Le tout en temps limit\u00e9 !<\/p>\n<p>Les \u00e9l\u00e8ves devaient envoyer leur Unes \u00e0 16h au plus tard.<\/p>\n<p>Voici le r\u00e9sultat:<img loading=\"lazy\" decoding=\"async\" class=\"alignnone size-medium wp-image-240\" src=\"http:\/\/college-wallon-ivry.fr\/wp-content\/uploads\/2017\/03\/UNE_clg-henriwallon.0247-page-001-212x300.jpg\" alt=\"\" width=\"212\" height=\"300\" srcset=\"http:\/\/www.college-wallon-ivry.fr\/wp-content\/uploads\/2017\/03\/UNE_clg-henriwallon.0247-page-001-212x300.jpg 212w, http:\/\/www.college-wallon-ivry.fr\/wp-content\/uploads\/2017\/03\/UNE_clg-henriwallon.0247-page-001-768x1087.jpg 768w, http:\/\/www.college-wallon-ivry.fr\/wp-content\/uploads\/2017\/03\/UNE_clg-henriwallon.0247-page-001-724x1024.jpg 724w\" sizes=\"auto, (max-width: 212px) 100vw, 212px\" \/><\/p>\n<h3>Images li\u00e9es:<\/h3>","protected":false},"excerpt":{"rendered":"<p>Dans le cadre de la semaine de la presse et des m\u00e9dias \u00e0 l&rsquo;\u00e9cole, les classes de 4\u00e8me3 et 4\u00e8me7 ont particip\u00e9 au \u00ab\u00a0concours de Unes\u00a0\u00bb organis\u00e9 par le CLEMI-Cr\u00e9teil en partenariat avec l&rsquo;AFP. Le principe: Mardi 21 mars \u00e0 8h les \u00e9l\u00e8ves ont d\u00e9couvert un panier de d\u00e9p\u00eaches et de visuels AFP. A eux [&hellip;]<\/p>\n","protected":false},"author":1,"featured_media":240,"parent":742,"menu_order":0,"comment_status":"closed","ping_status":"closed","template":"","meta":{"ngg_post_thumbnail":0,"footnotes":""},"categories":[14,16],"tags":[],"class_list":{"0":"post-242","1":"page","2":"type-page","3":"status-publish","4":"has-post-thumbnail","6":"category-pedagogie","7":"category-realisation","8":"czr-hentry"},"_links":{"self":[{"href":"http:\/\/www.college-wallon-ivry.fr\/index.php\/wp-json\/wp\/v2\/pages\/242","targetHints":{"allow":["GET"]}}],"collection":[{"href":"http:\/\/www.college-wallon-ivry.fr\/index.php\/wp-json\/wp\/v2\/pages"}],"about":[{"href":"http:\/\/www.college-wallon-ivry.fr\/index.php\/wp-json\/wp\/v2\/types\/page"}],"author":[{"embeddable":true,"href":"http:\/\/www.college-wallon-ivry.fr\/index.php\/wp-json\/wp\/v2\/users\/1"}],"replies":[{"embeddable":true,"href":"http:\/\/www.college-wallon-ivry.fr\/index.php\/wp-json\/wp\/v2\/comments?post=242"}],"version-history":[{"count":2,"href":"http:\/\/www.college-wallon-ivry.fr\/index.php\/wp-json\/wp\/v2\/pages\/242\/revisions"}],"predecessor-version":[{"id":370,"href":"http:\/\/www.college-wallon-ivry.fr\/index.php\/wp-json\/wp\/v2\/pages\/242\/revisions\/370"}],"up":[{"embeddable":true,"href":"http:\/\/www.college-wallon-ivry.fr\/index.php\/wp-json\/wp\/v2\/pages\/742"}],"wp:featuredmedia":[{"embeddable":true,"href":"http:\/\/www.college-wallon-ivry.fr\/index.php\/wp-json\/wp\/v2\/media\/240"}],"wp:attachment":[{"href":"http:\/\/www.college-wallon-ivry.fr\/index.php\/wp-json\/wp\/v2\/media?parent=242"}],"wp:term":[{"taxonomy":"category","embeddable":true,"href":"http:\/\/www.college-wallon-ivry.fr\/index.php\/wp-json\/wp\/v2\/categories?post=242"},{"taxonomy":"post_tag","embeddable":true,"href":"http:\/\/www.college-wallon-ivry.fr\/index.php\/wp-json\/wp\/v2\/tags?post=242"}],"curies":[{"name":"wp","href":"https:\/\/api.w.org\/{rel}","templated":true}]}}