{"id":73,"date":"2017-03-18T18:20:57","date_gmt":"2017-03-18T17:20:57","guid":{"rendered":"http:\/\/college-wallon-ivry.fr\/?page_id=73"},"modified":"2020-09-04T22:17:53","modified_gmt":"2020-09-04T20:17:53","slug":"padlet","status":"publish","type":"page","link":"http:\/\/www.college-wallon-ivry.fr\/index.php\/liens-utiles\/padlet\/","title":{"rendered":"Pronote parents"},"content":{"rendered":"<div id=\"pl-73\"  class=\"panel-layout\" ><div id=\"pg-73-0\"  class=\"panel-grid panel-no-style\" ><div id=\"pgc-73-0-0\"  class=\"panel-grid-cell\" ><div id=\"panel-73-0-0-0\" class=\"so-panel widget widget_sow-button panel-first-child panel-last-child\" data-index=\"0\" ><div\n\t\t\t\n\t\t\tclass=\"so-widget-sow-button so-widget-sow-button-atom-bcf782696933-73\"\n\t\t\t\n\t\t><div class=\"ow-button-base ow-button-align-center\"\n>\n\t\t\t<a\n\t\t\t\t\thref=\"https:\/\/www.college-wallon-ivry.fr\/\"\n\t\t\t\t\tclass=\"sowb-button ow-icon-placement-left ow-button-hover\" \t>\n\t\t<span>\n\t\t\t\n\t\t\tAccueil du site du coll\u00e8ge : actualit\u00e9s, sorties, dates importantes, r\u00e9sultats AS...\t\t<\/span>\n\t\t\t<\/a>\n\t<\/div>\n<\/div><\/div><\/div><\/div><div id=\"pg-73-1\"  class=\"panel-grid panel-no-style\" ><div id=\"pgc-73-1-0\"  class=\"panel-grid-cell\" ><div id=\"panel-73-1-0-0\" class=\"so-panel widget widget_sow-image panel-first-child\" data-index=\"1\" ><div class=\"panel-widget-style panel-widget-style-for-73-1-0-0\" ><div\n\t\t\t\n\t\t\tclass=\"so-widget-sow-image so-widget-sow-image-default-c67d20f9f743-73\"\n\t\t\t\n\t\t>\n<div class=\"sow-image-container\">\n\t\t\t<a href=\"https:\/\/0941781a.index-education.net\/pronote\/parent.html\"\n\t\t\t\t\t>\n\t\t\t<img \n\tsrc=\"http:\/\/www.college-wallon-ivry.fr\/wp-content\/uploads\/2017\/03\/PRONOTE-EspaceParents.png\" width=\"150\" height=\"105\" sizes=\"(max-width: 150px) 100vw, 150px\" title=\"Pronote pour les parents\" alt=\"\" \t\tclass=\"so-widget-image\"\/>\n\t\t\t<\/a><\/div>\n\n<\/div><\/div><\/div><div id=\"panel-73-1-0-1\" class=\"so-panel widget widget_sow-button panel-last-child\" data-index=\"2\" ><div\n\t\t\t\n\t\t\tclass=\"so-widget-sow-button so-widget-sow-button-wire-3dc300127561-73\"\n\t\t\t\n\t\t><div class=\"ow-button-base ow-button-align-center\"\n>\n\t\t\t<a\n\t\t\t\t\thref=\"https:\/\/0941781a.index-education.net\/pronote\/parent.html\"\n\t\t\t\t\tclass=\"sowb-button ow-icon-placement-left ow-button-hover\" \t>\n\t\t<span>\n\t\t\t\n\t\t\tPronote pour les parents\t\t<\/span>\n\t\t\t<\/a>\n\t<\/div>\n<\/div><\/div><\/div><\/div><\/div><h3>Images li\u00e9es:<\/h3>","protected":false},"excerpt":{"rendered":"<p>Accueil du site du coll\u00e8ge : actualit\u00e9s, sorties, dates importantes, r\u00e9sultats AS&#8230; Pronote pour les parents Images li\u00e9es:<\/p>\n","protected":false},"author":1,"featured_media":0,"parent":69,"menu_order":0,"comment_status":"closed","ping_status":"closed","template":"","meta":{"ngg_post_thumbnail":0,"footnotes":""},"categories":[41,42],"tags":[],"class_list":{"0":"post-73","1":"page","2":"type-page","3":"status-publish","5":"category-parents","6":"category-suivi-scolarite","7":"czr-hentry"},"_links":{"self":[{"href":"http:\/\/www.college-wallon-ivry.fr\/index.php\/wp-json\/wp\/v2\/pages\/73","targetHints":{"allow":["GET"]}}],"collection":[{"href":"http:\/\/www.college-wallon-ivry.fr\/index.php\/wp-json\/wp\/v2\/pages"}],"about":[{"href":"http:\/\/www.college-wallon-ivry.fr\/index.php\/wp-json\/wp\/v2\/types\/page"}],"author":[{"embeddable":true,"href":"http:\/\/www.college-wallon-ivry.fr\/index.php\/wp-json\/wp\/v2\/users\/1"}],"replies":[{"embeddable":true,"href":"http:\/\/www.college-wallon-ivry.fr\/index.php\/wp-json\/wp\/v2\/comments?post=73"}],"version-history":[{"count":26,"href":"http:\/\/www.college-wallon-ivry.fr\/index.php\/wp-json\/wp\/v2\/pages\/73\/revisions"}],"predecessor-version":[{"id":10519,"href":"http:\/\/www.college-wallon-ivry.fr\/index.php\/wp-json\/wp\/v2\/pages\/73\/revisions\/10519"}],"up":[{"embeddable":true,"href":"http:\/\/www.college-wallon-ivry.fr\/index.php\/wp-json\/wp\/v2\/pages\/69"}],"wp:attachment":[{"href":"http:\/\/www.college-wallon-ivry.fr\/index.php\/wp-json\/wp\/v2\/media?parent=73"}],"wp:term":[{"taxonomy":"category","embeddable":true,"href":"http:\/\/www.college-wallon-ivry.fr\/index.php\/wp-json\/wp\/v2\/categories?post=73"},{"taxonomy":"post_tag","embeddable":true,"href":"http:\/\/www.college-wallon-ivry.fr\/index.php\/wp-json\/wp\/v2\/tags?post=73"}],"curies":[{"name":"wp","href":"https:\/\/api.w.org\/{rel}","templated":true}]}}