{"id":748,"date":"2017-09-05T22:51:35","date_gmt":"2017-09-05T20:51:35","guid":{"rendered":"http:\/\/www.college-wallon-ivry.fr\/?page_id=748"},"modified":"2017-11-13T21:17:56","modified_gmt":"2017-11-13T20:17:56","slug":"handball","status":"publish","type":"page","link":"http:\/\/www.college-wallon-ivry.fr\/index.php\/les-associations-sportives\/handball\/","title":{"rendered":"Handball"},"content":{"rendered":"<ul>\n<li>\n<h2><a href=\"http:\/\/www.college-wallon-ivry.fr\/index.php\/vie-scolaire\/les-associations-sportives\/handball\/les-equipes\/\">\u00a0Les \u00e9quipes<\/a><\/h2>\n<\/li>\n<li>\n<h2><a href=\"http:\/\/www.college-wallon-ivry.fr\/index.php\/vie-scolaire\/les-associations-sportives\/handball\/as-competition-resultats\/\">Comp\u00e9titions &amp; r\u00e9sultats<\/a><\/h2>\n<\/li>\n<li>\n<h2><a href=\"http:\/\/www.college-wallon-ivry.fr\/index.php\/vie-scolaire\/les-associations-sportives\/handball\/evenements\/\"><span style=\"color: #0088cc;\">evenements<\/span><\/a><\/h2>\n<\/li>\n<\/ul>\n<h3>Images li\u00e9es:<\/h3>","protected":false},"excerpt":{"rendered":"<p>\u00a0Les \u00e9quipes Comp\u00e9titions &amp; r\u00e9sultats evenements Images li\u00e9es:<\/p>\n","protected":false},"author":1,"featured_media":0,"parent":56,"menu_order":0,"comment_status":"closed","ping_status":"closed","template":"","meta":{"ngg_post_thumbnail":0,"footnotes":""},"categories":[],"tags":[],"class_list":["post-748","page","type-page","status-publish","czr-hentry"],"_links":{"self":[{"href":"http:\/\/www.college-wallon-ivry.fr\/index.php\/wp-json\/wp\/v2\/pages\/748","targetHints":{"allow":["GET"]}}],"collection":[{"href":"http:\/\/www.college-wallon-ivry.fr\/index.php\/wp-json\/wp\/v2\/pages"}],"about":[{"href":"http:\/\/www.college-wallon-ivry.fr\/index.php\/wp-json\/wp\/v2\/types\/page"}],"author":[{"embeddable":true,"href":"http:\/\/www.college-wallon-ivry.fr\/index.php\/wp-json\/wp\/v2\/users\/1"}],"replies":[{"embeddable":true,"href":"http:\/\/www.college-wallon-ivry.fr\/index.php\/wp-json\/wp\/v2\/comments?post=748"}],"version-history":[{"count":8,"href":"http:\/\/www.college-wallon-ivry.fr\/index.php\/wp-json\/wp\/v2\/pages\/748\/revisions"}],"predecessor-version":[{"id":822,"href":"http:\/\/www.college-wallon-ivry.fr\/index.php\/wp-json\/wp\/v2\/pages\/748\/revisions\/822"}],"up":[{"embeddable":true,"href":"http:\/\/www.college-wallon-ivry.fr\/index.php\/wp-json\/wp\/v2\/pages\/56"}],"wp:attachment":[{"href":"http:\/\/www.college-wallon-ivry.fr\/index.php\/wp-json\/wp\/v2\/media?parent=748"}],"wp:term":[{"taxonomy":"category","embeddable":true,"href":"http:\/\/www.college-wallon-ivry.fr\/index.php\/wp-json\/wp\/v2\/categories?post=748"},{"taxonomy":"post_tag","embeddable":true,"href":"http:\/\/www.college-wallon-ivry.fr\/index.php\/wp-json\/wp\/v2\/tags?post=748"}],"curies":[{"name":"wp","href":"https:\/\/api.w.org\/{rel}","templated":true}]}}