{"id":864,"date":"2017-10-12T21:34:45","date_gmt":"2017-10-12T19:34:45","guid":{"rendered":"http:\/\/www.college-wallon-ivry.fr\/?page_id=864"},"modified":"2019-03-10T23:24:05","modified_gmt":"2019-03-10T22:24:05","slug":"les-equipes","status":"publish","type":"page","link":"http:\/\/www.college-wallon-ivry.fr\/index.php\/la-section-handball\/les-equipes\/","title":{"rendered":"Les \u00e9quipes 2018\/2019"},"content":{"rendered":"<div id=\"pl-864\"  class=\"panel-layout\" ><div id=\"pg-864-0\"  class=\"panel-grid panel-no-style\" ><div id=\"pgc-864-0-0\"  class=\"panel-grid-cell\" ><div id=\"panel-864-0-0-0\" class=\"so-panel widget widget_sow-editor panel-first-child panel-last-child\" data-index=\"0\" ><div\n\t\t\t\n\t\t\tclass=\"so-widget-sow-editor so-widget-sow-editor-base\"\n\t\t\t\n\t\t>\n<div class=\"siteorigin-widget-tinymce textwidget\">\n\t<h2><span style=\"color: #0088cc;\">Ann\u00e9e 2018\/2019<\/span><\/h2>\n<\/div>\n<\/div><\/div><\/div><\/div><div id=\"pg-864-1\"  class=\"panel-grid panel-has-style\" ><div class=\"panel-row-style panel-row-style-for-864-1\" ><div id=\"pgc-864-1-0\"  class=\"panel-grid-cell\" ><div id=\"panel-864-1-0-0\" class=\"so-panel widget widget_sow-editor panel-first-child panel-last-child\" data-index=\"1\" ><div\n\t\t\t\n\t\t\tclass=\"so-widget-sow-editor so-widget-sow-editor-base\"\n\t\t\t\n\t\t>\n<div class=\"siteorigin-widget-tinymce textwidget\">\n\t<h2><strong>Equipe minimes gar\u00e7ons<\/strong><\/h2>\n<p>&nbsp;<\/p>\n<h4>--&gt; lien vers les r\u00e9sultats<\/h4>\n<\/div>\n<\/div><\/div><\/div><div id=\"pgc-864-1-1\"  class=\"panel-grid-cell\" ><div id=\"panel-864-1-1-0\" class=\"so-panel widget widget_sow-image panel-first-child panel-last-child\" data-index=\"2\" ><div\n\t\t\t\n\t\t\tclass=\"so-widget-sow-image so-widget-sow-image-default-c67d20f9f743-864\"\n\t\t\t\n\t\t>\n<div class=\"sow-image-container\">\n\t\t\t<a href=\"http:\/\/www.college-wallon-ivry.fr\/wp-content\/uploads\/2019\/02\/IMG_20190219_160114.jpg\"\n\t\t\t\t\t>\n\t\t\t<img \n\tsrc=\"http:\/\/www.college-wallon-ivry.fr\/wp-content\/uploads\/2019\/02\/IMG_20190219_160114-300x225.jpg\" width=\"300\" height=\"225\" srcset=\"http:\/\/www.college-wallon-ivry.fr\/wp-content\/uploads\/2019\/02\/IMG_20190219_160114-300x225.jpg 300w, http:\/\/www.college-wallon-ivry.fr\/wp-content\/uploads\/2019\/02\/IMG_20190219_160114-768x576.jpg 768w, http:\/\/www.college-wallon-ivry.fr\/wp-content\/uploads\/2019\/02\/IMG_20190219_160114-1024x768.jpg 1024w, http:\/\/www.college-wallon-ivry.fr\/wp-content\/uploads\/2019\/02\/IMG_20190219_160114-400x300.jpg 400w\" sizes=\"(max-width: 300px) 100vw, 300px\" title=\"dav\" alt=\"\" \t\tclass=\"so-widget-image\"\/>\n\t\t\t<\/a><\/div>\n\n<\/div><\/div><\/div><\/div><\/div><div id=\"pg-864-2\"  class=\"panel-grid panel-no-style\" ><div id=\"pgc-864-2-0\"  class=\"panel-grid-cell\" ><div id=\"panel-864-2-0-0\" class=\"so-panel widget widget_siteorigin-panels-builder panel-first-child panel-last-child\" data-index=\"3\" ><div class=\"panel-widget-style panel-widget-style-for-864-2-0-0\" ><div id=\"pl-w5c6034b85a32a\"  class=\"panel-layout\" ><div id=\"pg-w5c6034b85a32a-0\"  class=\"panel-grid panel-no-style\" ><div id=\"pgc-w5c6034b85a32a-0-0\"  class=\"panel-grid-cell\" ><div id=\"panel-w5c6034b85a32a-0-0-0\" class=\"so-panel widget widget_sow-editor panel-first-child panel-last-child\" data-index=\"0\" ><div\n\t\t\t\n\t\t\tclass=\"so-widget-sow-editor so-widget-sow-editor-base\"\n\t\t\t\n\t\t>\n<div class=\"siteorigin-widget-tinymce textwidget\">\n\t<h2><strong>Equipe benjamins gar\u00e7ons<\/strong><\/h2>\n<p>&nbsp;<\/p>\n<h4>--&gt; lien vers les r\u00e9sultats<\/h4>\n<\/div>\n<\/div><\/div><\/div><div id=\"pgc-w5c6034b85a32a-0-1\"  class=\"panel-grid-cell\" ><div id=\"panel-w5c6034b85a32a-0-1-0\" class=\"so-panel widget widget_sow-image panel-first-child panel-last-child\" data-index=\"1\" ><div\n\t\t\t\n\t\t\tclass=\"so-widget-sow-image so-widget-sow-image-default-c67d20f9f743\"\n\t\t\t\n\t\t>\n<div class=\"sow-image-container\">\n\t\t\t<a href=\"http:\/\/www.college-wallon-ivry.fr\/wp-content\/uploads\/2019\/02\/IMG_20190117_173020.jpg\"\n\t\t\t\t\t>\n\t\t\t<img \n\tsrc=\"http:\/\/www.college-wallon-ivry.fr\/wp-content\/uploads\/2019\/02\/IMG_20190117_173020-300x225.jpg\" width=\"300\" height=\"225\" srcset=\"http:\/\/www.college-wallon-ivry.fr\/wp-content\/uploads\/2019\/02\/IMG_20190117_173020-300x225.jpg 300w, http:\/\/www.college-wallon-ivry.fr\/wp-content\/uploads\/2019\/02\/IMG_20190117_173020-768x576.jpg 768w, http:\/\/www.college-wallon-ivry.fr\/wp-content\/uploads\/2019\/02\/IMG_20190117_173020-1024x768.jpg 1024w, http:\/\/www.college-wallon-ivry.fr\/wp-content\/uploads\/2019\/02\/IMG_20190117_173020-400x300.jpg 400w\" sizes=\"(max-width: 300px) 100vw, 300px\" title=\"dav\" alt=\"\" \t\tclass=\"so-widget-image\"\/>\n\t\t\t<\/a><\/div>\n\n<\/div><\/div><\/div><\/div><div id=\"pg-w5c6034b85a32a-1\"  class=\"panel-grid panel-no-style\" ><div id=\"pgc-w5c6034b85a32a-1-0\"  class=\"panel-grid-cell\" ><div id=\"panel-w5c6034b85a32a-1-0-0\" class=\"so-panel widget widget_sow-editor panel-first-child\" data-index=\"2\" ><div class=\"panel-widget-style panel-widget-style-for-w5c6034b85a32a-1-0-0\" ><div\n\t\t\t\n\t\t\tclass=\"so-widget-sow-editor so-widget-sow-editor-base\"\n\t\t\t\n\t\t>\n<div class=\"siteorigin-widget-tinymce textwidget\">\n\t<h6><a href=\"http:\/\/www.college-wallon-ivry.fr\/wp-content\/uploads\/2019\/02\/IMG_20190124_160326.jpg\"><img loading=\"lazy\" decoding=\"async\" class=\"aligncenter wp-image-5919 size-thumbnail\" src=\"http:\/\/www.college-wallon-ivry.fr\/wp-content\/uploads\/2019\/02\/IMG_20190124_160326-150x150.jpg\" alt=\"\" width=\"150\" height=\"150\" srcset=\"http:\/\/www.college-wallon-ivry.fr\/wp-content\/uploads\/2019\/02\/IMG_20190124_160326-150x150.jpg 150w, http:\/\/www.college-wallon-ivry.fr\/wp-content\/uploads\/2019\/02\/IMG_20190124_160326-200x200.jpg 200w\" sizes=\"auto, (max-width: 150px) 100vw, 150px\" \/><\/a>Nom : Yanis DRIAS<br \/>\nClasse : 6\u00b02<br \/>\nTaille : 1,49m<br \/>\nJouer pr\u00e9f\u00e9r\u00e9 : Thierry OMEYER<\/h6>\n<\/div>\n<\/div><\/div><\/div><div id=\"panel-w5c6034b85a32a-1-0-1\" class=\"so-panel widget widget_sow-editor\" data-index=\"3\" ><div class=\"panel-widget-style panel-widget-style-for-w5c6034b85a32a-1-0-1\" ><div\n\t\t\t\n\t\t\tclass=\"so-widget-sow-editor so-widget-sow-editor-base\"\n\t\t\t\n\t\t>\n<div class=\"siteorigin-widget-tinymce textwidget\">\n\t<p><a href=\"http:\/\/www.college-wallon-ivry.fr\/wp-content\/uploads\/2019\/02\/IMG_20190131_155948.jpg\"><img loading=\"lazy\" decoding=\"async\" class=\"aligncenter wp-image-5930 size-thumbnail\" src=\"http:\/\/www.college-wallon-ivry.fr\/wp-content\/uploads\/2019\/02\/IMG_20190131_155948-150x150.jpg\" alt=\"\" width=\"150\" height=\"150\" srcset=\"http:\/\/www.college-wallon-ivry.fr\/wp-content\/uploads\/2019\/02\/IMG_20190131_155948-150x150.jpg 150w, http:\/\/www.college-wallon-ivry.fr\/wp-content\/uploads\/2019\/02\/IMG_20190131_155948-200x200.jpg 200w\" sizes=\"auto, (max-width: 150px) 100vw, 150px\" \/><\/a><\/p>\n<h6>Nom : Jean-Quenner GUERRIER<br \/>\nClasse : 6\u00b01<br \/>\nTaille : 1,65M<br \/>\nJoueur pr\u00e9f\u00e9r\u00e9:Walid BADI(USI)<\/h6>\n<\/div>\n<\/div><\/div><\/div><div id=\"panel-w5c6034b85a32a-1-0-2\" class=\"so-panel widget widget_sow-editor\" data-index=\"4\" ><div class=\"panel-widget-style panel-widget-style-for-w5c6034b85a32a-1-0-2\" ><div\n\t\t\t\n\t\t\tclass=\"so-widget-sow-editor so-widget-sow-editor-base\"\n\t\t\t\n\t\t>\n<div class=\"siteorigin-widget-tinymce textwidget\">\n\t<p><a href=\"http:\/\/www.college-wallon-ivry.fr\/wp-content\/uploads\/2019\/02\/IMG_20190131_160023.jpg\"><img loading=\"lazy\" decoding=\"async\" class=\"aligncenter wp-image-5931 size-thumbnail\" src=\"http:\/\/www.college-wallon-ivry.fr\/wp-content\/uploads\/2019\/02\/IMG_20190131_160023-150x150.jpg\" alt=\"\" width=\"150\" height=\"150\" srcset=\"http:\/\/www.college-wallon-ivry.fr\/wp-content\/uploads\/2019\/02\/IMG_20190131_160023-150x150.jpg 150w, http:\/\/www.college-wallon-ivry.fr\/wp-content\/uploads\/2019\/02\/IMG_20190131_160023-200x200.jpg 200w\" sizes=\"auto, (max-width: 150px) 100vw, 150px\" \/><\/a><\/p>\n<h6>Nom : Alister WASALIDA<br \/>\nClasse : 5\u00b01<br \/>\nTaille : 1,64m<br \/>\nJoueur pr\u00e9f\u00e9r\u00e9 : Walid BADI(USI)<\/h6>\n<\/div>\n<\/div><\/div><\/div><div id=\"panel-w5c6034b85a32a-1-0-3\" class=\"so-panel widget widget_sow-editor panel-last-child\" data-index=\"5\" ><div class=\"panel-widget-style panel-widget-style-for-w5c6034b85a32a-1-0-3\" ><div\n\t\t\t\n\t\t\tclass=\"so-widget-sow-editor so-widget-sow-editor-base\"\n\t\t\t\n\t\t>\n<div class=\"siteorigin-widget-tinymce textwidget\">\n\t<p><a href=\"http:\/\/www.college-wallon-ivry.fr\/wp-content\/uploads\/2019\/02\/IMG_20190131_155933.jpg\"><img loading=\"lazy\" decoding=\"async\" class=\"aligncenter wp-image-5929 size-thumbnail\" src=\"http:\/\/www.college-wallon-ivry.fr\/wp-content\/uploads\/2019\/02\/IMG_20190131_155933-150x150.jpg\" alt=\"\" width=\"150\" height=\"150\" srcset=\"http:\/\/www.college-wallon-ivry.fr\/wp-content\/uploads\/2019\/02\/IMG_20190131_155933-150x150.jpg 150w, http:\/\/www.college-wallon-ivry.fr\/wp-content\/uploads\/2019\/02\/IMG_20190131_155933-200x200.jpg 200w\" sizes=\"auto, (max-width: 150px) 100vw, 150px\" \/><\/a><\/p>\n<h6>Nom : Alexis THAPHAENGHAN<br \/>\nClasse : 5\u00b01<br \/>\nTaille : 1,44m<\/h6>\n<\/div>\n<\/div><\/div><\/div><\/div><div id=\"pgc-w5c6034b85a32a-1-1\"  class=\"panel-grid-cell\" ><div id=\"panel-w5c6034b85a32a-1-1-0\" class=\"so-panel widget widget_sow-editor panel-first-child\" data-index=\"6\" ><div class=\"panel-widget-style panel-widget-style-for-w5c6034b85a32a-1-1-0\" ><div\n\t\t\t\n\t\t\tclass=\"so-widget-sow-editor so-widget-sow-editor-base\"\n\t\t\t\n\t\t>\n<div class=\"siteorigin-widget-tinymce textwidget\">\n\t<h6><a href=\"http:\/\/www.college-wallon-ivry.fr\/wp-content\/uploads\/2019\/02\/IMG_20190124_160101.jpg\"><img loading=\"lazy\" decoding=\"async\" class=\"aligncenter wp-image-5920 size-thumbnail\" src=\"http:\/\/www.college-wallon-ivry.fr\/wp-content\/uploads\/2019\/02\/IMG_20190124_160101-150x150.jpg\" alt=\"\" width=\"150\" height=\"150\" srcset=\"http:\/\/www.college-wallon-ivry.fr\/wp-content\/uploads\/2019\/02\/IMG_20190124_160101-150x150.jpg 150w, http:\/\/www.college-wallon-ivry.fr\/wp-content\/uploads\/2019\/02\/IMG_20190124_160101-200x200.jpg 200w\" sizes=\"auto, (max-width: 150px) 100vw, 150px\" \/><\/a>Nom : Jean-Mayeck<br \/>\nClasse : 6\u00b01<br \/>\nTaille : 1,73m<br \/>\nJoueur pr\u00e9f\u00e9r\u00e9 : Nikola Karabatic<\/h6>\n<\/div>\n<\/div><\/div><\/div><div id=\"panel-w5c6034b85a32a-1-1-1\" class=\"so-panel widget widget_sow-editor\" data-index=\"7\" ><div class=\"panel-widget-style panel-widget-style-for-w5c6034b85a32a-1-1-1\" ><div\n\t\t\t\n\t\t\tclass=\"so-widget-sow-editor so-widget-sow-editor-base\"\n\t\t\t\n\t\t>\n<div class=\"siteorigin-widget-tinymce textwidget\">\n\t<p><a href=\"http:\/\/www.college-wallon-ivry.fr\/wp-content\/uploads\/2019\/02\/IMG_20190131_155839.jpg\"><img loading=\"lazy\" decoding=\"async\" class=\"aligncenter wp-image-5926 size-thumbnail\" src=\"http:\/\/www.college-wallon-ivry.fr\/wp-content\/uploads\/2019\/02\/IMG_20190131_155839-150x150.jpg\" alt=\"\" width=\"150\" height=\"150\" srcset=\"http:\/\/www.college-wallon-ivry.fr\/wp-content\/uploads\/2019\/02\/IMG_20190131_155839-150x150.jpg 150w, http:\/\/www.college-wallon-ivry.fr\/wp-content\/uploads\/2019\/02\/IMG_20190131_155839-200x200.jpg 200w\" sizes=\"auto, (max-width: 150px) 100vw, 150px\" \/><\/a><\/p>\n<h6>Nom : Enzo BAILLY<br \/>\nClasse : 6\u00b01<br \/>\nTaille : 1,35m<br \/>\nJoueur pr\u00e9f\u00e9r\u00e9 : Luc ABALO<\/h6>\n<\/div>\n<\/div><\/div><\/div><div id=\"panel-w5c6034b85a32a-1-1-2\" class=\"so-panel widget widget_sow-editor\" data-index=\"8\" ><div class=\"panel-widget-style panel-widget-style-for-w5c6034b85a32a-1-1-2\" ><div\n\t\t\t\n\t\t\tclass=\"so-widget-sow-editor so-widget-sow-editor-base\"\n\t\t\t\n\t\t>\n<div class=\"siteorigin-widget-tinymce textwidget\">\n\t<p><a href=\"http:\/\/www.college-wallon-ivry.fr\/wp-content\/uploads\/2019\/02\/IMG_20190131_155918.jpg\"><img loading=\"lazy\" decoding=\"async\" class=\"aligncenter wp-image-5928 size-thumbnail\" src=\"http:\/\/www.college-wallon-ivry.fr\/wp-content\/uploads\/2019\/02\/IMG_20190131_155918-150x150.jpg\" alt=\"\" width=\"150\" height=\"150\" srcset=\"http:\/\/www.college-wallon-ivry.fr\/wp-content\/uploads\/2019\/02\/IMG_20190131_155918-150x150.jpg 150w, http:\/\/www.college-wallon-ivry.fr\/wp-content\/uploads\/2019\/02\/IMG_20190131_155918-200x200.jpg 200w\" sizes=\"auto, (max-width: 150px) 100vw, 150px\" \/><\/a><\/p>\n<h6>Nom : Abel DUPLESSIS<br \/>\nClasse : 5\u00b01<br \/>\nTaille : 1,65m<br \/>\nJoueur pr\u00e9f\u00e9r\u00e9 : Luc ABALO<\/h6>\n<\/div>\n<\/div><\/div><\/div><div id=\"panel-w5c6034b85a32a-1-1-3\" class=\"so-panel widget widget_sow-editor panel-last-child\" data-index=\"9\" ><div class=\"panel-widget-style panel-widget-style-for-w5c6034b85a32a-1-1-3\" ><div\n\t\t\t\n\t\t\tclass=\"so-widget-sow-editor so-widget-sow-editor-base\"\n\t\t\t\n\t\t>\n<div class=\"siteorigin-widget-tinymce textwidget\">\n\t<p><a href=\"http:\/\/www.college-wallon-ivry.fr\/wp-content\/uploads\/2019\/02\/IMG_20190124_160251.jpg\"><img loading=\"lazy\" decoding=\"async\" class=\"aligncenter wp-image-5923 size-thumbnail\" src=\"http:\/\/www.college-wallon-ivry.fr\/wp-content\/uploads\/2019\/02\/IMG_20190124_160251-150x150.jpg\" alt=\"\" width=\"150\" height=\"150\" srcset=\"http:\/\/www.college-wallon-ivry.fr\/wp-content\/uploads\/2019\/02\/IMG_20190124_160251-150x150.jpg 150w, http:\/\/www.college-wallon-ivry.fr\/wp-content\/uploads\/2019\/02\/IMG_20190124_160251-200x200.jpg 200w\" sizes=\"auto, (max-width: 150px) 100vw, 150px\" \/><\/a><\/p>\n<h6>Nom : Palaphon NABAMRUNG<br \/>\nClasse : 5\u00b03<br \/>\nTaille : 1,60m<\/h6>\n<\/div>\n<\/div><\/div><\/div><\/div><div id=\"pgc-w5c6034b85a32a-1-2\"  class=\"panel-grid-cell\" ><div id=\"panel-w5c6034b85a32a-1-2-0\" class=\"so-panel widget widget_sow-editor panel-first-child\" data-index=\"10\" ><div class=\"panel-widget-style panel-widget-style-for-w5c6034b85a32a-1-2-0\" ><div\n\t\t\t\n\t\t\tclass=\"so-widget-sow-editor so-widget-sow-editor-base\"\n\t\t\t\n\t\t>\n<div class=\"siteorigin-widget-tinymce textwidget\">\n\t<h6><a href=\"http:\/\/www.college-wallon-ivry.fr\/wp-content\/uploads\/2019\/02\/IMG_20190124_160149.jpg\"><img loading=\"lazy\" decoding=\"async\" class=\"aligncenter wp-image-5921 size-thumbnail\" src=\"http:\/\/www.college-wallon-ivry.fr\/wp-content\/uploads\/2019\/02\/IMG_20190124_160149-150x150.jpg\" alt=\"\" width=\"150\" height=\"150\" srcset=\"http:\/\/www.college-wallon-ivry.fr\/wp-content\/uploads\/2019\/02\/IMG_20190124_160149-150x150.jpg 150w, http:\/\/www.college-wallon-ivry.fr\/wp-content\/uploads\/2019\/02\/IMG_20190124_160149-200x200.jpg 200w\" sizes=\"auto, (max-width: 150px) 100vw, 150px\" \/><\/a>Nom : Victor XIN<br \/>\nClasse : 5\u00b02<br \/>\nTaille : 1,50m<br \/>\nJoueur pr\u00e9f\u00e9r\u00e9 : Luc ABALO<\/h6>\n<\/div>\n<\/div><\/div><\/div><div id=\"panel-w5c6034b85a32a-1-2-1\" class=\"so-panel widget widget_sow-editor\" data-index=\"11\" ><div class=\"panel-widget-style panel-widget-style-for-w5c6034b85a32a-1-2-1\" ><div\n\t\t\t\n\t\t\tclass=\"so-widget-sow-editor so-widget-sow-editor-base\"\n\t\t\t\n\t\t>\n<div class=\"siteorigin-widget-tinymce textwidget\">\n\t<p><a href=\"http:\/\/www.college-wallon-ivry.fr\/wp-content\/uploads\/2019\/02\/IMG_20190131_160132.jpg\"><img loading=\"lazy\" decoding=\"async\" class=\"aligncenter wp-image-5925 size-thumbnail\" src=\"http:\/\/www.college-wallon-ivry.fr\/wp-content\/uploads\/2019\/02\/IMG_20190131_160132-150x150.jpg\" alt=\"\" width=\"150\" height=\"150\" srcset=\"http:\/\/www.college-wallon-ivry.fr\/wp-content\/uploads\/2019\/02\/IMG_20190131_160132-150x150.jpg 150w, http:\/\/www.college-wallon-ivry.fr\/wp-content\/uploads\/2019\/02\/IMG_20190131_160132-200x200.jpg 200w\" sizes=\"auto, (max-width: 150px) 100vw, 150px\" \/><\/a><\/p>\n<h6>Nom : Pierrick MEVEL<br \/>\nClasse : 5\u00b01<br \/>\nTaille : 1,44m<br \/>\nJoueur:Matthieu BATAILLE (USI)<\/h6>\n<\/div>\n<\/div><\/div><\/div><div id=\"panel-w5c6034b85a32a-1-2-2\" class=\"so-panel widget widget_sow-editor\" data-index=\"12\" ><div class=\"panel-widget-style panel-widget-style-for-w5c6034b85a32a-1-2-2\" ><div\n\t\t\t\n\t\t\tclass=\"so-widget-sow-editor so-widget-sow-editor-base\"\n\t\t\t\n\t\t>\n<div class=\"siteorigin-widget-tinymce textwidget\">\n\t<p><a href=\"http:\/\/www.college-wallon-ivry.fr\/wp-content\/uploads\/2019\/02\/IMG_20190124_160458.jpg\"><img loading=\"lazy\" decoding=\"async\" class=\"aligncenter wp-image-5963 size-thumbnail\" src=\"http:\/\/www.college-wallon-ivry.fr\/wp-content\/uploads\/2019\/02\/IMG_20190124_160458-150x150.jpg\" alt=\"\" width=\"150\" height=\"150\" srcset=\"http:\/\/www.college-wallon-ivry.fr\/wp-content\/uploads\/2019\/02\/IMG_20190124_160458-150x150.jpg 150w, http:\/\/www.college-wallon-ivry.fr\/wp-content\/uploads\/2019\/02\/IMG_20190124_160458-200x200.jpg 200w\" sizes=\"auto, (max-width: 150px) 100vw, 150px\" \/><\/a><\/p>\n<h6>Nom : Rhahim MATMATI<br \/>\nClasse : 5\u00b02<br \/>\nTaille: 1,70m<br \/>\nJoueur pr\u00e9f\u00e9r\u00e9 : BENALI(USI)<\/h6>\n<\/div>\n<\/div><\/div><\/div><div id=\"panel-w5c6034b85a32a-1-2-3\" class=\"so-panel widget widget_sow-editor panel-last-child\" data-index=\"13\" ><div class=\"panel-widget-style panel-widget-style-for-w5c6034b85a32a-1-2-3\" ><div\n\t\t\t\n\t\t\tclass=\"so-widget-sow-editor so-widget-sow-editor-base\"\n\t\t\t\n\t\t>\n<div class=\"siteorigin-widget-tinymce textwidget\">\n\t<p><a href=\"http:\/\/www.college-wallon-ivry.fr\/wp-content\/uploads\/2019\/02\/IMG_20190124_160310.jpg\"><img loading=\"lazy\" decoding=\"async\" class=\"aligncenter wp-image-5924 size-thumbnail\" src=\"http:\/\/www.college-wallon-ivry.fr\/wp-content\/uploads\/2019\/02\/IMG_20190124_160310-150x150.jpg\" alt=\"\" width=\"150\" height=\"150\" srcset=\"http:\/\/www.college-wallon-ivry.fr\/wp-content\/uploads\/2019\/02\/IMG_20190124_160310-150x150.jpg 150w, http:\/\/www.college-wallon-ivry.fr\/wp-content\/uploads\/2019\/02\/IMG_20190124_160310-200x200.jpg 200w\" sizes=\"auto, (max-width: 150px) 100vw, 150px\" \/><\/a><\/p>\n<h6>Nom : Enzo REA<br \/>\nClasse : 5\u00b01<br \/>\nTaille : 1,50m<\/h6>\n<\/div>\n<\/div><\/div><\/div><\/div><div id=\"pgc-w5c6034b85a32a-1-3\"  class=\"panel-grid-cell\" ><div id=\"panel-w5c6034b85a32a-1-3-0\" class=\"so-panel widget widget_sow-editor panel-first-child\" data-index=\"14\" ><div class=\"panel-widget-style panel-widget-style-for-w5c6034b85a32a-1-3-0\" ><div\n\t\t\t\n\t\t\tclass=\"so-widget-sow-editor so-widget-sow-editor-base\"\n\t\t\t\n\t\t>\n<div class=\"siteorigin-widget-tinymce textwidget\">\n\t<p><a href=\"http:\/\/www.college-wallon-ivry.fr\/wp-content\/uploads\/2019\/02\/IMG_20190124_160209.jpg\"><img loading=\"lazy\" decoding=\"async\" class=\"aligncenter wp-image-5922 size-thumbnail\" src=\"http:\/\/www.college-wallon-ivry.fr\/wp-content\/uploads\/2019\/02\/IMG_20190124_160209-150x150.jpg\" alt=\"\" width=\"150\" height=\"150\" srcset=\"http:\/\/www.college-wallon-ivry.fr\/wp-content\/uploads\/2019\/02\/IMG_20190124_160209-150x150.jpg 150w, http:\/\/www.college-wallon-ivry.fr\/wp-content\/uploads\/2019\/02\/IMG_20190124_160209-200x200.jpg 200w\" sizes=\"auto, (max-width: 150px) 100vw, 150px\" \/><\/a><\/p>\n<h6>Nom : Maxime GILLES<br \/>\nClasse : 5\u00b02<br \/>\nTaille : 1,64m<br \/>\nJoueur pr\u00e9f\u00e9r\u00e9 : Luc ABALO<\/h6>\n<\/div>\n<\/div><\/div><\/div><div id=\"panel-w5c6034b85a32a-1-3-1\" class=\"so-panel widget widget_sow-editor\" data-index=\"15\" ><div class=\"panel-widget-style panel-widget-style-for-w5c6034b85a32a-1-3-1\" ><div\n\t\t\t\n\t\t\tclass=\"so-widget-sow-editor so-widget-sow-editor-base\"\n\t\t\t\n\t\t>\n<div class=\"siteorigin-widget-tinymce textwidget\">\n\t<p><a href=\"http:\/\/www.college-wallon-ivry.fr\/wp-content\/uploads\/2019\/02\/IMG_20190131_155855.jpg\"><img loading=\"lazy\" decoding=\"async\" class=\"aligncenter wp-image-5927 size-thumbnail\" src=\"http:\/\/www.college-wallon-ivry.fr\/wp-content\/uploads\/2019\/02\/IMG_20190131_155855-150x150.jpg\" alt=\"\" width=\"150\" height=\"150\" srcset=\"http:\/\/www.college-wallon-ivry.fr\/wp-content\/uploads\/2019\/02\/IMG_20190131_155855-150x150.jpg 150w, http:\/\/www.college-wallon-ivry.fr\/wp-content\/uploads\/2019\/02\/IMG_20190131_155855-200x200.jpg 200w\" sizes=\"auto, (max-width: 150px) 100vw, 150px\" \/><\/a><\/p>\n<h6>Nom : Tito BATISTA<br \/>\nClasse : 6\u00b01<br \/>\nTaille : 1,61m<br \/>\nJoueur pr\u00e9f\u00e9r\u00e9 : Luc Abalo<\/h6>\n<\/div>\n<\/div><\/div><\/div><div id=\"panel-w5c6034b85a32a-1-3-2\" class=\"so-panel widget widget_sow-editor panel-last-child\" data-index=\"16\" ><div class=\"panel-widget-style panel-widget-style-for-w5c6034b85a32a-1-3-2\" ><div\n\t\t\t\n\t\t\tclass=\"so-widget-sow-editor so-widget-sow-editor-base\"\n\t\t\t\n\t\t>\n<div class=\"siteorigin-widget-tinymce textwidget\">\n\t<p><a href=\"http:\/\/www.college-wallon-ivry.fr\/wp-content\/uploads\/2019\/02\/IMG_20190124_160520.jpg\"><img loading=\"lazy\" decoding=\"async\" class=\"aligncenter wp-image-5964 size-thumbnail\" src=\"http:\/\/www.college-wallon-ivry.fr\/wp-content\/uploads\/2019\/02\/IMG_20190124_160520-150x150.jpg\" alt=\"\" width=\"150\" height=\"150\" srcset=\"http:\/\/www.college-wallon-ivry.fr\/wp-content\/uploads\/2019\/02\/IMG_20190124_160520-150x150.jpg 150w, http:\/\/www.college-wallon-ivry.fr\/wp-content\/uploads\/2019\/02\/IMG_20190124_160520-200x200.jpg 200w\" sizes=\"auto, (max-width: 150px) 100vw, 150px\" \/><\/a><\/p>\n<h6>Nom : Nathana\u00ebl LERONNE-DENECHERE<br \/>\nClasse : 6\u00b01<br \/>\nTaille : 1,56m<\/h6>\n<\/div>\n<\/div><\/div><\/div><\/div><\/div><\/div><\/div><\/div><\/div><\/div><div id=\"pg-864-3\"  class=\"panel-grid panel-no-style\" ><div id=\"pgc-864-3-0\"  class=\"panel-grid-cell\" ><div id=\"panel-864-3-0-0\" class=\"so-panel widget widget_sow-editor panel-first-child panel-last-child\" data-index=\"4\" ><div\n\t\t\t\n\t\t\tclass=\"so-widget-sow-editor so-widget-sow-editor-base\"\n\t\t\t\n\t\t>\n<div class=\"siteorigin-widget-tinymce textwidget\">\n\t<h2>Ann\u00e9e 2017\/2018<\/h2>\n<\/div>\n<\/div><\/div><\/div><\/div><div id=\"pg-864-4\"  class=\"panel-grid panel-no-style\" ><div id=\"pgc-864-4-0\"  class=\"panel-grid-cell\" ><div id=\"panel-864-4-0-0\" class=\"so-panel widget widget_sow-editor panel-first-child panel-last-child\" data-index=\"5\" ><div\n\t\t\t\n\t\t\tclass=\"so-widget-sow-editor so-widget-sow-editor-base\"\n\t\t\t\n\t\t>\n<div class=\"siteorigin-widget-tinymce textwidget\">\n\t<p>- Les Minimes gar\u00e7ons<\/p>\n<\/div>\n<\/div><\/div><\/div><div id=\"pgc-864-4-1\"  class=\"panel-grid-cell\" ><div id=\"panel-864-4-1-0\" class=\"so-panel widget widget_sow-image panel-first-child panel-last-child\" data-index=\"6\" ><div\n\t\t\t\n\t\t\tclass=\"so-widget-sow-image so-widget-sow-image-default-8b5b6f678277-864\"\n\t\t\t\n\t\t>\n<div class=\"sow-image-container\">\n\t\t\t<a href=\"http:\/\/www.college-wallon-ivry.fr\/wp-content\/uploads\/2018\/03\/Minimes-Gar\u00e7ons-section.jpg\"\n\t\t\t\t\t>\n\t\t\t<img \n\tsrc=\"http:\/\/www.college-wallon-ivry.fr\/wp-content\/uploads\/2018\/03\/Minimes-Gar\u00e7ons-section.jpg\" width=\"3264\" height=\"2448\" srcset=\"http:\/\/www.college-wallon-ivry.fr\/wp-content\/uploads\/2018\/03\/Minimes-Gar\u00e7ons-section.jpg 3264w, http:\/\/www.college-wallon-ivry.fr\/wp-content\/uploads\/2018\/03\/Minimes-Gar\u00e7ons-section-300x225.jpg 300w, http:\/\/www.college-wallon-ivry.fr\/wp-content\/uploads\/2018\/03\/Minimes-Gar\u00e7ons-section-768x576.jpg 768w, http:\/\/www.college-wallon-ivry.fr\/wp-content\/uploads\/2018\/03\/Minimes-Gar\u00e7ons-section-1024x768.jpg 1024w, http:\/\/www.college-wallon-ivry.fr\/wp-content\/uploads\/2018\/03\/Minimes-Gar\u00e7ons-section-400x300.jpg 400w\" sizes=\"(max-width: 3264px) 100vw, 3264px\" title=\"Minimes Gar\u00e7ons section\" alt=\"\" \t\tclass=\"so-widget-image\"\/>\n\t\t\t<\/a><\/div>\n\n<\/div><\/div><\/div><\/div><div id=\"pg-864-5\"  class=\"panel-grid panel-no-style\" ><div id=\"pgc-864-5-0\"  class=\"panel-grid-cell\" ><div id=\"panel-864-5-0-0\" class=\"so-panel widget widget_sow-editor panel-first-child panel-last-child\" data-index=\"7\" ><div\n\t\t\t\n\t\t\tclass=\"so-widget-sow-editor so-widget-sow-editor-base\"\n\t\t\t\n\t\t>\n<div class=\"siteorigin-widget-tinymce textwidget\">\n\t<p>Les Benjamins gar\u00e7ons<\/p>\n<\/div>\n<\/div><\/div><\/div><div id=\"pgc-864-5-1\"  class=\"panel-grid-cell\" ><div id=\"panel-864-5-1-0\" class=\"so-panel widget widget_sow-image panel-first-child panel-last-child\" data-index=\"8\" ><div\n\t\t\t\n\t\t\tclass=\"so-widget-sow-image so-widget-sow-image-default-8b5b6f678277-864\"\n\t\t\t\n\t\t>\n<div class=\"sow-image-container\">\n\t\t\t<a href=\"http:\/\/www.college-wallon-ivry.fr\/wp-content\/uploads\/2018\/03\/Benjamins-section.jpg\"\n\t\t\t\t\t>\n\t\t\t<img \n\tsrc=\"http:\/\/www.college-wallon-ivry.fr\/wp-content\/uploads\/2018\/03\/Benjamins-section.jpg\" width=\"3264\" height=\"2448\" srcset=\"http:\/\/www.college-wallon-ivry.fr\/wp-content\/uploads\/2018\/03\/Benjamins-section.jpg 3264w, http:\/\/www.college-wallon-ivry.fr\/wp-content\/uploads\/2018\/03\/Benjamins-section-300x225.jpg 300w, http:\/\/www.college-wallon-ivry.fr\/wp-content\/uploads\/2018\/03\/Benjamins-section-768x576.jpg 768w, http:\/\/www.college-wallon-ivry.fr\/wp-content\/uploads\/2018\/03\/Benjamins-section-1024x768.jpg 1024w, http:\/\/www.college-wallon-ivry.fr\/wp-content\/uploads\/2018\/03\/Benjamins-section-400x300.jpg 400w\" sizes=\"(max-width: 3264px) 100vw, 3264px\" title=\"Benjamins section\" alt=\"\" \t\tclass=\"so-widget-image\"\/>\n\t\t\t<\/a><\/div>\n\n<\/div><\/div><\/div><\/div><\/div><h3>Images li\u00e9es:<\/h3>","protected":false},"excerpt":{"rendered":"<p>Ann\u00e9e 2018\/2019 Equipe minimes gar\u00e7ons &nbsp; &#8211;&gt; lien vers les r\u00e9sultats<\/p>\n","protected":false},"author":1,"featured_media":0,"parent":800,"menu_order":0,"comment_status":"closed","ping_status":"closed","template":"","meta":{"ngg_post_thumbnail":0,"footnotes":""},"categories":[],"tags":[],"class_list":["post-864","page","type-page","status-publish","czr-hentry"],"_links":{"self":[{"href":"http:\/\/www.college-wallon-ivry.fr\/index.php\/wp-json\/wp\/v2\/pages\/864","targetHints":{"allow":["GET"]}}],"collection":[{"href":"http:\/\/www.college-wallon-ivry.fr\/index.php\/wp-json\/wp\/v2\/pages"}],"about":[{"href":"http:\/\/www.college-wallon-ivry.fr\/index.php\/wp-json\/wp\/v2\/types\/page"}],"author":[{"embeddable":true,"href":"http:\/\/www.college-wallon-ivry.fr\/index.php\/wp-json\/wp\/v2\/users\/1"}],"replies":[{"embeddable":true,"href":"http:\/\/www.college-wallon-ivry.fr\/index.php\/wp-json\/wp\/v2\/comments?post=864"}],"version-history":[{"count":45,"href":"http:\/\/www.college-wallon-ivry.fr\/index.php\/wp-json\/wp\/v2\/pages\/864\/revisions"}],"predecessor-version":[{"id":6192,"href":"http:\/\/www.college-wallon-ivry.fr\/index.php\/wp-json\/wp\/v2\/pages\/864\/revisions\/6192"}],"up":[{"embeddable":true,"href":"http:\/\/www.college-wallon-ivry.fr\/index.php\/wp-json\/wp\/v2\/pages\/800"}],"wp:attachment":[{"href":"http:\/\/www.college-wallon-ivry.fr\/index.php\/wp-json\/wp\/v2\/media?parent=864"}],"wp:term":[{"taxonomy":"category","embeddable":true,"href":"http:\/\/www.college-wallon-ivry.fr\/index.php\/wp-json\/wp\/v2\/categories?post=864"},{"taxonomy":"post_tag","embeddable":true,"href":"http:\/\/www.college-wallon-ivry.fr\/index.php\/wp-json\/wp\/v2\/tags?post=864"}],"curies":[{"name":"wp","href":"https:\/\/api.w.org\/{rel}","templated":true}]}}