{"id":87,"date":"2017-03-18T18:29:30","date_gmt":"2017-03-18T17:29:30","guid":{"rendered":"http:\/\/college-wallon-ivry.fr\/?page_id=87"},"modified":"2018-09-09T14:05:38","modified_gmt":"2018-09-09T12:05:38","slug":"archives-divry-et-memoire-de-seconde-guerre-mondiale","status":"publish","type":"page","link":"http:\/\/www.college-wallon-ivry.fr\/index.php\/les-aventures-pedagogiques\/annee-20162017\/archives-divry-et-memoire-de-seconde-guerre-mondiale\/","title":{"rendered":"Archives d&rsquo;Ivry: m\u00e9moire de seconde guerre mondiale"},"content":{"rendered":"<p>Les \u00e9l\u00e8ves de 3\u00e8me2 ont particip\u00e9 \u00e0 la semaine de la m\u00e9moire en organisant, avec les archives municipales d&rsquo;Ivry, l&rsquo;exposition sur les bombardements de la ville d&rsquo;Ivry lors de la seconde guerre mondiale.<br \/>\nAvec leur professeur d&rsquo;histoire-g\u00e9ographie, ils ont s\u00e9lectionn\u00e9 des documents provenant des archives municipales d&rsquo;Ivry pour construire l&rsquo;exposition.<br \/>\nIls ont enfin pr\u00e9sent\u00e9 leur travail en guidant les visiteurs lors de l&rsquo;inauguration de l\u2019exposition le vendredi 27 Janvier.<\/p>\n<p>Cette exposition est visible jusqu&rsquo;au 8 septembre 2017 au Cabinet de curiosit\u00e9s de la mairie d&rsquo;Ivry.<\/p>\n<style type=\"text\/css\">.easingslider-274 { max-width: 640px; }.easingslider-274 .easingslider-image { max-height: 400px; max-width: 640px; }.easingslider-274 .easingslider-fade-in, .easingslider-fade-out { -webkit-animation-duration: 3000ms; -moz-animation-duration: 3000ms; animation-duration: 3000ms; }<\/style><script type=\"text\/javascript\">window.EasingSlider274 = {\"width\":640,\"height\":400,\"singleItem\":true,\"items\":1,\"itemsDesktop\":false,\"itemsDesktopSmall\":false,\"itemsTablet\":false,\"itemsTabletSmall\":false,\"itemsMobile\":false,\"responsive\":true,\"lazyLoad\":true,\"autoPlay\":4000,\"slideSpeed\":3000,\"navigation\":true,\"navigationText\":[\"\",\"\"],\"pagination\":true,\"autoHeight\":false,\"mouseDrag\":false,\"touchDrag\":false,\"addClassActive\":true,\"transitionStyle\":\"fade\"};<\/script><div data-id=\"274\" class=\"easingslider easingslider-274 easingslider-container easingslider-resizing-enabled easingslider-aspect-ratio easingslider-arrows-inside easingslider-pagination-inside easingslider-pagination-bottom-center\"><div class=\"easingslider-slide\"><img decoding=\"async\" src=\"http:\/\/www.college-wallon-ivry.fr\/wp-content\/plugins\/easing-slider\/assets\/images\/placeholder-pixel.png\" data-src=\"http:\/\/www.college-wallon-ivry.fr\/wp-content\/uploads\/2017\/03\/P1170222-640x400.jpg\" alt=\"\" title=\"\" class=\"easingslider-image easingslider-lazy\" \/><\/div><div class=\"easingslider-slide\"><img decoding=\"async\" src=\"http:\/\/www.college-wallon-ivry.fr\/wp-content\/plugins\/easing-slider\/assets\/images\/placeholder-pixel.png\" data-src=\"\" alt=\"\" title=\"\" class=\"easingslider-image easingslider-lazy\" \/><\/div><div class=\"easingslider-slide\"><img decoding=\"async\" src=\"http:\/\/www.college-wallon-ivry.fr\/wp-content\/plugins\/easing-slider\/assets\/images\/placeholder-pixel.png\" data-src=\"http:\/\/www.college-wallon-ivry.fr\/wp-content\/uploads\/2017\/03\/P1170250-640x400.jpg\" alt=\"\" title=\"\" class=\"easingslider-image easingslider-lazy\" \/><\/div><div class=\"easingslider-slide\"><img decoding=\"async\" src=\"http:\/\/www.college-wallon-ivry.fr\/wp-content\/plugins\/easing-slider\/assets\/images\/placeholder-pixel.png\" data-src=\"http:\/\/www.college-wallon-ivry.fr\/wp-content\/uploads\/2017\/03\/P1170261-640x400.jpg\" alt=\"\" title=\"\" class=\"easingslider-image easingslider-lazy\" \/><\/div><div class=\"easingslider-slide\"><img decoding=\"async\" src=\"http:\/\/www.college-wallon-ivry.fr\/wp-content\/plugins\/easing-slider\/assets\/images\/placeholder-pixel.png\" data-src=\"http:\/\/www.college-wallon-ivry.fr\/wp-content\/uploads\/2017\/03\/P1170306-640x400.jpg\" alt=\"\" title=\"\" class=\"easingslider-image easingslider-lazy\" \/><\/div><div class=\"easingslider-slide\"><img decoding=\"async\" src=\"http:\/\/www.college-wallon-ivry.fr\/wp-content\/plugins\/easing-slider\/assets\/images\/placeholder-pixel.png\" data-src=\"http:\/\/www.college-wallon-ivry.fr\/wp-content\/uploads\/2017\/03\/P1170310-640x400.jpg\" alt=\"\" title=\"\" class=\"easingslider-image easingslider-lazy\" \/><\/div><div class=\"easingslider-slide\"><img decoding=\"async\" src=\"http:\/\/www.college-wallon-ivry.fr\/wp-content\/plugins\/easing-slider\/assets\/images\/placeholder-pixel.png\" data-src=\"http:\/\/www.college-wallon-ivry.fr\/wp-content\/uploads\/2017\/03\/P1170320-640x400.jpg\" alt=\"\" title=\"\" class=\"easingslider-image easingslider-lazy\" \/><\/div><div class=\"easingslider-slide\"><img decoding=\"async\" src=\"http:\/\/www.college-wallon-ivry.fr\/wp-content\/plugins\/easing-slider\/assets\/images\/placeholder-pixel.png\" data-src=\"http:\/\/www.college-wallon-ivry.fr\/wp-content\/uploads\/2017\/03\/P1170332-640x400.jpg\" alt=\"\" title=\"\" class=\"easingslider-image easingslider-lazy\" \/><\/div><div class=\"easingslider-slide\"><img decoding=\"async\" src=\"http:\/\/www.college-wallon-ivry.fr\/wp-content\/plugins\/easing-slider\/assets\/images\/placeholder-pixel.png\" data-src=\"http:\/\/www.college-wallon-ivry.fr\/wp-content\/uploads\/2017\/03\/P1170334-640x400.jpg\" alt=\"\" title=\"\" class=\"easingslider-image easingslider-lazy\" \/><\/div><div class=\"easingslider-slide\"><img decoding=\"async\" src=\"http:\/\/www.college-wallon-ivry.fr\/wp-content\/plugins\/easing-slider\/assets\/images\/placeholder-pixel.png\" data-src=\"http:\/\/www.college-wallon-ivry.fr\/wp-content\/uploads\/2017\/03\/P1170335-640x400.jpg\" alt=\"\" title=\"\" class=\"easingslider-image easingslider-lazy\" \/><\/div><div class=\"easingslider-slide\"><img decoding=\"async\" src=\"http:\/\/www.college-wallon-ivry.fr\/wp-content\/plugins\/easing-slider\/assets\/images\/placeholder-pixel.png\" data-src=\"http:\/\/www.college-wallon-ivry.fr\/wp-content\/uploads\/2017\/03\/P1170198-640x400.jpg\" alt=\"\" title=\"\" class=\"easingslider-image easingslider-lazy\" \/><\/div><div class=\"easingslider-slide\"><img decoding=\"async\" src=\"http:\/\/www.college-wallon-ivry.fr\/wp-content\/plugins\/easing-slider\/assets\/images\/placeholder-pixel.png\" data-src=\"http:\/\/www.college-wallon-ivry.fr\/wp-content\/uploads\/2017\/03\/P1170199-640x400.jpg\" alt=\"\" title=\"\" class=\"easingslider-image easingslider-lazy\" \/><\/div><div class=\"easingslider-slide\"><img decoding=\"async\" src=\"http:\/\/www.college-wallon-ivry.fr\/wp-content\/plugins\/easing-slider\/assets\/images\/placeholder-pixel.png\" data-src=\"http:\/\/www.college-wallon-ivry.fr\/wp-content\/uploads\/2017\/03\/P1170211-640x400.jpg\" alt=\"\" title=\"\" class=\"easingslider-image easingslider-lazy\" \/><\/div><div class=\"easingslider-slide\"><img decoding=\"async\" src=\"http:\/\/www.college-wallon-ivry.fr\/wp-content\/plugins\/easing-slider\/assets\/images\/placeholder-pixel.png\" data-src=\"http:\/\/www.college-wallon-ivry.fr\/wp-content\/uploads\/2017\/03\/P1170213-640x400.jpg\" alt=\"\" title=\"\" class=\"easingslider-image easingslider-lazy\" \/><\/div><div class=\"easingslider-slide\"><img decoding=\"async\" src=\"http:\/\/www.college-wallon-ivry.fr\/wp-content\/plugins\/easing-slider\/assets\/images\/placeholder-pixel.png\" data-src=\"http:\/\/www.college-wallon-ivry.fr\/wp-content\/uploads\/2017\/03\/P1170215-640x400.jpg\" alt=\"\" title=\"\" class=\"easingslider-image easingslider-lazy\" \/><\/div><div class=\"easingslider-slide\"><img decoding=\"async\" src=\"http:\/\/www.college-wallon-ivry.fr\/wp-content\/plugins\/easing-slider\/assets\/images\/placeholder-pixel.png\" data-src=\"http:\/\/www.college-wallon-ivry.fr\/wp-content\/uploads\/2017\/03\/P1170182-640x400.jpg\" alt=\"\" title=\"\" class=\"easingslider-image easingslider-lazy\" \/><\/div><div class=\"easingslider-slide\"><img decoding=\"async\" src=\"http:\/\/www.college-wallon-ivry.fr\/wp-content\/plugins\/easing-slider\/assets\/images\/placeholder-pixel.png\" data-src=\"http:\/\/www.college-wallon-ivry.fr\/wp-content\/uploads\/2017\/03\/P1170181-640x400.jpg\" alt=\"\" title=\"\" class=\"easingslider-image easingslider-lazy\" \/><\/div><div class=\"easingslider-slide\"><img decoding=\"async\" src=\"http:\/\/www.college-wallon-ivry.fr\/wp-content\/plugins\/easing-slider\/assets\/images\/placeholder-pixel.png\" data-src=\"http:\/\/www.college-wallon-ivry.fr\/wp-content\/uploads\/2017\/03\/P1170184-640x400.jpg\" alt=\"\" title=\"\" class=\"easingslider-image easingslider-lazy\" \/><\/div><div class=\"easingslider-slide\"><img decoding=\"async\" src=\"http:\/\/www.college-wallon-ivry.fr\/wp-content\/plugins\/easing-slider\/assets\/images\/placeholder-pixel.png\" data-src=\"http:\/\/www.college-wallon-ivry.fr\/wp-content\/uploads\/2017\/03\/P1170192-640x400.jpg\" alt=\"\" title=\"\" class=\"easingslider-image easingslider-lazy\" \/><\/div><div class=\"easingslider-slide\"><img decoding=\"async\" src=\"http:\/\/www.college-wallon-ivry.fr\/wp-content\/plugins\/easing-slider\/assets\/images\/placeholder-pixel.png\" data-src=\"http:\/\/www.college-wallon-ivry.fr\/wp-content\/uploads\/2017\/03\/P1170185-640x400.jpg\" alt=\"\" title=\"\" class=\"easingslider-image easingslider-lazy\" \/><\/div><\/div>\n<h3>Images li\u00e9es:<\/h3>","protected":false},"excerpt":{"rendered":"<p>Les \u00e9l\u00e8ves de 3\u00e8me2 ont particip\u00e9 \u00e0 la semaine de la m\u00e9moire en organisant, avec les archives municipales d&rsquo;Ivry, l&rsquo;exposition sur les bombardements de la ville d&rsquo;Ivry lors de la seconde guerre mondiale. Avec leur professeur d&rsquo;histoire-g\u00e9ographie, ils ont s\u00e9lectionn\u00e9 des documents provenant des archives municipales d&rsquo;Ivry pour construire l&rsquo;exposition. Ils ont enfin pr\u00e9sent\u00e9 leur [&hellip;]<\/p>\n","protected":false},"author":1,"featured_media":0,"parent":742,"menu_order":0,"comment_status":"closed","ping_status":"closed","template":"","meta":{"ngg_post_thumbnail":0,"footnotes":""},"categories":[22,14,15,16],"tags":[38],"class_list":{"0":"post-87","1":"page","2":"type-page","3":"status-publish","5":"category-histoire","6":"category-pedagogie","7":"category-projet","8":"category-realisation","9":"tag-expositions","10":"czr-hentry"},"_links":{"self":[{"href":"http:\/\/www.college-wallon-ivry.fr\/index.php\/wp-json\/wp\/v2\/pages\/87","targetHints":{"allow":["GET"]}}],"collection":[{"href":"http:\/\/www.college-wallon-ivry.fr\/index.php\/wp-json\/wp\/v2\/pages"}],"about":[{"href":"http:\/\/www.college-wallon-ivry.fr\/index.php\/wp-json\/wp\/v2\/types\/page"}],"author":[{"embeddable":true,"href":"http:\/\/www.college-wallon-ivry.fr\/index.php\/wp-json\/wp\/v2\/users\/1"}],"replies":[{"embeddable":true,"href":"http:\/\/www.college-wallon-ivry.fr\/index.php\/wp-json\/wp\/v2\/comments?post=87"}],"version-history":[{"count":9,"href":"http:\/\/www.college-wallon-ivry.fr\/index.php\/wp-json\/wp\/v2\/pages\/87\/revisions"}],"predecessor-version":[{"id":3372,"href":"http:\/\/www.college-wallon-ivry.fr\/index.php\/wp-json\/wp\/v2\/pages\/87\/revisions\/3372"}],"up":[{"embeddable":true,"href":"http:\/\/www.college-wallon-ivry.fr\/index.php\/wp-json\/wp\/v2\/pages\/742"}],"wp:attachment":[{"href":"http:\/\/www.college-wallon-ivry.fr\/index.php\/wp-json\/wp\/v2\/media?parent=87"}],"wp:term":[{"taxonomy":"category","embeddable":true,"href":"http:\/\/www.college-wallon-ivry.fr\/index.php\/wp-json\/wp\/v2\/categories?post=87"},{"taxonomy":"post_tag","embeddable":true,"href":"http:\/\/www.college-wallon-ivry.fr\/index.php\/wp-json\/wp\/v2\/tags?post=87"}],"curies":[{"name":"wp","href":"https:\/\/api.w.org\/{rel}","templated":true}]}}