{"id":10044,"date":"2020-03-14T21:58:59","date_gmt":"2020-03-14T20:58:59","guid":{"rendered":"http:\/\/www.college-wallon-ivry.fr\/?page_id=10044"},"modified":"2020-03-14T21:58:59","modified_gmt":"2020-03-14T20:58:59","slug":"info-fermeture-du-college","status":"publish","type":"page","link":"https:\/\/www.college-wallon-ivry.fr\/index.php\/info-fermeture-du-college\/","title":{"rendered":"Info fermeture du coll\u00e8ge"},"content":{"rendered":"<div id=\"pl-10044\"  class=\"panel-layout\" ><div id=\"pg-10044-0\"  class=\"panel-grid panel-no-style\" ><div id=\"pgc-10044-0-0\"  class=\"panel-grid-cell\" ><div id=\"panel-10044-0-0-0\" class=\"so-panel widget widget_sow-editor panel-first-child panel-last-child\" data-index=\"0\" ><div\n\t\t\t\n\t\t\tclass=\"so-widget-sow-editor so-widget-sow-editor-base\"\n\t\t\t\n\t\t>\n<div class=\"siteorigin-widget-tinymce textwidget\">\n\t<h4>Voici des informations afin que les \u00e9l\u00e8ves puissent acc\u00e9der \u00e0 Pronote pour r\u00e9cup\u00e9rer et rendre le travail donner par les enseignant.e.s du coll\u00e8ge.<\/h4>\n<\/div>\n<\/div><\/div><\/div><\/div><div id=\"pg-10044-1\"  class=\"panel-grid panel-no-style\" ><div id=\"pgc-10044-1-0\"  class=\"panel-grid-cell\" ><div id=\"panel-10044-1-0-0\" class=\"so-panel widget widget_siteorigin-panels-builder panel-first-child panel-last-child\" data-index=\"1\" ><div class=\"panel-widget-style panel-widget-style-for-10044-1-0-0\" ><div id=\"pl-w5e6d4300ab30e\"  class=\"panel-layout\" ><div id=\"pg-w5e6d4300ab30e-0\"  class=\"panel-grid panel-no-style\" ><div id=\"pgc-w5e6d4300ab30e-0-0\"  class=\"panel-grid-cell\" ><div id=\"panel-w5e6d4300ab30e-0-0-0\" class=\"so-panel widget widget_sow-button panel-first-child\" data-index=\"0\" ><div\n\t\t\t\n\t\t\tclass=\"so-widget-sow-button so-widget-sow-button-wire-99d28d05d488\"\n\t\t\t\n\t\t><div class=\"ow-button-base ow-button-align-center\"\n>\n\t\t\t<a\n\t\t\t\tclass=\"sowb-button ow-icon-placement-left ow-button-hover\" \t>\n\t\t<span>\n\t\t\t\n\t\t\tMot d'information de M.Bobin\t\t<\/span>\n\t\t\t<\/a>\n\t<\/div>\n<\/div><\/div><div id=\"panel-w5e6d4300ab30e-0-0-1\" class=\"so-panel widget widget_sow-image panel-last-child\" data-index=\"1\" ><div\n\t\t\t\n\t\t\tclass=\"so-widget-sow-image so-widget-sow-image-default-a258e6bfa2d8\"\n\t\t\t\n\t\t>\n<div class=\"sow-image-container\">\n\t\t\t<a href=\"http:\/\/www.college-wallon-ivry.fr\/wp-content\/uploads\/2020\/03\/information-coronavirus-fermeture-college-mars-2020-Wallon.pdf\"\n\t\t\t\t\t>\n\t\t\t<img \n\tsrc=\"https:\/\/www.college-wallon-ivry.fr\/wp-content\/uploads\/2020\/03\/Capture-mot-300x189.jpg\" width=\"300\" height=\"189\" srcset=\"https:\/\/www.college-wallon-ivry.fr\/wp-content\/uploads\/2020\/03\/Capture-mot-300x189.jpg 300w, https:\/\/www.college-wallon-ivry.fr\/wp-content\/uploads\/2020\/03\/Capture-mot-768x484.jpg 768w, https:\/\/www.college-wallon-ivry.fr\/wp-content\/uploads\/2020\/03\/Capture-mot-400x252.jpg 400w, https:\/\/www.college-wallon-ivry.fr\/wp-content\/uploads\/2020\/03\/Capture-mot.jpg 858w\" sizes=\"(max-width: 300px) 100vw, 300px\" title=\"Capture mot\" alt=\"\" \t\tclass=\"so-widget-image\"\/>\n\t\t\t<\/a><\/div>\n\n<\/div><\/div><\/div><\/div><\/div><\/div><\/div><\/div><div id=\"pgc-10044-1-1\"  class=\"panel-grid-cell\" ><div id=\"panel-10044-1-1-0\" class=\"so-panel widget widget_siteorigin-panels-builder panel-first-child panel-last-child\" data-index=\"2\" ><div class=\"panel-widget-style panel-widget-style-for-10044-1-1-0\" ><div id=\"pl-w5e6d4300ab4ef\"  class=\"panel-layout\" ><div id=\"pg-w5e6d4300ab4ef-0\"  class=\"panel-grid panel-no-style\" ><div id=\"pgc-w5e6d4300ab4ef-0-0\"  class=\"panel-grid-cell\" ><div id=\"panel-w5e6d4300ab4ef-0-0-0\" class=\"so-panel widget widget_sow-button panel-first-child\" data-index=\"0\" ><div\n\t\t\t\n\t\t\tclass=\"so-widget-sow-button so-widget-sow-button-wire-99d28d05d488\"\n\t\t\t\n\t\t><div class=\"ow-button-base ow-button-align-center\"\n>\n\t\t\t<a\n\t\t\t\tclass=\"sowb-button ow-icon-placement-left ow-button-hover\" \t>\n\t\t<span>\n\t\t\t\n\t\t\tComment acc\u00e9der \u00e0 Pronote \u00e9l\u00e8ve ?\t\t<\/span>\n\t\t\t<\/a>\n\t<\/div>\n<\/div><\/div><div id=\"panel-w5e6d4300ab4ef-0-0-1\" class=\"so-panel widget widget_sow-image panel-last-child\" data-index=\"1\" ><div\n\t\t\t\n\t\t\tclass=\"so-widget-sow-image so-widget-sow-image-default-a258e6bfa2d8\"\n\t\t\t\n\t\t>\n<div class=\"sow-image-container\">\n\t\t\t<a href=\"http:\/\/www.college-wallon-ivry.fr\/wp-content\/uploads\/2020\/03\/conseils-de-connection-eleves-1.pdf\"\n\t\t\t\t\t>\n\t\t\t<img \n\tsrc=\"https:\/\/www.college-wallon-ivry.fr\/wp-content\/uploads\/2020\/03\/Capture-conseil-eleve-300x155.jpg\" width=\"300\" height=\"155\" srcset=\"https:\/\/www.college-wallon-ivry.fr\/wp-content\/uploads\/2020\/03\/Capture-conseil-eleve-300x155.jpg 300w, https:\/\/www.college-wallon-ivry.fr\/wp-content\/uploads\/2020\/03\/Capture-conseil-eleve-768x396.jpg 768w, https:\/\/www.college-wallon-ivry.fr\/wp-content\/uploads\/2020\/03\/Capture-conseil-eleve-400x206.jpg 400w, https:\/\/www.college-wallon-ivry.fr\/wp-content\/uploads\/2020\/03\/Capture-conseil-eleve.jpg 855w\" sizes=\"(max-width: 300px) 100vw, 300px\" title=\"Capture conseil eleve\" alt=\"\" \t\tclass=\"so-widget-image\"\/>\n\t\t\t<\/a><\/div>\n\n<\/div><\/div><\/div><\/div><\/div><\/div><\/div><\/div><div id=\"pgc-10044-1-2\"  class=\"panel-grid-cell\" ><div id=\"panel-10044-1-2-0\" class=\"so-panel widget widget_siteorigin-panels-builder panel-first-child panel-last-child\" data-index=\"3\" ><div class=\"panel-widget-style panel-widget-style-for-10044-1-2-0\" ><div id=\"pl-w5e6d4300ab69d\"  class=\"panel-layout\" ><div id=\"pg-w5e6d4300ab69d-0\"  class=\"panel-grid panel-no-style\" ><div id=\"pgc-w5e6d4300ab69d-0-0\"  class=\"panel-grid-cell\" ><div id=\"panel-w5e6d4300ab69d-0-0-0\" class=\"so-panel widget widget_sow-button panel-first-child\" data-index=\"0\" ><div\n\t\t\t\n\t\t\tclass=\"so-widget-sow-button so-widget-sow-button-wire-99d28d05d488\"\n\t\t\t\n\t\t><div class=\"ow-button-base ow-button-align-center\"\n>\n\t\t\t<a\n\t\t\t\t\thref=\"http:\/\/www.college-wallon-ivry.fr\/wp-content\/uploads\/2020\/03\/pas-\u00e0-pas-\u00e9l\u00e8ves-r\u00e9alis\u00e9.pdf\"\n\t\t\t\t\tclass=\"sowb-button ow-icon-placement-left ow-button-hover\" \t>\n\t\t<span>\n\t\t\t\n\t\t\tComment rendre un devoir ou un exercice ?\t\t<\/span>\n\t\t\t<\/a>\n\t<\/div>\n<\/div><\/div><div id=\"panel-w5e6d4300ab69d-0-0-1\" class=\"so-panel widget widget_sow-image panel-last-child\" data-index=\"1\" ><div\n\t\t\t\n\t\t\tclass=\"so-widget-sow-image so-widget-sow-image-default-a258e6bfa2d8\"\n\t\t\t\n\t\t>\n<div class=\"sow-image-container\">\n\t\t\t<a href=\"http:\/\/www.college-wallon-ivry.fr\/wp-content\/uploads\/2020\/03\/pas-\u00e0-pas-\u00e9l\u00e8ves-r\u00e9alis\u00e9-1.pdf\"\n\t\t\t\t\t>\n\t\t\t<img \n\tsrc=\"https:\/\/www.college-wallon-ivry.fr\/wp-content\/uploads\/2020\/03\/capture-pas-a-pas-300x173.jpg\" width=\"300\" height=\"173\" srcset=\"https:\/\/www.college-wallon-ivry.fr\/wp-content\/uploads\/2020\/03\/capture-pas-a-pas-300x173.jpg 300w, https:\/\/www.college-wallon-ivry.fr\/wp-content\/uploads\/2020\/03\/capture-pas-a-pas-768x442.jpg 768w, https:\/\/www.college-wallon-ivry.fr\/wp-content\/uploads\/2020\/03\/capture-pas-a-pas-400x230.jpg 400w, https:\/\/www.college-wallon-ivry.fr\/wp-content\/uploads\/2020\/03\/capture-pas-a-pas.jpg 838w\" sizes=\"(max-width: 300px) 100vw, 300px\" title=\"capture pas a pas\" alt=\"\" \t\tclass=\"so-widget-image\"\/>\n\t\t\t<\/a><\/div>\n\n<\/div><\/div><\/div><\/div><\/div><\/div><\/div><\/div><\/div><div id=\"pg-10044-2\"  class=\"panel-grid panel-no-style\" ><div id=\"pgc-10044-2-0\"  class=\"panel-grid-cell\" ><div id=\"panel-10044-2-0-0\" class=\"so-panel widget widget_sow-editor panel-first-child panel-last-child\" data-index=\"4\" ><div\n\t\t\t\n\t\t\tclass=\"so-widget-sow-editor so-widget-sow-editor-base\"\n\t\t\t\n\t\t>\n<div class=\"siteorigin-widget-tinymce textwidget\">\n\t<h4>Ci-dessous, des liens qui permettront d\u2019acc\u00e9der \u00e0&nbsp;\"Ma classe \u00e0 la maison\", un service du CNED ( Centre national d'\u00e9tude \u00e0 distance)&nbsp; proposant des exercices et des cours.<\/h4>\n<h4><strong><span style=\"color: #000000;\">Avertissement :<\/span><\/strong> les \u00e9l\u00e8ves inscrit.e.s \u00e0 ce service sont en autonomie, il \u00e9volue sans professeur.e.s.<\/h4>\n<h4>Pour les cours et les exercices, les enseignant.e.s du coll\u00e8ge communiqueront <span style=\"color: #000000;\"><strong>uniquement par Pronote. <\/strong><\/span><\/h4>\n<\/div>\n<\/div><\/div><\/div><\/div><div id=\"pg-10044-3\"  class=\"panel-grid panel-no-style\" ><div id=\"pgc-10044-3-0\"  class=\"panel-grid-cell\" ><div id=\"panel-10044-3-0-0\" class=\"so-panel widget widget_siteorigin-panels-builder panel-first-child panel-last-child\" data-index=\"5\" ><div id=\"pl-w5e6d2785282a8\"  class=\"panel-layout\" ><div id=\"pg-w5e6d2785282a8-0\"  class=\"panel-grid panel-no-style\" ><div id=\"pgc-w5e6d2785282a8-0-0\"  class=\"panel-grid-cell\" ><div id=\"panel-w5e6d2785282a8-0-0-0\" class=\"so-panel widget widget_sow-button panel-first-child\" data-index=\"0\" ><div\n\t\t\t\n\t\t\tclass=\"so-widget-sow-button so-widget-sow-button-wire-99d28d05d488\"\n\t\t\t\n\t\t><div class=\"ow-button-base ow-button-align-center\"\n>\n\t\t\t<a\n\t\t\t\t\thref=\"https:\/\/college.cned.fr\/login\"\n\t\t\t\t\tclass=\"sowb-button ow-icon-placement-left ow-button-hover\" \t>\n\t\t<span>\n\t\t\t\n\t\t\tSe connecter \u00e0 \"Ma classe \u00e0 la maison\"\t\t<\/span>\n\t\t\t<\/a>\n\t<\/div>\n<\/div><\/div><div id=\"panel-w5e6d2785282a8-0-0-1\" class=\"so-panel widget widget_sow-image panel-last-child\" data-index=\"1\" ><div\n\t\t\t\n\t\t\tclass=\"so-widget-sow-image so-widget-sow-image-default-c67d20f9f743\"\n\t\t\t\n\t\t>\n<div class=\"sow-image-container\">\n\t\t\t<a href=\"https:\/\/college.cned.fr\/login\"\n\t\t\ttarget=\"_blank\" rel=\"noopener noreferrer\" \t\t>\n\t\t\t<img \n\tsrc=\"https:\/\/www.college-wallon-ivry.fr\/wp-content\/uploads\/2020\/03\/Capture-CLA-300x185.jpg\" width=\"300\" height=\"185\" srcset=\"https:\/\/www.college-wallon-ivry.fr\/wp-content\/uploads\/2020\/03\/Capture-CLA-300x185.jpg 300w, https:\/\/www.college-wallon-ivry.fr\/wp-content\/uploads\/2020\/03\/Capture-CLA-768x472.jpg 768w, https:\/\/www.college-wallon-ivry.fr\/wp-content\/uploads\/2020\/03\/Capture-CLA-570x350.jpg 570w, https:\/\/www.college-wallon-ivry.fr\/wp-content\/uploads\/2020\/03\/Capture-CLA-400x246.jpg 400w, https:\/\/www.college-wallon-ivry.fr\/wp-content\/uploads\/2020\/03\/Capture-CLA.jpg 860w\" sizes=\"(max-width: 300px) 100vw, 300px\" title=\"Capture CLA\" alt=\"\" \t\tclass=\"so-widget-image\"\/>\n\t\t\t<\/a><\/div>\n\n<\/div><\/div><\/div><\/div><\/div><\/div><\/div><div id=\"pgc-10044-3-1\"  class=\"panel-grid-cell\" ><div id=\"panel-10044-3-1-0\" class=\"so-panel widget widget_siteorigin-panels-builder panel-first-child panel-last-child\" data-index=\"6\" ><div id=\"pl-w5e6d4300ae4a4\"  class=\"panel-layout\" ><div id=\"pg-w5e6d4300ae4a4-0\"  class=\"panel-grid panel-no-style\" ><div id=\"pgc-w5e6d4300ae4a4-0-0\"  class=\"panel-grid-cell\" ><div id=\"panel-w5e6d4300ae4a4-0-0-0\" class=\"so-panel widget widget_sow-button panel-first-child\" data-index=\"0\" ><div\n\t\t\t\n\t\t\tclass=\"so-widget-sow-button so-widget-sow-button-wire-99d28d05d488\"\n\t\t\t\n\t\t><div class=\"ow-button-base ow-button-align-center\"\n>\n\t\t\t<a\n\t\t\t\t\thref=\"https:\/\/ci4.googleusercontent.com\/proxy\/kIqSUz5UPHZqNE6NxoPMiAVIQ--87QfHhfPZDHMUSXsrJlrZyYNTeWSHLWk-CuuqFBPEU273FWfpz5O7Qeh5jzAbr7mrvSXN38sTh1_VvmxxZ8PzVTE6HRwyfXZegHJ7w_Dsj7QstPyR6GknCziw=s0-d-e1-ft#http:\/\/www.education.gouv.fr\/sites\/default\/files\/2020-03\/eleve-exercice-gem0670100-51984.jpg\"\n\t\t\t\t\tclass=\"sowb-button ow-icon-placement-left ow-button-hover\" \t>\n\t\t<span>\n\t\t\t\n\t\t\tDidacticiel video pour \"Ma classe \u00e0 la maison\"\t\t<\/span>\n\t\t\t<\/a>\n\t<\/div>\n<\/div><\/div><div id=\"panel-w5e6d4300ae4a4-0-0-1\" class=\"so-panel widget widget_sow-image panel-last-child\" data-index=\"1\" ><div\n\t\t\t\n\t\t\tclass=\"so-widget-sow-image so-widget-sow-image-default-c67d20f9f743\"\n\t\t\t\n\t\t>\n<div class=\"sow-image-container\">\n\t\t\t<a href=\"https:\/\/www.education.gouv.fr\/ma-classe-la-maison-mise-en-oeuvre-de-la-continuite-pedagogique-289680\"\n\t\t\ttarget=\"_blank\" rel=\"noopener noreferrer\" \t\t>\n\t\t\t<img \n\tsrc=\"https:\/\/www.college-wallon-ivry.fr\/wp-content\/uploads\/2020\/03\/Capture-dicta-300x214.jpg\" width=\"300\" height=\"214\" srcset=\"https:\/\/www.college-wallon-ivry.fr\/wp-content\/uploads\/2020\/03\/Capture-dicta-300x214.jpg 300w, https:\/\/www.college-wallon-ivry.fr\/wp-content\/uploads\/2020\/03\/Capture-dicta.jpg 361w\" sizes=\"(max-width: 300px) 100vw, 300px\" title=\"Capture dicta\" alt=\"\" \t\tclass=\"so-widget-image\"\/>\n\t\t\t<\/a><\/div>\n\n<\/div><\/div><\/div><\/div><\/div><\/div><\/div><\/div><\/div><h3>Images li\u00e9es:<\/h3>","protected":false},"excerpt":{"rendered":"<p>Voici des informations afin que les \u00e9l\u00e8ves puissent acc\u00e9der \u00e0 Pronote pour r\u00e9cup\u00e9rer et rendre le travail donner par les enseignant.e.s du coll\u00e8ge.<\/p>\n","protected":false},"author":1,"featured_media":0,"parent":0,"menu_order":0,"comment_status":"closed","ping_status":"closed","template":"","meta":{"ngg_post_thumbnail":0,"footnotes":""},"categories":[],"tags":[],"class_list":["post-10044","page","type-page","status-publish","czr-hentry"],"_links":{"self":[{"href":"https:\/\/www.college-wallon-ivry.fr\/index.php\/wp-json\/wp\/v2\/pages\/10044","targetHints":{"allow":["GET"]}}],"collection":[{"href":"https:\/\/www.college-wallon-ivry.fr\/index.php\/wp-json\/wp\/v2\/pages"}],"about":[{"href":"https:\/\/www.college-wallon-ivry.fr\/index.php\/wp-json\/wp\/v2\/types\/page"}],"author":[{"embeddable":true,"href":"https:\/\/www.college-wallon-ivry.fr\/index.php\/wp-json\/wp\/v2\/users\/1"}],"replies":[{"embeddable":true,"href":"https:\/\/www.college-wallon-ivry.fr\/index.php\/wp-json\/wp\/v2\/comments?post=10044"}],"version-history":[{"count":2,"href":"https:\/\/www.college-wallon-ivry.fr\/index.php\/wp-json\/wp\/v2\/pages\/10044\/revisions"}],"predecessor-version":[{"id":10046,"href":"https:\/\/www.college-wallon-ivry.fr\/index.php\/wp-json\/wp\/v2\/pages\/10044\/revisions\/10046"}],"wp:attachment":[{"href":"https:\/\/www.college-wallon-ivry.fr\/index.php\/wp-json\/wp\/v2\/media?parent=10044"}],"wp:term":[{"taxonomy":"category","embeddable":true,"href":"https:\/\/www.college-wallon-ivry.fr\/index.php\/wp-json\/wp\/v2\/categories?post=10044"},{"taxonomy":"post_tag","embeddable":true,"href":"https:\/\/www.college-wallon-ivry.fr\/index.php\/wp-json\/wp\/v2\/tags?post=10044"}],"curies":[{"name":"wp","href":"https:\/\/api.w.org\/{rel}","templated":true}]}}