{"id":10507,"date":"2020-09-04T20:56:02","date_gmt":"2020-09-04T18:56:02","guid":{"rendered":"http:\/\/www.college-wallon-ivry.fr\/?page_id=10507"},"modified":"2020-09-04T23:18:16","modified_gmt":"2020-09-04T21:18:16","slug":"dispositifs-daide-aux-eleves","status":"publish","type":"page","link":"https:\/\/www.college-wallon-ivry.fr\/index.php\/dispositifs-daide-aux-eleves\/","title":{"rendered":"Dispositifs d&rsquo;aide aux \u00e9l\u00e8ves"},"content":{"rendered":"<div id=\"pl-10507\"  class=\"panel-layout\" ><div id=\"pg-10507-0\"  class=\"panel-grid panel-no-style\" ><div id=\"pgc-10507-0-0\"  class=\"panel-grid-cell\" ><div id=\"panel-10507-0-0-0\" class=\"so-panel widget widget_sow-editor panel-first-child\" data-index=\"0\" ><div\n\t\t\t\n\t\t\tclass=\"so-widget-sow-editor so-widget-sow-editor-base\"\n\t\t\t\n\t\t>\n<div class=\"siteorigin-widget-tinymce textwidget\">\n\t<p>EDT : Emploi Du Temps&nbsp;&nbsp; CFG : C<span class=\"ILfuVd\"><span class=\"hgKElc\">ertificat de Formation G\u00e9n\u00e9rale&nbsp; DNB : Dipl\u00f4me National du Brevet&nbsp;&nbsp; CPE : Conseill\u00e8re Principale d'Education&nbsp;&nbsp; AS : Assistante sociale<\/span><\/span><br \/>\nGPDS : Groupe de Pr\u00e9vention du D\u00e9crochage Scolaire&nbsp;&nbsp; RDS : <span class=\"st\"> R\u00e9f\u00e9rente D\u00e9crochage Scolaire<\/span><\/p>\n<\/div>\n<\/div><\/div><div id=\"panel-10507-0-0-1\" class=\"so-panel widget widget_sow-button\" data-index=\"1\" ><div\n\t\t\t\n\t\t\tclass=\"so-widget-sow-button so-widget-sow-button-atom-6abaf415da8b-10507\"\n\t\t\t\n\t\t><div class=\"ow-button-base ow-button-align-center\"\n>\n\t\t\t<a\n\t\t\t\tclass=\"sowb-button ow-icon-placement-left\" \t>\n\t\t<span>\n\t\t\t\n\t\t\tLes dispositifs internes au coll\u00e8ge\t\t<\/span>\n\t\t\t<\/a>\n\t<\/div>\n<\/div><\/div><div id=\"panel-10507-0-0-2\" class=\"so-panel widget widget_sow-editor panel-last-child\" data-index=\"2\" ><div\n\t\t\t\n\t\t\tclass=\"so-widget-sow-editor so-widget-sow-editor-base\"\n\t\t\t\n\t\t>\n<div class=\"siteorigin-widget-tinymce textwidget\">\n\t\n<table id=\"tablepress-1\" class=\"tablepress tablepress-id-1\">\n<thead>\n<tr class=\"row-1\">\n\t<th class=\"column-1\"><strong>Nom du dispositif<\/strong><\/th><th class=\"column-2\"><strong>Pour qui ?<\/strong><\/th><th class=\"column-3\"><strong>Dur\u00e9e d'une session<\/strong><\/th><th class=\"column-4\"><strong>O\u00f9 et quand ?<\/strong><\/th><th class=\"column-5\"><strong>Inscriptions<\/strong><\/th><th class=\"column-6\">En savoir plus<\/th>\n<\/tr>\n<\/thead>\n<tbody class=\"row-striping\">\n<tr class=\"row-2\">\n\t<td class=\"column-1\"><strong>Fluence<\/strong><\/td><td class=\"column-2\">El\u00e8ves en difficult\u00e9 au niveau de la lecture <\/td><td class=\"column-3\">Un trimestre<\/td><td class=\"column-4\">A 11h ou 12h, juste avant la pause d\u00e9jeuner en salle de classe.<\/td><td class=\"column-5\">Aupr\u00e8s de Mme Pradoura (professeure de fran\u00e7ais\/RDS)<\/td><td class=\"column-6\"><a href=\"http:\/\/www.college-wallon-ivry.fr\/wp-content\/uploads\/2020\/09\/Fluence.pdf\" rel=\"noopener noreferrer\" target=\"_blank\">Description<\/a><\/td>\n<\/tr>\n<tr class=\"row-3\">\n\t<td class=\"column-1\"><strong>Maths flix<\/strong><\/td><td class=\"column-2\">El\u00e8ves en difficult\u00e9 ponctuelle en math\u00e9matiques<\/td><td class=\"column-3\">Sur la base du volontariat<\/td><td class=\"column-4\">Lundi, mardi et jeudi entre 12h40 et 13h15 en salle de maths<\/td><td class=\"column-5\">Aucune<\/td><td class=\"column-6\"><a href=\"http:\/\/www.college-wallon-ivry.fr\/wp-content\/uploads\/2020\/09\/Math-flix.pdf\" rel=\"noopener noreferrer\" target=\"_blank\">Description<\/a><\/td>\n<\/tr>\n<tr class=\"row-4\">\n\t<td class=\"column-1\"><strong>Aide aux devoirs<\/strong><\/td><td class=\"column-2\">El\u00e8ves en difficult\u00e9 mais faisant preuve d\u2019autonomie<br \/>\n10 \u00e9l\u00e8ves par cr\u00e9neau<\/td><td class=\"column-3\">Un trimestre<\/td><td class=\"column-4\">1h inscrite \u00e0 l\u2019EDT des classes, en dehors des heures de cours<\/td><td class=\"column-5\">Aupr\u00e8s de Mme Milleville (CPE\/RDS)<\/td><td class=\"column-6\"><a href=\"http:\/\/www.college-wallon-ivry.fr\/wp-content\/uploads\/2020\/09\/Aide-aux-devoirs.pdf\" rel=\"noopener noreferrer\" target=\"_blank\">Description<\/a><br \/>\n<br \/>\n<a href=\"http:\/\/www.college-wallon-ivry.fr\/wp-content\/uploads\/2020\/09\/Document-inscription-aide-aux-devoirs-scaled.jpg\" rel=\"noopener noreferrer\" target=\"_blank\">Document d'inscription<\/a><\/td>\n<\/tr>\n<tr class=\"row-5\">\n\t<td class=\"column-1\"><strong>Coup de pouce 6e\/5e<\/strong><\/td><td class=\"column-2\">El\u00e8ves en grande difficult\u00e9<br \/>\n10-12 \u00e9l\u00e8ves par niveau<\/td><td class=\"column-3\">Un trimestre<\/td><td class=\"column-4\">2h de fran\u00e7ais + 1h de maths<br \/>\n5e\u00a0: Mardi et jeudi de 13h30 \u00e0 14h30 puis vendredi  11h-12h00 <br \/>\n6e\u00a0: Lundi 11h-12h et Vendredi de 10h \u00e0 12h00  <\/td><td class=\"column-5\">Aupr\u00e8s de M. Lyfoung (professeur de math\u00e9matiques) et de Mme Milleville (CPE\/RDS)<\/td><td class=\"column-6\"><a href=\"http:\/\/www.college-wallon-ivry.fr\/wp-content\/uploads\/2020\/09\/coup-depouce-6-et-5.pdf\" rel=\"noopener noreferrer\" target=\"_blank\">Description<\/a><br \/>\n<br \/>\n<a href=\"http:\/\/www.college-wallon-ivry.fr\/wp-content\/uploads\/2020\/09\/Capture-EDT-type-6-5.jpg\" rel=\"noopener noreferrer\" target=\"_blank\">Emploi du temps type \"coup de pouce 6e\/5e\"<\/a><\/td>\n<\/tr>\n<tr class=\"row-6\">\n\t<td class=\"column-1\"><strong>Coup de pouce 4e<\/strong><\/td><td class=\"column-2\">El\u00e8ves ayant des difficult\u00e9s pour suivre le rythme en classe<br \/>\n8-10 \u00e9l\u00e8ves par groupe (2-3 \u00e9l\u00e8ves par classe)<br \/>\n<\/td><td class=\"column-3\">De vacances \u00e0 vacances (6 semaines) jusqu\u2019au 15\/04\/21<\/td><td class=\"column-4\">Le lundi entre 9h et 15h30 pour les 4e1\/3\/6 en salle 108<br \/>\nLe jeudi entre 9h et 15h30 pour les 4e2\/4\/5 en salle 108<\/td><td class=\"column-5\">Aupr\u00e8s de Mmes Pradoura (professeure de fran\u00e7ais\/RDS) et Milleville (CPE\/RDS)<\/td><td class=\"column-6\"><a href=\"http:\/\/www.college-wallon-ivry.fr\/wp-content\/uploads\/2020\/09\/coup-de-pouce-4-1.pdf\" rel=\"noopener noreferrer\" target=\"_blank\">Description<\/a><br \/>\n<br \/>\n<a href=\"http:\/\/www.college-wallon-ivry.fr\/wp-content\/uploads\/2020\/09\/Capture-coup-de-pouce-4.jpg\" rel=\"noopener noreferrer\" target=\"_blank\">Emploi du temps type et date des sessions<\/a><\/td>\n<\/tr>\n<tr class=\"row-7\">\n\t<td class=\"column-1\"><strong>Coup de pouce 3e<\/strong><\/td><td class=\"column-2\">El\u00e8ves de 3e inscrits au CFG et\/ou ayant besoin d\u2019aide pour pr\u00e9parer l\u2019oral du DNB<\/td><td class=\"column-3\">Du 20\/04 au 19\/06\/20<\/td><td class=\"column-4\">Sur la base de l\u2019EDT du dispositif CDP 4e , en salle 108<\/td><td class=\"column-5\">Aupr\u00e8s de Mmes Pradoura (professeure de fran\u00e7ais\/RDS) et Milleville (CPE\/RDS)<\/td><td class=\"column-6\"><a href=\"http:\/\/www.college-wallon-ivry.fr\/wp-content\/uploads\/2020\/09\/coup-de-pouce-3.pdf\" rel=\"noopener noreferrer\" target=\"_blank\">Description<\/a><\/td>\n<\/tr>\n<tr class=\"row-8\">\n\t<td class=\"column-1\"><strong>Point Ecoute Jeune<\/strong><\/td><td class=\"column-2\">El\u00e8ves cibl\u00e9s par le GPDS et les \u00e9quipes enseignantes<\/td><td class=\"column-3\">3 entretiens individuels par \u00e9l\u00e8ve<\/td><td class=\"column-4\">Le vendredi entre 12h30 et 13h15, \u00e0 l\u2019infirmerie<\/td><td class=\"column-5\">Aupr\u00e8s de Mmes Belaili (infirmi\u00e8re) et Boisgrosset (AS)<\/td><td class=\"column-6\"><\/td>\n<\/tr>\n<\/tbody>\n<\/table>\n<!-- #tablepress-1 from cache -->\n<\/div>\n<\/div><\/div><\/div><\/div><div id=\"pg-10507-1\"  class=\"panel-grid panel-no-style\" ><div id=\"pgc-10507-1-0\"  class=\"panel-grid-cell\" ><div id=\"panel-10507-1-0-0\" class=\"so-panel widget widget_sow-button panel-first-child\" data-index=\"3\" ><div\n\t\t\t\n\t\t\tclass=\"so-widget-sow-button so-widget-sow-button-atom-6abaf415da8b-10507\"\n\t\t\t\n\t\t><div class=\"ow-button-base ow-button-align-center\"\n>\n\t\t\t<a\n\t\t\t\tclass=\"sowb-button ow-icon-placement-left\" \t>\n\t\t<span>\n\t\t\t\n\t\t\tLes dispositifs en dehors du coll\u00e8ge\t\t<\/span>\n\t\t\t<\/a>\n\t<\/div>\n<\/div><\/div><div id=\"panel-10507-1-0-1\" class=\"so-panel widget widget_sow-editor panel-last-child\" data-index=\"4\" ><div\n\t\t\t\n\t\t\tclass=\"so-widget-sow-editor so-widget-sow-editor-base\"\n\t\t\t\n\t\t>\n<div class=\"siteorigin-widget-tinymce textwidget\">\n\t\n<table id=\"tablepress-2\" class=\"tablepress tablepress-id-2\">\n<thead>\n<tr class=\"row-1\">\n\t<th class=\"column-1\">Nom du dispositif<\/th><th class=\"column-2\">Pour qui ?<\/th><th class=\"column-3\">Dur\u00e9e de la session<\/th><th class=\"column-4\">O\u00f9 ?<\/th><th class=\"column-5\">Inscriptions<\/th>\n<\/tr>\n<\/thead>\n<tbody class=\"row-striping\">\n<tr class=\"row-2\">\n\t<td class=\"column-1\">DIF6<\/td><td class=\"column-2\">El\u00e8ves de 4e et 3e volontaires et autonomes auxquels est propos\u00e9 un parcours individualis\u00e9 de d\u00e9couverte des formations et des m\u00e9tiers (mini-stages d\u2019une demi-journ\u00e9e)<br \/>\n1 \u00e0 2 \u00e9l\u00e8ves par session<br \/>\nEl\u00e8ves de la 5e \u00e0 la 3e, en rupture avec l\u2019\u00e9cole, ayant de graves lacunes dans les connaissances de base et qui peuvent pr\u00e9senter un manque de confiance en soi et\/ou des probl\u00e8mes de comportements auxquels les prises en charges internes au coll\u00e8ge ne suffisent pas pour y rem\u00e9dier.<br \/>\n1 \u00e0 2 \u00e9l\u00e8ves par session<br \/>\n<\/td><td class=\"column-3\">3 sessions de 10 semaines<\/td><td class=\"column-4\">Diff\u00e9rents lyc\u00e9es du district accueillent les \u00e9l\u00e8ves. <\/td><td class=\"column-5\">Aupr\u00e8s de Mme Milleville<\/td>\n<\/tr>\n<tr class=\"row-3\">\n\t<td class=\"column-1\">Atelier <br \/>\nrelais<\/td><td class=\"column-2\">El\u00e8ves de la 5e \u00e0 la 3e, en rupture avec l\u2019\u00e9cole, ayant de graves lacunes dans les connaissances de base et qui peuvent pr\u00e9senter un manque de confiance en soi et\/ou des probl\u00e8mes de comportements auxquels les prises en charges internes au coll\u00e8ge ne suffisent pas pour y rem\u00e9dier.<br \/>\n1 \u00e0 2 \u00e9l\u00e8ves par session<br \/>\n<\/td><td class=\"column-3\">4 sessions de 6 semaines, avec un retour pr\u00e9vu chaque mercredi<\/td><td class=\"column-4\">28 rue Westermeyer, \u00e0 Ivry. <br \/>\nD\u00e9pend du coll\u00e8ge Moli\u00e8re.<\/td><td class=\"column-5\">Aupr\u00e8s de Mme Chancelade, Principale-adjointe, en lien avec le GPDS<\/td>\n<\/tr>\n<tr class=\"row-4\">\n\t<td class=\"column-1\">Classe <br \/>\nrelais<\/td><td class=\"column-2\">El\u00e8ves de la 6e \u00e0 la 3e, en rupture avec l\u2019\u00e9cole, ayant de graves lacunes dans les connaissances de base et qui peuvent pr\u00e9senter un manque de confiance en soi et\/ou des probl\u00e8mes de comportements auxquels les prises en charges internes au coll\u00e8ge ne suffisent pas pour y rem\u00e9dier. <br \/>\n1 \u00e0 2 \u00e9l\u00e8ves par session<br \/>\n<\/td><td class=\"column-3\">3 sessions de 9 semaines, avec un retour pr\u00e9vu chaque mercredi<\/td><td class=\"column-4\">247 rue Edouard Tremblay, \u00e0 Vitry. <br \/>\nD\u00e9pend du coll\u00e8ge A. Cherioux. <\/td><td class=\"column-5\">Aupr\u00e8s de Mme Chancelade, Principale-adjointe, en lien avec le GPDS<\/td>\n<\/tr>\n<tr class=\"row-5\">\n\t<td class=\"column-1\">Classe citoyenne<\/td><td class=\"column-2\">El\u00e8ves de la 5e \u00e0 la 3e faisant l\u2019objet d\u2019une exclusion temporaire de l\u2019\u00e9tablissement entre 2 et 5 jours. <\/td><td class=\"column-3\">2 \u00e0 5 jours du lundi au vendredi<\/td><td class=\"column-4\">11 avenue de Chanzy, \u00e0 Vitry. <br \/>\nD\u00e9pend du coll\u00e8ge F. Rabelais<\/td><td class=\"column-5\">Aupr\u00e8s de M. Bobin, Principal, ou de Mme Chancelade, Principale-adjointe, en lien avec le GPDS<\/td>\n<\/tr>\n<\/tbody>\n<\/table>\n<!-- #tablepress-2 from cache -->\n<\/div>\n<\/div><\/div><\/div><\/div><\/div><h3>Images li\u00e9es:<\/h3>","protected":false},"excerpt":{"rendered":"<p>EDT : Emploi Du Temps&nbsp;&nbsp; CFG : Certificat de Formation G\u00e9n\u00e9rale&nbsp; DNB : Dipl\u00f4me National du Brevet&nbsp;&nbsp; CPE : Conseill\u00e8re Principale d&rsquo;Education&nbsp;&nbsp; AS : Assistante sociale GPDS : Groupe de Pr\u00e9vention du D\u00e9crochage Scolaire&nbsp;&nbsp; RDS : R\u00e9f\u00e9rente D\u00e9crochage Scolaire<\/p>\n","protected":false},"author":1,"featured_media":0,"parent":0,"menu_order":0,"comment_status":"closed","ping_status":"closed","template":"","meta":{"ngg_post_thumbnail":0,"footnotes":""},"categories":[],"tags":[],"class_list":["post-10507","page","type-page","status-publish","czr-hentry"],"_links":{"self":[{"href":"https:\/\/www.college-wallon-ivry.fr\/index.php\/wp-json\/wp\/v2\/pages\/10507","targetHints":{"allow":["GET"]}}],"collection":[{"href":"https:\/\/www.college-wallon-ivry.fr\/index.php\/wp-json\/wp\/v2\/pages"}],"about":[{"href":"https:\/\/www.college-wallon-ivry.fr\/index.php\/wp-json\/wp\/v2\/types\/page"}],"author":[{"embeddable":true,"href":"https:\/\/www.college-wallon-ivry.fr\/index.php\/wp-json\/wp\/v2\/users\/1"}],"replies":[{"embeddable":true,"href":"https:\/\/www.college-wallon-ivry.fr\/index.php\/wp-json\/wp\/v2\/comments?post=10507"}],"version-history":[{"count":11,"href":"https:\/\/www.college-wallon-ivry.fr\/index.php\/wp-json\/wp\/v2\/pages\/10507\/revisions"}],"predecessor-version":[{"id":10531,"href":"https:\/\/www.college-wallon-ivry.fr\/index.php\/wp-json\/wp\/v2\/pages\/10507\/revisions\/10531"}],"wp:attachment":[{"href":"https:\/\/www.college-wallon-ivry.fr\/index.php\/wp-json\/wp\/v2\/media?parent=10507"}],"wp:term":[{"taxonomy":"category","embeddable":true,"href":"https:\/\/www.college-wallon-ivry.fr\/index.php\/wp-json\/wp\/v2\/categories?post=10507"},{"taxonomy":"post_tag","embeddable":true,"href":"https:\/\/www.college-wallon-ivry.fr\/index.php\/wp-json\/wp\/v2\/tags?post=10507"}],"curies":[{"name":"wp","href":"https:\/\/api.w.org\/{rel}","templated":true}]}}