{"id":11885,"date":"2021-04-03T17:17:51","date_gmt":"2021-04-03T15:17:51","guid":{"rendered":"http:\/\/www.college-wallon-ivry.fr\/?page_id=11885"},"modified":"2023-02-10T17:02:47","modified_gmt":"2023-02-10T16:02:47","slug":"11885-2","status":"publish","type":"page","link":"https:\/\/www.college-wallon-ivry.fr\/index.php\/11885-2\/","title":{"rendered":"Ann\u00e9e 2017\/2018"},"content":{"rendered":"<div id=\"pl-11885\"  class=\"panel-layout\" ><div id=\"pg-11885-0\"  class=\"panel-grid panel-no-style\" ><div id=\"pgc-11885-0-0\"  class=\"panel-grid-cell panel-grid-cell-mobile-last\" ><div id=\"panel-11885-0-0-0\" class=\"so-panel widget widget_sow-editor panel-first-child panel-last-child\" data-index=\"0\" ><div\n\t\t\t\n\t\t\tclass=\"so-widget-sow-editor so-widget-sow-editor-base\"\n\t\t\t\n\t\t>\n<div class=\"siteorigin-widget-tinymce textwidget\">\n\t<p>Ann\u00e9e 2017\/2018<\/p>\n<p><a href=\"http:\/\/www.college-wallon-ivry.fr\/index.php\/2018\/03\/02\/nogent-seine-visite-de-centrale\/\">Nogent sur seine: Visite de la centrale (2017\/2018)<\/a><\/p>\n<p><a href=\"http:\/\/www.college-wallon-ivry.fr\/index.php\/2018\/01\/24\/exposition-objets-de-resistance-1940-1945\/\">Archive d'Ivry: Exposition objets de r\u00e9sistance (2017\/2018)<\/a><\/p>\n<p><a href=\"http:\/\/www.college-wallon-ivry.fr\/index.php\/2018\/03\/20\/concours-de-manga\/\">Concours de manga 2017\/2018<\/a><\/p>\n<p><a href=\"http:\/\/www.college-wallon-ivry.fr\/index.php\/2018\/06\/10\/et-vive-le-theatre\/\">Th\u00e9\u00e2tre: les 3\u00e8me3 font leur spectacle (2017\/2018)<\/a><\/p>\n<p><a href=\"http:\/\/www.college-wallon-ivry.fr\/index.php\/2018\/05\/31\/film-danimation-de-la-classe-dupe2a\/\">Film d\u2019animation de la classe d\u2019UPE2A<\/a><\/p>\n<p><a href=\"http:\/\/www.college-wallon-ivry.fr\/index.php\/2018\/06\/25\/notre-cite-imaginaire\/\">Notre cit\u00e9 imaginaire \u2026.<\/a><\/p>\n<p><a href=\"http:\/\/www.college-wallon-ivry.fr\/index.php\/2018\/03\/02\/seconde-guerre-mondiale-temoignage-de-colette-zeif\/\">Seconde guerre mondiale: t\u00e9moignage de Colette Zeif<\/a><\/p>\n<\/div>\n<\/div><\/div><\/div><div id=\"pgc-11885-0-1\"  class=\"panel-grid-cell panel-grid-cell-empty\" ><\/div><\/div><\/div><h3>Images li\u00e9es:<\/h3>","protected":false},"excerpt":{"rendered":"<p>Ann\u00e9e 2017\/2018 Nogent sur seine: Visite de la centrale (2017\/2018) Archive d&rsquo;Ivry: Exposition objets de r\u00e9sistance (2017\/2018) Concours de manga 2017\/2018 Th\u00e9\u00e2tre: les 3\u00e8me3 font leur spectacle (2017\/2018) Film d\u2019animation de la classe d\u2019UPE2A Notre cit\u00e9 imaginaire \u2026. Seconde guerre mondiale: t\u00e9moignage de Colette Zeif<\/p>\n","protected":false},"author":1,"featured_media":0,"parent":0,"menu_order":0,"comment_status":"closed","ping_status":"closed","template":"","meta":{"ngg_post_thumbnail":0,"footnotes":""},"categories":[68],"tags":[],"class_list":{"0":"post-11885","1":"page","2":"type-page","3":"status-publish","5":"category-sorties-scolaires","6":"czr-hentry"},"_links":{"self":[{"href":"https:\/\/www.college-wallon-ivry.fr\/index.php\/wp-json\/wp\/v2\/pages\/11885","targetHints":{"allow":["GET"]}}],"collection":[{"href":"https:\/\/www.college-wallon-ivry.fr\/index.php\/wp-json\/wp\/v2\/pages"}],"about":[{"href":"https:\/\/www.college-wallon-ivry.fr\/index.php\/wp-json\/wp\/v2\/types\/page"}],"author":[{"embeddable":true,"href":"https:\/\/www.college-wallon-ivry.fr\/index.php\/wp-json\/wp\/v2\/users\/1"}],"replies":[{"embeddable":true,"href":"https:\/\/www.college-wallon-ivry.fr\/index.php\/wp-json\/wp\/v2\/comments?post=11885"}],"version-history":[{"count":3,"href":"https:\/\/www.college-wallon-ivry.fr\/index.php\/wp-json\/wp\/v2\/pages\/11885\/revisions"}],"predecessor-version":[{"id":13927,"href":"https:\/\/www.college-wallon-ivry.fr\/index.php\/wp-json\/wp\/v2\/pages\/11885\/revisions\/13927"}],"wp:attachment":[{"href":"https:\/\/www.college-wallon-ivry.fr\/index.php\/wp-json\/wp\/v2\/media?parent=11885"}],"wp:term":[{"taxonomy":"category","embeddable":true,"href":"https:\/\/www.college-wallon-ivry.fr\/index.php\/wp-json\/wp\/v2\/categories?post=11885"},{"taxonomy":"post_tag","embeddable":true,"href":"https:\/\/www.college-wallon-ivry.fr\/index.php\/wp-json\/wp\/v2\/tags?post=11885"}],"curies":[{"name":"wp","href":"https:\/\/api.w.org\/{rel}","templated":true}]}}