{"id":11888,"date":"2021-04-03T17:19:24","date_gmt":"2021-04-03T15:19:24","guid":{"rendered":"http:\/\/www.college-wallon-ivry.fr\/?page_id=11888"},"modified":"2023-02-10T16:55:42","modified_gmt":"2023-02-10T15:55:42","slug":"annee-2016-2017","status":"publish","type":"page","link":"https:\/\/www.college-wallon-ivry.fr\/index.php\/annee-2016-2017\/","title":{"rendered":"Ann\u00e9e 2016\/2017"},"content":{"rendered":"<div id=\"pl-11888\"  class=\"panel-layout\" ><div id=\"pg-11888-0\"  class=\"panel-grid panel-no-style\" ><div id=\"pgc-11888-0-0\"  class=\"panel-grid-cell panel-grid-cell-mobile-last\" ><div id=\"panel-11888-0-0-0\" class=\"so-panel widget widget_sow-editor panel-first-child panel-last-child\" data-index=\"0\" ><div\n\t\t\t\n\t\t\tclass=\"so-widget-sow-editor so-widget-sow-editor-base\"\n\t\t\t\n\t\t>\n<div class=\"siteorigin-widget-tinymce textwidget\">\n\t<p>Ann\u00e9e 2016\/2017<\/p>\n<p><a href=\"http:\/\/www.college-wallon-ivry.fr\/index.php\/2017\/06\/17\/eleves-de-3eme-2-spectacle\/\">Th\u00e9\u00e2tre: Les 3\u00e8me 2 montent sur sc\u00e8ne. (2016\/2017)<\/a><\/p>\n<p><a href=\"http:\/\/www.college-wallon-ivry.fr\/index.php\/les-aventures-pedagogiques\/annee-20162017\/archives-divry-et-memoire-de-seconde-guerre-mondiale\/\">Archives d'Ivry: Ivry bombard\u00e9e, exposition au Cabinet de curiosit\u00e9s (2016\/2017)<\/a><\/p>\n<p><a href=\"http:\/\/www.college-wallon-ivry.fr\/index.php\/les-aventures-pedagogiques\/annee-20162017\/performance-artistique-et-haruki-murakami-4eme2\/\">Performance artistique des 4\u00e8me2 : \"notre \u00e9trange CDI\" 2016\/2017<\/a><\/p>\n<p><a href=\"http:\/\/www.college-wallon-ivry.fr\/index.php\/2017\/03\/22\/238\/\">Semaine de la presse et des m\u00e9dias (2016\/2017<\/a>)<\/p>\n<p><a href=\"http:\/\/www.college-wallon-ivry.fr\/index.php\/les-aventures-pedagogiques\/annee-20162017\/projet-photo-3eme6\/\">\"Ivre, il vit\": Exposition photo des 3\u00e8me6 (2016\/2017)<\/a><\/p>\n<p><a href=\"http:\/\/www.college-wallon-ivry.fr\/index.php\/2017\/03\/27\/374\/\">Film d'animation 4\u00e8me3 (2016\/2017)<\/a><\/p>\n<p><a href=\"http:\/\/www.college-wallon-ivry.fr\/index.php\/2017\/03\/22\/journee-internatioanles-des-droits-des-femmes\/\">Expo des 5\u00e8me4: Journ\u00e9e internationale des droits des femmes (2016\/2017)<\/a><\/p>\n<p><a href=\"http:\/\/www.college-wallon-ivry.fr\/index.php\/2017\/06\/17\/festival-de-loh\/\">Festival de l'Oh (2016\/2017)<\/a><\/p>\n<p>&nbsp;<\/p>\n<p>&nbsp;<\/p>\n<p>&nbsp;<\/p>\n<\/div>\n<\/div><\/div><\/div><div id=\"pgc-11888-0-1\"  class=\"panel-grid-cell panel-grid-cell-empty\" ><\/div><\/div><\/div><h3>Images li\u00e9es:<\/h3>","protected":false},"excerpt":{"rendered":"<p>Ann\u00e9e 2016\/2017 Th\u00e9\u00e2tre: Les 3\u00e8me 2 montent sur sc\u00e8ne. (2016\/2017) Archives d&rsquo;Ivry: Ivry bombard\u00e9e, exposition au Cabinet de curiosit\u00e9s (2016\/2017) Performance artistique des 4\u00e8me2 : \u00ab\u00a0notre \u00e9trange CDI\u00a0\u00bb 2016\/2017 Semaine de la presse et des m\u00e9dias (2016\/2017) \u00ab\u00a0Ivre, il vit\u00a0\u00bb: Exposition photo des 3\u00e8me6 (2016\/2017) Film d&rsquo;animation 4\u00e8me3 (2016\/2017) Expo des 5\u00e8me4: Journ\u00e9e internationale des [&hellip;]<\/p>\n","protected":false},"author":1,"featured_media":0,"parent":0,"menu_order":0,"comment_status":"closed","ping_status":"closed","template":"","meta":{"ngg_post_thumbnail":0,"footnotes":""},"categories":[68],"tags":[],"class_list":{"0":"post-11888","1":"page","2":"type-page","3":"status-publish","5":"category-sorties-scolaires","6":"czr-hentry"},"_links":{"self":[{"href":"https:\/\/www.college-wallon-ivry.fr\/index.php\/wp-json\/wp\/v2\/pages\/11888","targetHints":{"allow":["GET"]}}],"collection":[{"href":"https:\/\/www.college-wallon-ivry.fr\/index.php\/wp-json\/wp\/v2\/pages"}],"about":[{"href":"https:\/\/www.college-wallon-ivry.fr\/index.php\/wp-json\/wp\/v2\/types\/page"}],"author":[{"embeddable":true,"href":"https:\/\/www.college-wallon-ivry.fr\/index.php\/wp-json\/wp\/v2\/users\/1"}],"replies":[{"embeddable":true,"href":"https:\/\/www.college-wallon-ivry.fr\/index.php\/wp-json\/wp\/v2\/comments?post=11888"}],"version-history":[{"count":2,"href":"https:\/\/www.college-wallon-ivry.fr\/index.php\/wp-json\/wp\/v2\/pages\/11888\/revisions"}],"predecessor-version":[{"id":13924,"href":"https:\/\/www.college-wallon-ivry.fr\/index.php\/wp-json\/wp\/v2\/pages\/11888\/revisions\/13924"}],"wp:attachment":[{"href":"https:\/\/www.college-wallon-ivry.fr\/index.php\/wp-json\/wp\/v2\/media?parent=11888"}],"wp:term":[{"taxonomy":"category","embeddable":true,"href":"https:\/\/www.college-wallon-ivry.fr\/index.php\/wp-json\/wp\/v2\/categories?post=11888"},{"taxonomy":"post_tag","embeddable":true,"href":"https:\/\/www.college-wallon-ivry.fr\/index.php\/wp-json\/wp\/v2\/tags?post=11888"}],"curies":[{"name":"wp","href":"https:\/\/api.w.org\/{rel}","templated":true}]}}