{"id":12674,"date":"2021-10-12T22:08:27","date_gmt":"2021-10-12T20:08:27","guid":{"rendered":"http:\/\/www.college-wallon-ivry.fr\/?page_id=12674"},"modified":"2021-10-12T22:18:24","modified_gmt":"2021-10-12T20:18:24","slug":"cvc","status":"publish","type":"page","link":"https:\/\/www.college-wallon-ivry.fr\/index.php\/cvc\/","title":{"rendered":"CVC"},"content":{"rendered":"<div id=\"pl-12674\"  class=\"panel-layout\" ><div id=\"pg-12674-0\"  class=\"panel-grid panel-no-style\" ><div id=\"pgc-12674-0-0\"  class=\"panel-grid-cell\" ><div id=\"panel-12674-0-0-0\" class=\"so-panel widget widget_sow-editor panel-first-child panel-last-child\" data-index=\"0\" ><div\n\t\t\t\n\t\t\tclass=\"so-widget-sow-editor so-widget-sow-editor-base\"\n\t\t\t\n\t\t>\n<div class=\"siteorigin-widget-tinymce textwidget\">\n\t<p>La saison 2021-2022 du Conseil de Vie Coll\u00e9gienne est lanc\u00e9e. Vous trouverez dans cette rubrique la fiche projet \u00e0 compl\u00e9ter avec vos camarades en heure de vie de classe par exemple. N'h\u00e9sitez pas \u00e0 aller voir vos d\u00e9l\u00e9gu\u00e9s.<\/p>\n<p>Vous devrez les remettre \u00e0 M. Plaisant (salle 110) ou Mme Milleville jusqu'au lundi 22 novembre.<\/p>\n<p>A vous de faire preuve de cr\u00e9ativit\u00e9 !<\/p>\n<\/div>\n<\/div><\/div><\/div><\/div><div id=\"pg-12674-1\"  class=\"panel-grid panel-no-style\" ><div id=\"pgc-12674-1-0\"  class=\"panel-grid-cell\" ><div id=\"panel-12674-1-0-0\" class=\"so-panel widget widget_sow-editor panel-first-child\" data-index=\"1\" ><div\n\t\t\t\n\t\t\tclass=\"so-widget-sow-editor so-widget-sow-editor-base\"\n\t\t\t\n\t\t>\n<div class=\"siteorigin-widget-tinymce textwidget\">\n\t<p>T\u00e9l\u00e9charger les fiches projets ci-dessous<\/p>\n<\/div>\n<\/div><\/div><div id=\"panel-12674-1-0-1\" class=\"so-panel widget widget_sow-image panel-last-child\" data-index=\"2\" ><div\n\t\t\t\n\t\t\tclass=\"so-widget-sow-image so-widget-sow-image-default-8b5b6f678277-12674\"\n\t\t\t\n\t\t>\n<div class=\"sow-image-container\">\n\t\t\t<a href=\"http:\/\/www.college-wallon-ivry.fr\/wp-content\/uploads\/2021\/10\/Fiche-projet-CVC-2021-2022.pdf\"\n\t\t\t\t\t>\n\t\t\t<img \n\tsrc=\"https:\/\/www.college-wallon-ivry.fr\/wp-content\/uploads\/2021\/10\/Capture-CVC.jpg\" width=\"955\" height=\"686\" srcset=\"https:\/\/www.college-wallon-ivry.fr\/wp-content\/uploads\/2021\/10\/Capture-CVC.jpg 955w, https:\/\/www.college-wallon-ivry.fr\/wp-content\/uploads\/2021\/10\/Capture-CVC-300x215.jpg 300w, https:\/\/www.college-wallon-ivry.fr\/wp-content\/uploads\/2021\/10\/Capture-CVC-768x552.jpg 768w, https:\/\/www.college-wallon-ivry.fr\/wp-content\/uploads\/2021\/10\/Capture-CVC-400x287.jpg 400w\" sizes=\"(max-width: 955px) 100vw, 955px\" title=\"Capture CVC\" alt=\"\" \t\tclass=\"so-widget-image\"\/>\n\t\t\t<\/a><\/div>\n\n<\/div><\/div><\/div><div id=\"pgc-12674-1-1\"  class=\"panel-grid-cell\" ><div id=\"panel-12674-1-1-0\" class=\"so-panel widget widget_sow-editor panel-first-child\" data-index=\"3\" ><div\n\t\t\t\n\t\t\tclass=\"so-widget-sow-editor so-widget-sow-editor-base\"\n\t\t\t\n\t\t>\n<div class=\"siteorigin-widget-tinymce textwidget\">\n\t<\/div>\n<\/div><\/div><div id=\"panel-12674-1-1-1\" class=\"so-panel widget widget_sow-image panel-last-child\" data-index=\"4\" ><div\n\t\t\t\n\t\t\tclass=\"so-widget-sow-image so-widget-sow-image-default-c67d20f9f743-12674\"\n\t\t\t\n\t\t>\n<div class=\"sow-image-container\">\n\t\t\t<a href=\"http:\/\/www.college-wallon-ivry.fr\/wp-content\/uploads\/2021\/10\/Fiche-projet-CVC-2021-2022.pdf\"\n\t\t\t\t\t>\n\t\t\t<img \n\tsrc=\"https:\/\/www.college-wallon-ivry.fr\/wp-content\/uploads\/2021\/10\/Capture-CVC-2.jpg\" width=\"909\" height=\"688\" srcset=\"https:\/\/www.college-wallon-ivry.fr\/wp-content\/uploads\/2021\/10\/Capture-CVC-2.jpg 909w, https:\/\/www.college-wallon-ivry.fr\/wp-content\/uploads\/2021\/10\/Capture-CVC-2-300x227.jpg 300w, https:\/\/www.college-wallon-ivry.fr\/wp-content\/uploads\/2021\/10\/Capture-CVC-2-768x581.jpg 768w, https:\/\/www.college-wallon-ivry.fr\/wp-content\/uploads\/2021\/10\/Capture-CVC-2-400x303.jpg 400w\" sizes=\"(max-width: 909px) 100vw, 909px\" title=\"Capture CVC 2\" alt=\"\" \t\tclass=\"so-widget-image\"\/>\n\t\t\t<\/a><\/div>\n\n<\/div><\/div><\/div><\/div><\/div><h3>Images li\u00e9es:<\/h3>","protected":false},"excerpt":{"rendered":"<p>La saison 2021-2022 du Conseil de Vie Coll\u00e9gienne est lanc\u00e9e. Vous trouverez dans cette rubrique la fiche projet \u00e0 compl\u00e9ter avec vos camarades en heure de vie de classe par exemple. N&rsquo;h\u00e9sitez pas \u00e0 aller voir vos d\u00e9l\u00e9gu\u00e9s. Vous devrez les remettre \u00e0 M. Plaisant (salle 110) ou Mme Milleville jusqu&rsquo;au lundi 22 novembre. A [&hellip;]<\/p>\n","protected":false},"author":1,"featured_media":0,"parent":0,"menu_order":0,"comment_status":"closed","ping_status":"closed","template":"","meta":{"ngg_post_thumbnail":0,"footnotes":""},"categories":[62],"tags":[],"class_list":{"0":"post-12674","1":"page","2":"type-page","3":"status-publish","5":"category-cvc","6":"czr-hentry"},"_links":{"self":[{"href":"https:\/\/www.college-wallon-ivry.fr\/index.php\/wp-json\/wp\/v2\/pages\/12674","targetHints":{"allow":["GET"]}}],"collection":[{"href":"https:\/\/www.college-wallon-ivry.fr\/index.php\/wp-json\/wp\/v2\/pages"}],"about":[{"href":"https:\/\/www.college-wallon-ivry.fr\/index.php\/wp-json\/wp\/v2\/types\/page"}],"author":[{"embeddable":true,"href":"https:\/\/www.college-wallon-ivry.fr\/index.php\/wp-json\/wp\/v2\/users\/1"}],"replies":[{"embeddable":true,"href":"https:\/\/www.college-wallon-ivry.fr\/index.php\/wp-json\/wp\/v2\/comments?post=12674"}],"version-history":[{"count":5,"href":"https:\/\/www.college-wallon-ivry.fr\/index.php\/wp-json\/wp\/v2\/pages\/12674\/revisions"}],"predecessor-version":[{"id":12679,"href":"https:\/\/www.college-wallon-ivry.fr\/index.php\/wp-json\/wp\/v2\/pages\/12674\/revisions\/12679"}],"wp:attachment":[{"href":"https:\/\/www.college-wallon-ivry.fr\/index.php\/wp-json\/wp\/v2\/media?parent=12674"}],"wp:term":[{"taxonomy":"category","embeddable":true,"href":"https:\/\/www.college-wallon-ivry.fr\/index.php\/wp-json\/wp\/v2\/categories?post=12674"},{"taxonomy":"post_tag","embeddable":true,"href":"https:\/\/www.college-wallon-ivry.fr\/index.php\/wp-json\/wp\/v2\/tags?post=12674"}],"curies":[{"name":"wp","href":"https:\/\/api.w.org\/{rel}","templated":true}]}}