{"id":3292,"date":"2018-09-07T22:27:22","date_gmt":"2018-09-07T20:27:22","guid":{"rendered":"http:\/\/www.college-wallon-ivry.fr\/?page_id=3292"},"modified":"2020-09-04T22:16:56","modified_gmt":"2020-09-04T20:16:56","slug":"pronote-eleves","status":"publish","type":"page","link":"https:\/\/www.college-wallon-ivry.fr\/index.php\/liens-utiles\/pronote-eleves\/","title":{"rendered":"Pronote \u00e9l\u00e8ves"},"content":{"rendered":"<div id=\"pl-3292\"  class=\"panel-layout\" ><div id=\"pg-3292-0\"  class=\"panel-grid panel-no-style\" ><div id=\"pgc-3292-0-0\"  class=\"panel-grid-cell\" ><div id=\"panel-3292-0-0-0\" class=\"so-panel widget widget_sow-button panel-first-child panel-last-child\" data-index=\"0\" ><div\n\t\t\t\n\t\t\tclass=\"so-widget-sow-button so-widget-sow-button-atom-1af021980a7f-3292\"\n\t\t\t\n\t\t><div class=\"ow-button-base ow-button-align-center\"\n>\n\t\t\t<a\n\t\t\t\t\thref=\"https:\/\/www.college-wallon-ivry.fr\/\"\n\t\t\t\t\tclass=\"sowb-button ow-icon-placement-top ow-button-hover\" \t>\n\t\t<span>\n\t\t\t<span class=\"sow-icon-fontawesome sow-far\" data-sow-icon=\"&#xf358;\"\n\t\tstyle=\"color: #000000\" \n\t\taria-hidden=\"true\"><\/span>\n\t\t\tAccueil du site du coll\u00e8ge : actualit\u00e9s, sorties, dates importantes, r\u00e9sultats AS...\t\t<\/span>\n\t\t\t<\/a>\n\t<\/div>\n<\/div><\/div><\/div><\/div><div id=\"pg-3292-1\"  class=\"panel-grid panel-no-style\" ><div id=\"pgc-3292-1-0\"  class=\"panel-grid-cell\" ><div id=\"panel-3292-1-0-0\" class=\"so-panel widget widget_sow-image panel-first-child\" data-index=\"1\" ><div\n\t\t\t\n\t\t\tclass=\"so-widget-sow-image so-widget-sow-image-default-c67d20f9f743-3292\"\n\t\t\t\n\t\t>\n<div class=\"sow-image-container\">\n\t\t\t<a href=\"https:\/\/0941781a.index-education.net\/ProNote\/eleve.html\"\n\t\t\t\t\t>\n\t\t\t<img \n\tsrc=\"https:\/\/www.college-wallon-ivry.fr\/wp-content\/uploads\/2018\/09\/PRONOTE-EspaceEleves.jpg\" width=\"301\" height=\"240\" srcset=\"https:\/\/www.college-wallon-ivry.fr\/wp-content\/uploads\/2018\/09\/PRONOTE-EspaceEleves.jpg 301w, https:\/\/www.college-wallon-ivry.fr\/wp-content\/uploads\/2018\/09\/PRONOTE-EspaceEleves-300x239.jpg 300w\" sizes=\"(max-width: 301px) 100vw, 301px\" alt=\"\" \t\tclass=\"so-widget-image\"\/>\n\t\t\t<\/a><\/div>\n\n<\/div><\/div><div id=\"panel-3292-1-0-1\" class=\"so-panel widget widget_sow-button panel-last-child\" data-index=\"2\" ><div\n\t\t\t\n\t\t\tclass=\"so-widget-sow-button so-widget-sow-button-wire-3dc300127561-3292\"\n\t\t\t\n\t\t><div class=\"ow-button-base ow-button-align-center\"\n>\n\t\t\t<a\n\t\t\t\t\thref=\"https:\/\/0941781a.index-education.net\/ProNote\/eleve.html\"\n\t\t\t\t\tclass=\"sowb-button ow-icon-placement-left ow-button-hover\" \t>\n\t\t<span>\n\t\t\t\n\t\t\tPronote \u00e9l\u00e8ves\t\t<\/span>\n\t\t\t<\/a>\n\t<\/div>\n<\/div><\/div><\/div><\/div><\/div><h3>Images li\u00e9es:<\/h3>","protected":false},"excerpt":{"rendered":"<p>Accueil du site du coll\u00e8ge : actualit\u00e9s, sorties, dates importantes, r\u00e9sultats AS&#8230; Pronote \u00e9l\u00e8ves Images li\u00e9es:<\/p>\n","protected":false},"author":1,"featured_media":0,"parent":69,"menu_order":0,"comment_status":"closed","ping_status":"closed","template":"","meta":{"ngg_post_thumbnail":0,"footnotes":""},"categories":[],"tags":[],"class_list":["post-3292","page","type-page","status-publish","czr-hentry"],"_links":{"self":[{"href":"https:\/\/www.college-wallon-ivry.fr\/index.php\/wp-json\/wp\/v2\/pages\/3292","targetHints":{"allow":["GET"]}}],"collection":[{"href":"https:\/\/www.college-wallon-ivry.fr\/index.php\/wp-json\/wp\/v2\/pages"}],"about":[{"href":"https:\/\/www.college-wallon-ivry.fr\/index.php\/wp-json\/wp\/v2\/types\/page"}],"author":[{"embeddable":true,"href":"https:\/\/www.college-wallon-ivry.fr\/index.php\/wp-json\/wp\/v2\/users\/1"}],"replies":[{"embeddable":true,"href":"https:\/\/www.college-wallon-ivry.fr\/index.php\/wp-json\/wp\/v2\/comments?post=3292"}],"version-history":[{"count":12,"href":"https:\/\/www.college-wallon-ivry.fr\/index.php\/wp-json\/wp\/v2\/pages\/3292\/revisions"}],"predecessor-version":[{"id":10517,"href":"https:\/\/www.college-wallon-ivry.fr\/index.php\/wp-json\/wp\/v2\/pages\/3292\/revisions\/10517"}],"up":[{"embeddable":true,"href":"https:\/\/www.college-wallon-ivry.fr\/index.php\/wp-json\/wp\/v2\/pages\/69"}],"wp:attachment":[{"href":"https:\/\/www.college-wallon-ivry.fr\/index.php\/wp-json\/wp\/v2\/media?parent=3292"}],"wp:term":[{"taxonomy":"category","embeddable":true,"href":"https:\/\/www.college-wallon-ivry.fr\/index.php\/wp-json\/wp\/v2\/categories?post=3292"},{"taxonomy":"post_tag","embeddable":true,"href":"https:\/\/www.college-wallon-ivry.fr\/index.php\/wp-json\/wp\/v2\/tags?post=3292"}],"curies":[{"name":"wp","href":"https:\/\/api.w.org\/{rel}","templated":true}]}}