{"id":3393,"date":"2018-09-09T15:53:47","date_gmt":"2018-09-09T13:53:47","guid":{"rendered":"http:\/\/www.college-wallon-ivry.fr\/?page_id=3393"},"modified":"2018-09-10T00:28:04","modified_gmt":"2018-09-09T22:28:04","slug":"les-photos","status":"publish","type":"page","link":"https:\/\/www.college-wallon-ivry.fr\/index.php\/letablissement\/les-photos\/","title":{"rendered":"Phototh\u00e8que"},"content":{"rendered":"<div id=\"pl-3393\"  class=\"panel-layout\" ><div id=\"pg-3393-0\"  class=\"panel-grid panel-no-style\" ><div id=\"pgc-3393-0-0\"  class=\"panel-grid-cell\" ><div id=\"panel-3393-0-0-0\" class=\"so-panel widget widget_sow-image panel-first-child\" data-index=\"0\" ><div\n\t\t\t\n\t\t\tclass=\"so-widget-sow-image so-widget-sow-image-default-c67d20f9f743-3393\"\n\t\t\t\n\t\t>\n<div class=\"sow-image-container\">\n\t\t\t<a href=\"https:\/\/www.college-wallon-ivry.fr\/index.php\/letablissement\/les-photos\/cite-imaginaire-2\/\"\n\t\t\t\t\t>\n\t\t\t<img \n\tsrc=\"https:\/\/www.college-wallon-ivry.fr\/wp-content\/uploads\/2018\/06\/IMG_4587-RED-1-150x150.jpg\" width=\"150\" height=\"150\" srcset=\"https:\/\/www.college-wallon-ivry.fr\/wp-content\/uploads\/2018\/06\/IMG_4587-RED-1-150x150.jpg 150w, https:\/\/www.college-wallon-ivry.fr\/wp-content\/uploads\/2018\/06\/IMG_4587-RED-1-200x200.jpg 200w\" sizes=\"(max-width: 150px) 100vw, 150px\" title=\"IMG_4587 RED\" alt=\"\" \t\tclass=\"so-widget-image\"\/>\n\t\t\t<\/a><\/div>\n\n<\/div><\/div><div id=\"panel-3393-0-0-1\" class=\"so-panel widget widget_sow-button panel-last-child\" data-index=\"1\" ><div\n\t\t\t\n\t\t\tclass=\"so-widget-sow-button so-widget-sow-button-wire-79c6e6207ebf-3393\"\n\t\t\t\n\t\t><div class=\"ow-button-base ow-button-align-center\"\n>\n\t\t\t<a\n\t\t\t\t\thref=\"https:\/\/www.college-wallon-ivry.fr\/index.php\/letablissement\/les-photos\/cite-imaginaire-2\/\"\n\t\t\t\t\tclass=\"sowb-button ow-icon-placement-left ow-button-hover\" \t>\n\t\t<span>\n\t\t\t\n\t\t\tCit\u00e9 imaginaire\t\t<\/span>\n\t\t\t<\/a>\n\t<\/div>\n<\/div><\/div><\/div><div id=\"pgc-3393-0-1\"  class=\"panel-grid-cell\" ><div id=\"panel-3393-0-1-0\" class=\"so-panel widget widget_sow-image panel-first-child\" data-index=\"2\" ><div\n\t\t\t\n\t\t\tclass=\"so-widget-sow-image so-widget-sow-image-default-c67d20f9f743-3393\"\n\t\t\t\n\t\t>\n<div class=\"sow-image-container\">\n\t\t\t<a href=\"https:\/\/www.college-wallon-ivry.fr\/index.php\/cross-du-college\/cross-college\/\"\n\t\t\t\t\t>\n\t\t\t<img \n\tsrc=\"https:\/\/www.college-wallon-ivry.fr\/wp-content\/uploads\/2017\/11\/P1240471-150x150.jpg\" width=\"150\" height=\"150\" srcset=\"https:\/\/www.college-wallon-ivry.fr\/wp-content\/uploads\/2017\/11\/P1240471-150x150.jpg 150w, https:\/\/www.college-wallon-ivry.fr\/wp-content\/uploads\/2017\/11\/P1240471-200x200.jpg 200w\" sizes=\"(max-width: 150px) 100vw, 150px\" alt=\"\" \t\tclass=\"so-widget-image\"\/>\n\t\t\t<\/a><\/div>\n\n<\/div><\/div><div id=\"panel-3393-0-1-1\" class=\"so-panel widget widget_sow-button panel-last-child\" data-index=\"3\" ><div\n\t\t\t\n\t\t\tclass=\"so-widget-sow-button so-widget-sow-button-wire-79c6e6207ebf-3393\"\n\t\t\t\n\t\t><div class=\"ow-button-base ow-button-align-center\"\n>\n\t\t\t<a\n\t\t\t\t\thref=\"https:\/\/www.college-wallon-ivry.fr\/index.php\/cross-du-college\/cross-college\/\"\n\t\t\t\t\tclass=\"sowb-button ow-icon-placement-left ow-button-hover\" \t>\n\t\t<span>\n\t\t\t\n\t\t\tCross du coll\u00e8ge\t\t<\/span>\n\t\t\t<\/a>\n\t<\/div>\n<\/div><\/div><\/div><div id=\"pgc-3393-0-2\"  class=\"panel-grid-cell\" ><div id=\"panel-3393-0-2-0\" class=\"so-panel widget widget_sow-image panel-first-child\" data-index=\"4\" ><div\n\t\t\t\n\t\t\tclass=\"so-widget-sow-image so-widget-sow-image-default-c67d20f9f743-3393\"\n\t\t\t\n\t\t>\n<div class=\"sow-image-container\">\n\t\t\t<a href=\"https:\/\/www.college-wallon-ivry.fr\/index.php\/concert-la-sirene\/\"\n\t\t\t\t\t>\n\t\t\t<img \n\tsrc=\"https:\/\/www.college-wallon-ivry.fr\/wp-content\/uploads\/2017\/12\/P1240734-150x150.jpg\" width=\"150\" height=\"150\" srcset=\"https:\/\/www.college-wallon-ivry.fr\/wp-content\/uploads\/2017\/12\/P1240734-150x150.jpg 150w, https:\/\/www.college-wallon-ivry.fr\/wp-content\/uploads\/2017\/12\/P1240734-200x200.jpg 200w\" sizes=\"(max-width: 150px) 100vw, 150px\" alt=\"\" \t\tclass=\"so-widget-image\"\/>\n\t\t\t<\/a><\/div>\n\n<\/div><\/div><div id=\"panel-3393-0-2-1\" class=\"so-panel widget widget_sow-button panel-last-child\" data-index=\"5\" ><div\n\t\t\t\n\t\t\tclass=\"so-widget-sow-button so-widget-sow-button-wire-653016691d13-3393\"\n\t\t\t\n\t\t><div class=\"ow-button-base ow-button-align-center\"\n>\n\t\t\t<a\n\t\t\t\t\thref=\"https:\/\/www.college-wallon-ivry.fr\/index.php\/concert-la-sirene\/\"\n\t\t\t\t\tclass=\"sowb-button ow-icon-placement-left ow-button-hover\" \t>\n\t\t<span>\n\t\t\t\n\t\t\tConcert la Sir\u00e8ne\t\t<\/span>\n\t\t\t<\/a>\n\t<\/div>\n<\/div><\/div><\/div><\/div><div id=\"pg-3393-1\"  class=\"panel-grid panel-no-style\" ><div id=\"pgc-3393-1-0\"  class=\"panel-grid-cell\" ><div id=\"panel-3393-1-0-0\" class=\"so-panel widget widget_sow-image panel-first-child\" data-index=\"6\" ><div\n\t\t\t\n\t\t\tclass=\"so-widget-sow-image so-widget-sow-image-default-c67d20f9f743-3393\"\n\t\t\t\n\t\t>\n<div class=\"sow-image-container\">\n\t\t\t<a href=\"https:\/\/www.college-wallon-ivry.fr\/index.php\/danse-rencontre-departementale-2\/\"\n\t\t\t\t\t>\n\t\t\t<img \n\tsrc=\"https:\/\/www.college-wallon-ivry.fr\/wp-content\/uploads\/2018\/03\/IMG_0029-150x150.jpg\" width=\"150\" height=\"150\" srcset=\"https:\/\/www.college-wallon-ivry.fr\/wp-content\/uploads\/2018\/03\/IMG_0029-150x150.jpg 150w, https:\/\/www.college-wallon-ivry.fr\/wp-content\/uploads\/2018\/03\/IMG_0029-200x200.jpg 200w\" sizes=\"(max-width: 150px) 100vw, 150px\" alt=\"\" \t\tclass=\"so-widget-image\"\/>\n\t\t\t<\/a><\/div>\n\n<\/div><\/div><div id=\"panel-3393-1-0-1\" class=\"so-panel widget widget_sow-button panel-last-child\" data-index=\"7\" ><div\n\t\t\t\n\t\t\tclass=\"so-widget-sow-button so-widget-sow-button-wire-79c6e6207ebf-3393\"\n\t\t\t\n\t\t><div class=\"ow-button-base ow-button-align-center\"\n>\n\t\t\t<a\n\t\t\t\t\thref=\"https:\/\/www.college-wallon-ivry.fr\/index.php\/danse-rencontre-departementale-2\/\"\n\t\t\t\t\tclass=\"sowb-button ow-icon-placement-left ow-button-hover\" \t>\n\t\t<span>\n\t\t\t\n\t\t\tDanse rencontre d\u00e9partementale\t\t<\/span>\n\t\t\t<\/a>\n\t<\/div>\n<\/div><\/div><\/div><div id=\"pgc-3393-1-1\"  class=\"panel-grid-cell\" ><div id=\"panel-3393-1-1-0\" class=\"so-panel widget widget_sow-image panel-first-child\" data-index=\"8\" ><div\n\t\t\t\n\t\t\tclass=\"so-widget-sow-image so-widget-sow-image-default-c67d20f9f743-3393\"\n\t\t\t\n\t\t>\n<div class=\"sow-image-container\">\n\t\t\t<a href=\"https:\/\/www.college-wallon-ivry.fr\/index.php\/film-danimation-2018\/\"\n\t\t\t\t\t>\n\t\t\t<img \n\tsrc=\"https:\/\/www.college-wallon-ivry.fr\/wp-content\/uploads\/2018\/06\/P1250214-150x150.jpg\" width=\"150\" height=\"150\" srcset=\"https:\/\/www.college-wallon-ivry.fr\/wp-content\/uploads\/2018\/06\/P1250214-150x150.jpg 150w, https:\/\/www.college-wallon-ivry.fr\/wp-content\/uploads\/2018\/06\/P1250214-200x200.jpg 200w\" sizes=\"(max-width: 150px) 100vw, 150px\" alt=\"\" \t\tclass=\"so-widget-image\"\/>\n\t\t\t<\/a><\/div>\n\n<\/div><\/div><div id=\"panel-3393-1-1-1\" class=\"so-panel widget widget_sow-button panel-last-child\" data-index=\"9\" ><div\n\t\t\t\n\t\t\tclass=\"so-widget-sow-button so-widget-sow-button-wire-79c6e6207ebf-3393\"\n\t\t\t\n\t\t><div class=\"ow-button-base ow-button-align-center\"\n>\n\t\t\t<a\n\t\t\t\t\thref=\"https:\/\/www.college-wallon-ivry.fr\/index.php\/theatre-2018\/\"\n\t\t\t\t\tclass=\"sowb-button ow-icon-placement-left ow-button-hover\" \t>\n\t\t<span>\n\t\t\t\n\t\t\tTh\u00e9\u00e2tre 3\u00e8me3 2018\t\t<\/span>\n\t\t\t<\/a>\n\t<\/div>\n<\/div><\/div><\/div><div id=\"pgc-3393-1-2\"  class=\"panel-grid-cell\" ><div id=\"panel-3393-1-2-0\" class=\"so-panel widget widget_sow-image panel-first-child\" data-index=\"10\" ><div\n\t\t\t\n\t\t\tclass=\"so-widget-sow-image so-widget-sow-image-default-c67d20f9f743-3393\"\n\t\t\t\n\t\t>\n<div class=\"sow-image-container\">\n\t\t\t<a href=\"https:\/\/www.college-wallon-ivry.fr\/index.php\/film-danimation-2018\/\"\n\t\t\t\t\t>\n\t\t\t<img \n\tsrc=\"https:\/\/www.college-wallon-ivry.fr\/wp-content\/uploads\/2018\/03\/DSCN0225-150x150.jpg\" width=\"150\" height=\"150\" srcset=\"https:\/\/www.college-wallon-ivry.fr\/wp-content\/uploads\/2018\/03\/DSCN0225-150x150.jpg 150w, https:\/\/www.college-wallon-ivry.fr\/wp-content\/uploads\/2018\/03\/DSCN0225-200x200.jpg 200w\" sizes=\"(max-width: 150px) 100vw, 150px\" alt=\"\" \t\tclass=\"so-widget-image\"\/>\n\t\t\t<\/a><\/div>\n\n<\/div><\/div><div id=\"panel-3393-1-2-1\" class=\"so-panel widget widget_sow-button panel-last-child\" data-index=\"11\" ><div\n\t\t\t\n\t\t\tclass=\"so-widget-sow-button so-widget-sow-button-wire-bb10652809a9-3393\"\n\t\t\t\n\t\t><div class=\"ow-button-base ow-button-align-center\"\n>\n\t\t\t<a\n\t\t\t\t\thref=\"https:\/\/www.college-wallon-ivry.fr\/index.php\/film-danimation-2018\/\"\n\t\t\t\t\tclass=\"sowb-button ow-icon-placement-left ow-button-hover\" \t>\n\t\t<span>\n\t\t\t\n\t\t\tFilm d'animation 2018\t\t<\/span>\n\t\t\t<\/a>\n\t<\/div>\n<\/div><\/div><\/div><\/div><div id=\"pg-3393-2\"  class=\"panel-grid panel-no-style\" ><div id=\"pgc-3393-2-0\"  class=\"panel-grid-cell\" ><div id=\"panel-3393-2-0-0\" class=\"so-panel widget widget_sow-image panel-first-child\" data-index=\"12\" ><div\n\t\t\t\n\t\t\tclass=\"so-widget-sow-image so-widget-sow-image-default-c67d20f9f743-3393\"\n\t\t\t\n\t\t>\n<div class=\"sow-image-container\">\n\t\t\t<a href=\"https:\/\/www.college-wallon-ivry.fr\/index.php\/voyage-bois-le-roi-2018\/\"\n\t\t\t\t\t>\n\t\t\t<img \n\tsrc=\"https:\/\/www.college-wallon-ivry.fr\/wp-content\/uploads\/2018\/07\/IMG_4499-150x150.jpg\" width=\"150\" height=\"150\" srcset=\"https:\/\/www.college-wallon-ivry.fr\/wp-content\/uploads\/2018\/07\/IMG_4499-150x150.jpg 150w, https:\/\/www.college-wallon-ivry.fr\/wp-content\/uploads\/2018\/07\/IMG_4499-300x300.jpg 300w, https:\/\/www.college-wallon-ivry.fr\/wp-content\/uploads\/2018\/07\/IMG_4499-768x768.jpg 768w, https:\/\/www.college-wallon-ivry.fr\/wp-content\/uploads\/2018\/07\/IMG_4499-1024x1024.jpg 1024w, https:\/\/www.college-wallon-ivry.fr\/wp-content\/uploads\/2018\/07\/IMG_4499-200x200.jpg 200w, https:\/\/www.college-wallon-ivry.fr\/wp-content\/uploads\/2018\/07\/IMG_4499-400x400.jpg 400w\" sizes=\"(max-width: 150px) 100vw, 150px\" alt=\"\" \t\tclass=\"so-widget-image\"\/>\n\t\t\t<\/a><\/div>\n\n<\/div><\/div><div id=\"panel-3393-2-0-1\" class=\"so-panel widget widget_sow-button panel-last-child\" data-index=\"13\" ><div\n\t\t\t\n\t\t\tclass=\"so-widget-sow-button so-widget-sow-button-wire-79c6e6207ebf-3393\"\n\t\t\t\n\t\t><div class=\"ow-button-base ow-button-align-center\"\n>\n\t\t\t<a\n\t\t\t\t\thref=\"https:\/\/www.college-wallon-ivry.fr\/index.php\/voyage-bois-le-roi-2018\/\"\n\t\t\t\t\tclass=\"sowb-button ow-icon-placement-left ow-button-hover\" \t>\n\t\t<span>\n\t\t\t\n\t\t\tVoyage Bois-le-roi 2018\t\t<\/span>\n\t\t\t<\/a>\n\t<\/div>\n<\/div><\/div><\/div><div id=\"pgc-3393-2-1\"  class=\"panel-grid-cell\" ><div id=\"panel-3393-2-1-0\" class=\"so-panel widget widget_sow-image panel-first-child\" data-index=\"14\" ><div\n\t\t\t\n\t\t\tclass=\"so-widget-sow-image so-widget-sow-image-default-c67d20f9f743-3393\"\n\t\t\t\n\t\t>\n<div class=\"sow-image-container\">\n\t\t\t<a href=\"https:\/\/www.college-wallon-ivry.fr\/index.php\/voyage-a-rome\/\"\n\t\t\t\t\t>\n\t\t\t<img \n\tsrc=\"https:\/\/www.college-wallon-ivry.fr\/wp-content\/uploads\/2018\/09\/P1250404-150x150.jpg\" width=\"150\" height=\"150\" srcset=\"https:\/\/www.college-wallon-ivry.fr\/wp-content\/uploads\/2018\/09\/P1250404-150x150.jpg 150w, https:\/\/www.college-wallon-ivry.fr\/wp-content\/uploads\/2018\/09\/P1250404-200x200.jpg 200w\" sizes=\"(max-width: 150px) 100vw, 150px\" alt=\"\" \t\tclass=\"so-widget-image\"\/>\n\t\t\t<\/a><\/div>\n\n<\/div><\/div><div id=\"panel-3393-2-1-1\" class=\"so-panel widget widget_sow-button panel-last-child\" data-index=\"15\" ><div\n\t\t\t\n\t\t\tclass=\"so-widget-sow-button so-widget-sow-button-wire-79c6e6207ebf-3393\"\n\t\t\t\n\t\t><div class=\"ow-button-base ow-button-align-center\"\n>\n\t\t\t<a\n\t\t\t\t\thref=\"https:\/\/www.college-wallon-ivry.fr\/index.php\/voyage-a-rome\/\"\n\t\t\t\t\tclass=\"sowb-button ow-icon-placement-left ow-button-hover\" \t>\n\t\t<span>\n\t\t\t\n\t\t\tVoyage \u00e0 Rome 2018\t\t<\/span>\n\t\t\t<\/a>\n\t<\/div>\n<\/div><\/div><\/div><div id=\"pgc-3393-2-2\"  class=\"panel-grid-cell\" ><div id=\"panel-3393-2-2-0\" class=\"so-panel widget widget_sow-image panel-first-child\" data-index=\"16\" ><div\n\t\t\t\n\t\t\tclass=\"so-widget-sow-image so-widget-sow-image-default-c67d20f9f743-3393\"\n\t\t\t\n\t\t>\n<div class=\"sow-image-container\">\n\t\t\t<a href=\"https:\/\/www.college-wallon-ivry.fr\/index.php\/voyage-en-angleterre\/\"\n\t\t\t\t\t>\n\t\t\t<img \n\tsrc=\"https:\/\/www.college-wallon-ivry.fr\/wp-content\/uploads\/2017\/05\/DSC_0003_91-150x150.jpg\" width=\"150\" height=\"150\" srcset=\"https:\/\/www.college-wallon-ivry.fr\/wp-content\/uploads\/2017\/05\/DSC_0003_91-150x150.jpg 150w, https:\/\/www.college-wallon-ivry.fr\/wp-content\/uploads\/2017\/05\/DSC_0003_91-200x200.jpg 200w\" sizes=\"(max-width: 150px) 100vw, 150px\" title=\"DSC_0003_9[1]\" alt=\"\" \t\tclass=\"so-widget-image\"\/>\n\t\t\t<\/a><\/div>\n\n<\/div><\/div><div id=\"panel-3393-2-2-1\" class=\"so-panel widget widget_sow-button panel-last-child\" data-index=\"17\" ><div\n\t\t\t\n\t\t\tclass=\"so-widget-sow-button so-widget-sow-button-wire-79c6e6207ebf-3393\"\n\t\t\t\n\t\t><div class=\"ow-button-base ow-button-align-center\"\n>\n\t\t\t<a\n\t\t\t\t\thref=\"https:\/\/www.college-wallon-ivry.fr\/index.php\/voyage-en-angleterre\/\"\n\t\t\t\t\tclass=\"sowb-button ow-icon-placement-left ow-button-hover\" \t>\n\t\t<span>\n\t\t\t\n\t\t\tVoyage en Angleterre\t\t<\/span>\n\t\t\t<\/a>\n\t<\/div>\n<\/div><\/div><\/div><\/div><div id=\"pg-3393-3\"  class=\"panel-grid panel-no-style\" ><div id=\"pgc-3393-3-0\"  class=\"panel-grid-cell\" ><div id=\"panel-3393-3-0-0\" class=\"so-panel widget widget_sow-image panel-first-child\" data-index=\"18\" ><div\n\t\t\t\n\t\t\tclass=\"so-widget-sow-image so-widget-sow-image-default-c67d20f9f743-3393\"\n\t\t\t\n\t\t>\n<div class=\"sow-image-container\">\n\t\t\t<a href=\"https:\/\/www.college-wallon-ivry.fr\/index.php\/handball-le-photomix\/\"\n\t\t\t\t\t>\n\t\t\t<img \n\tsrc=\"https:\/\/www.college-wallon-ivry.fr\/wp-content\/uploads\/2017\/11\/IMG_2068-e1510600946324-150x150.jpg\" width=\"150\" height=\"150\" srcset=\"https:\/\/www.college-wallon-ivry.fr\/wp-content\/uploads\/2017\/11\/IMG_2068-e1510600946324-150x150.jpg 150w, https:\/\/www.college-wallon-ivry.fr\/wp-content\/uploads\/2017\/11\/IMG_2068-e1510600946324-200x200.jpg 200w\" sizes=\"(max-width: 150px) 100vw, 150px\" title=\"IMG_2068\" alt=\"\" \t\tclass=\"so-widget-image\"\/>\n\t\t\t<\/a><\/div>\n\n<\/div><\/div><div id=\"panel-3393-3-0-1\" class=\"so-panel widget widget_sow-button panel-last-child\" data-index=\"19\" ><div\n\t\t\t\n\t\t\tclass=\"so-widget-sow-button so-widget-sow-button-wire-79c6e6207ebf-3393\"\n\t\t\t\n\t\t><div class=\"ow-button-base ow-button-align-center\"\n>\n\t\t\t<a\n\t\t\t\t\thref=\"https:\/\/www.college-wallon-ivry.fr\/index.php\/handball-le-photomix\/\"\n\t\t\t\t\tclass=\"sowb-button ow-icon-placement-left ow-button-hover\" \t>\n\t\t<span>\n\t\t\t\n\t\t\tHanball: le photomix\t\t<\/span>\n\t\t\t<\/a>\n\t<\/div>\n<\/div><\/div><\/div><div id=\"pgc-3393-3-1\"  class=\"panel-grid-cell\" ><div id=\"panel-3393-3-1-0\" class=\"so-panel widget widget_sow-image panel-first-child\" data-index=\"20\" ><div\n\t\t\t\n\t\t\tclass=\"so-widget-sow-image so-widget-sow-image-default-c67d20f9f743-3393\"\n\t\t\t\n\t\t>\n<div class=\"sow-image-container\">\n\t\t\t<a href=\"https:\/\/www.college-wallon-ivry.fr\/index.php\/manga-deleves\/\"\n\t\t\t\t\t>\n\t\t\t<img \n\tsrc=\"https:\/\/www.college-wallon-ivry.fr\/wp-content\/uploads\/2017\/05\/IMG_0002-2-150x150.jpg\" width=\"150\" height=\"150\" srcset=\"https:\/\/www.college-wallon-ivry.fr\/wp-content\/uploads\/2017\/05\/IMG_0002-2-150x150.jpg 150w, https:\/\/www.college-wallon-ivry.fr\/wp-content\/uploads\/2017\/05\/IMG_0002-2-200x200.jpg 200w\" sizes=\"(max-width: 150px) 100vw, 150px\" title=\"IMG_0002 (2)\" alt=\"\" \t\tclass=\"so-widget-image\"\/>\n\t\t\t<\/a><\/div>\n\n<\/div><\/div><div id=\"panel-3393-3-1-1\" class=\"so-panel widget widget_sow-button panel-last-child\" data-index=\"21\" ><div\n\t\t\t\n\t\t\tclass=\"so-widget-sow-button so-widget-sow-button-wire-79c6e6207ebf-3393\"\n\t\t\t\n\t\t><div class=\"ow-button-base ow-button-align-center\"\n>\n\t\t\t<a\n\t\t\t\t\thref=\"https:\/\/www.college-wallon-ivry.fr\/index.php\/manga-deleves\/\"\n\t\t\t\t\tclass=\"sowb-button ow-icon-placement-left ow-button-hover\" \t>\n\t\t<span>\n\t\t\t\n\t\t\tManga d'\u00e9l\u00e8ves\t\t<\/span>\n\t\t\t<\/a>\n\t<\/div>\n<\/div><\/div><\/div><div id=\"pgc-3393-3-2\"  class=\"panel-grid-cell\" ><div id=\"panel-3393-3-2-0\" class=\"so-panel widget widget_sow-image panel-first-child\" data-index=\"22\" ><div\n\t\t\t\n\t\t\tclass=\"so-widget-sow-image so-widget-sow-image-default-c67d20f9f743-3393\"\n\t\t\t\n\t\t>\n<div class=\"sow-image-container\">\n\t\t\t<a href=\"https:\/\/www.college-wallon-ivry.fr\/index.php\/journee-des-droits-des-femmes\/\"\n\t\t\t\t\t>\n\t\t\t<img \n\tsrc=\"https:\/\/www.college-wallon-ivry.fr\/wp-content\/uploads\/2017\/03\/P1180131-150x150.jpg\" width=\"150\" height=\"150\" sizes=\"(max-width: 150px) 100vw, 150px\" alt=\"\" \t\tclass=\"so-widget-image\"\/>\n\t\t\t<\/a><\/div>\n\n<\/div><\/div><div id=\"panel-3393-3-2-1\" class=\"so-panel widget widget_sow-button panel-last-child\" data-index=\"23\" ><div\n\t\t\t\n\t\t\tclass=\"so-widget-sow-button so-widget-sow-button-wire-79c6e6207ebf-3393\"\n\t\t\t\n\t\t><div class=\"ow-button-base ow-button-align-center\"\n>\n\t\t\t<a\n\t\t\t\t\thref=\"https:\/\/www.college-wallon-ivry.fr\/index.php\/journee-des-droits-des-femmes\/\"\n\t\t\t\t\tclass=\"sowb-button ow-icon-placement-left ow-button-hover\" \t>\n\t\t<span>\n\t\t\t\n\t\t\tJourn\u00e9e des droits des femmes\t\t<\/span>\n\t\t\t<\/a>\n\t<\/div>\n<\/div><\/div><\/div><\/div><div id=\"pg-3393-4\"  class=\"panel-grid panel-no-style\" ><div id=\"pgc-3393-4-0\"  class=\"panel-grid-cell\" ><div id=\"panel-3393-4-0-0\" class=\"so-panel widget widget_sow-image panel-first-child\" data-index=\"24\" ><div\n\t\t\t\n\t\t\tclass=\"so-widget-sow-image so-widget-sow-image-default-c67d20f9f743-3393\"\n\t\t\t\n\t\t>\n<div class=\"sow-image-container\">\n\t\t\t<a href=\"https:\/\/www.college-wallon-ivry.fr\/index.php\/11-novembre\/\"\n\t\t\t\t\t>\n\t\t\t<img \n\tsrc=\"https:\/\/www.college-wallon-ivry.fr\/wp-content\/uploads\/2017\/11\/P1240272-150x150.jpg\" width=\"150\" height=\"150\" srcset=\"https:\/\/www.college-wallon-ivry.fr\/wp-content\/uploads\/2017\/11\/P1240272-150x150.jpg 150w, https:\/\/www.college-wallon-ivry.fr\/wp-content\/uploads\/2017\/11\/P1240272-200x200.jpg 200w\" sizes=\"(max-width: 150px) 100vw, 150px\" alt=\"\" \t\tclass=\"so-widget-image\"\/>\n\t\t\t<\/a><\/div>\n\n<\/div><\/div><div id=\"panel-3393-4-0-1\" class=\"so-panel widget widget_sow-button panel-last-child\" data-index=\"25\" ><div\n\t\t\t\n\t\t\tclass=\"so-widget-sow-button so-widget-sow-button-wire-79c6e6207ebf-3393\"\n\t\t\t\n\t\t><div class=\"ow-button-base ow-button-align-center\"\n>\n\t\t\t<a\n\t\t\t\t\thref=\"https:\/\/www.college-wallon-ivry.fr\/index.php\/11-novembre\/\"\n\t\t\t\t\tclass=\"sowb-button ow-icon-placement-left ow-button-hover\" \t>\n\t\t<span>\n\t\t\t\n\t\t\tComm\u00e9moration du 11 novembre\t\t<\/span>\n\t\t\t<\/a>\n\t<\/div>\n<\/div><\/div><\/div><div id=\"pgc-3393-4-1\"  class=\"panel-grid-cell panel-grid-cell-empty panel-grid-cell-mobile-last\" ><\/div><div id=\"pgc-3393-4-2\"  class=\"panel-grid-cell panel-grid-cell-empty\" ><\/div><\/div><\/div><h3>Images li\u00e9es:<\/h3>","protected":false},"excerpt":{"rendered":"<p>Cit\u00e9 imaginaire Cross du coll\u00e8ge Concert la Sir\u00e8ne Danse rencontre d\u00e9partementale Th\u00e9\u00e2tre 3\u00e8me3 2018 Film d&rsquo;animation 2018 Voyage Bois-le-roi 2018 Voyage \u00e0 Rome 2018 Voyage en Angleterre Hanball: le photomix Manga d&rsquo;\u00e9l\u00e8ves Journ\u00e9e des droits des femmes Comm\u00e9moration du 11 novembre Images li\u00e9es:<\/p>\n","protected":false},"author":1,"featured_media":3853,"parent":3403,"menu_order":0,"comment_status":"closed","ping_status":"closed","template":"","meta":{"ngg_post_thumbnail":0,"footnotes":""},"categories":[],"tags":[],"class_list":["post-3393","page","type-page","status-publish","has-post-thumbnail","czr-hentry"],"_links":{"self":[{"href":"https:\/\/www.college-wallon-ivry.fr\/index.php\/wp-json\/wp\/v2\/pages\/3393","targetHints":{"allow":["GET"]}}],"collection":[{"href":"https:\/\/www.college-wallon-ivry.fr\/index.php\/wp-json\/wp\/v2\/pages"}],"about":[{"href":"https:\/\/www.college-wallon-ivry.fr\/index.php\/wp-json\/wp\/v2\/types\/page"}],"author":[{"embeddable":true,"href":"https:\/\/www.college-wallon-ivry.fr\/index.php\/wp-json\/wp\/v2\/users\/1"}],"replies":[{"embeddable":true,"href":"https:\/\/www.college-wallon-ivry.fr\/index.php\/wp-json\/wp\/v2\/comments?post=3393"}],"version-history":[{"count":22,"href":"https:\/\/www.college-wallon-ivry.fr\/index.php\/wp-json\/wp\/v2\/pages\/3393\/revisions"}],"predecessor-version":[{"id":3828,"href":"https:\/\/www.college-wallon-ivry.fr\/index.php\/wp-json\/wp\/v2\/pages\/3393\/revisions\/3828"}],"up":[{"embeddable":true,"href":"https:\/\/www.college-wallon-ivry.fr\/index.php\/wp-json\/wp\/v2\/pages\/3403"}],"wp:featuredmedia":[{"embeddable":true,"href":"https:\/\/www.college-wallon-ivry.fr\/index.php\/wp-json\/wp\/v2\/media\/3853"}],"wp:attachment":[{"href":"https:\/\/www.college-wallon-ivry.fr\/index.php\/wp-json\/wp\/v2\/media?parent=3393"}],"wp:term":[{"taxonomy":"category","embeddable":true,"href":"https:\/\/www.college-wallon-ivry.fr\/index.php\/wp-json\/wp\/v2\/categories?post=3393"},{"taxonomy":"post_tag","embeddable":true,"href":"https:\/\/www.college-wallon-ivry.fr\/index.php\/wp-json\/wp\/v2\/tags?post=3393"}],"curies":[{"name":"wp","href":"https:\/\/api.w.org\/{rel}","templated":true}]}}