{"id":54,"date":"2017-03-18T18:12:46","date_gmt":"2017-03-18T17:12:46","guid":{"rendered":"http:\/\/college-wallon-ivry.fr\/?page_id=54"},"modified":"2018-09-09T13:53:20","modified_gmt":"2018-09-09T11:53:20","slug":"les-aventures-pedagogiques","status":"publish","type":"page","link":"https:\/\/www.college-wallon-ivry.fr\/index.php\/les-aventures-pedagogiques\/","title":{"rendered":"R\u00e9alisations d&rsquo;\u00e9l\u00e8ves"},"content":{"rendered":"<div id=\"pl-54\"  class=\"panel-layout\" ><div id=\"pg-54-0\"  class=\"panel-grid panel-no-style\" ><div id=\"pgc-54-0-0\"  class=\"panel-grid-cell\" ><div id=\"panel-54-0-0-0\" class=\"so-panel widget widget_sow-editor panel-first-child panel-last-child\" data-index=\"0\" ><div\n\t\t\t\n\t\t\tclass=\"so-widget-sow-editor so-widget-sow-editor-base\"\n\t\t\t\n\t\t>\n<div class=\"siteorigin-widget-tinymce textwidget\">\n\t<div id=\"attachment_341\" style=\"width: 171px\" class=\"wp-caption alignnone\"><img aria-describedby=\"caption-attachment-341\" loading=\"lazy\" decoding=\"async\" class=\"wp-image-341\" src=\"http:\/\/www.college-wallon-ivry.fr\/wp-content\/uploads\/2017\/03\/P1170203-1-300x225.jpg\" alt=\"\" width=\"161\" height=\"121\" srcset=\"https:\/\/www.college-wallon-ivry.fr\/wp-content\/uploads\/2017\/03\/P1170203-1-300x225.jpg 300w, https:\/\/www.college-wallon-ivry.fr\/wp-content\/uploads\/2017\/03\/P1170203-1-768x577.jpg 768w, https:\/\/www.college-wallon-ivry.fr\/wp-content\/uploads\/2017\/03\/P1170203-1-1024x769.jpg 1024w, https:\/\/www.college-wallon-ivry.fr\/wp-content\/uploads\/2017\/03\/P1170203-1-400x300.jpg 400w\" sizes=\"auto, (max-width: 161px) 100vw, 161px\" \/><p id=\"caption-attachment-341\" class=\"wp-caption-text\"><span style=\"font-weight: bold; color: black; font-family: Amatic SC; font-size: 20pt;\"> Archive d'Ivry<\/p><\/div>\n<p>&nbsp;<\/p>\n<\/div>\n<\/div><\/div><\/div><\/div><\/div><h3>Images li\u00e9es:<\/h3>","protected":false},"excerpt":{"rendered":"<p>&nbsp;<\/p>\n","protected":false},"author":1,"featured_media":0,"parent":0,"menu_order":6,"comment_status":"closed","ping_status":"closed","template":"","meta":{"ngg_post_thumbnail":0,"footnotes":""},"categories":[],"tags":[],"class_list":["post-54","page","type-page","status-publish","czr-hentry"],"_links":{"self":[{"href":"https:\/\/www.college-wallon-ivry.fr\/index.php\/wp-json\/wp\/v2\/pages\/54","targetHints":{"allow":["GET"]}}],"collection":[{"href":"https:\/\/www.college-wallon-ivry.fr\/index.php\/wp-json\/wp\/v2\/pages"}],"about":[{"href":"https:\/\/www.college-wallon-ivry.fr\/index.php\/wp-json\/wp\/v2\/types\/page"}],"author":[{"embeddable":true,"href":"https:\/\/www.college-wallon-ivry.fr\/index.php\/wp-json\/wp\/v2\/users\/1"}],"replies":[{"embeddable":true,"href":"https:\/\/www.college-wallon-ivry.fr\/index.php\/wp-json\/wp\/v2\/comments?post=54"}],"version-history":[{"count":7,"href":"https:\/\/www.college-wallon-ivry.fr\/index.php\/wp-json\/wp\/v2\/pages\/54\/revisions"}],"predecessor-version":[{"id":3368,"href":"https:\/\/www.college-wallon-ivry.fr\/index.php\/wp-json\/wp\/v2\/pages\/54\/revisions\/3368"}],"wp:attachment":[{"href":"https:\/\/www.college-wallon-ivry.fr\/index.php\/wp-json\/wp\/v2\/media?parent=54"}],"wp:term":[{"taxonomy":"category","embeddable":true,"href":"https:\/\/www.college-wallon-ivry.fr\/index.php\/wp-json\/wp\/v2\/categories?post=54"},{"taxonomy":"post_tag","embeddable":true,"href":"https:\/\/www.college-wallon-ivry.fr\/index.php\/wp-json\/wp\/v2\/tags?post=54"}],"curies":[{"name":"wp","href":"https:\/\/api.w.org\/{rel}","templated":true}]}}