{"id":6254,"date":"2019-03-20T23:05:42","date_gmt":"2019-03-20T22:05:42","guid":{"rendered":"http:\/\/www.college-wallon-ivry.fr\/?page_id=6254"},"modified":"2021-03-12T21:43:53","modified_gmt":"2021-03-12T20:43:53","slug":"6254-2","status":"publish","type":"page","link":"https:\/\/www.college-wallon-ivry.fr\/index.php\/6254-2\/","title":{"rendered":"L&rsquo;observatoire des oiseaux"},"content":{"rendered":"<div id=\"pl-6254\"  class=\"panel-layout\" ><div id=\"pg-6254-0\"  class=\"panel-grid panel-no-style\" ><div id=\"pgc-6254-0-0\"  class=\"panel-grid-cell\" ><div id=\"panel-6254-0-0-0\" class=\"so-panel widget widget_sow-editor panel-first-child panel-last-child\" data-index=\"0\" ><div\n\t\t\t\n\t\t\tclass=\"so-widget-sow-editor so-widget-sow-editor-base\"\n\t\t\t\n\t\t>\n<div class=\"siteorigin-widget-tinymce textwidget\">\n\t<p>Le coll\u00e8ge Henri Wallon a ouvert un observatoire ornithologique, c'est-\u00e0-dire un centre d\u2019observation des oiseaux que l\u2019on peut croiser au coll\u00e8ge et aux alentours. La pr\u00e9sidente de cet observatoire est<\/p>\n<p>La pr\u00e9sidente, Line LOUVEL, et son adjointe, Rani REGUIG, se chargent de poster r\u00e9guli\u00e8rement des photos et des articles sur le site internet pour vous permettre d\u2019en apprendre plus sur ces animaux volants et fascinants.<\/p>\n<p>&nbsp;<\/p>\n<\/div>\n<\/div><\/div><\/div><\/div><div id=\"pg-6254-1\"  class=\"panel-grid panel-no-style\" ><div id=\"pgc-6254-1-0\"  class=\"panel-grid-cell\" ><div id=\"panel-6254-1-0-0\" class=\"so-panel widget widget_sow-button panel-first-child\" data-index=\"1\" ><div\n\t\t\t\n\t\t\tclass=\"so-widget-sow-button so-widget-sow-button-wire-c0f82ba23c97-6254\"\n\t\t\t\n\t\t><div class=\"ow-button-base ow-button-align-center\"\n>\n\t\t\t<a\n\t\t\t\t\thref=\"http:\/\/www.college-wallon-ivry.fr\/index.php\/2019\/03\/20\/le-pigeon-biset-un-oiseau-aux-incroyables-talents\/\"\n\t\t\t\t\tclass=\"sowb-button ow-icon-placement-left ow-button-hover\" \t>\n\t\t<span>\n\t\t\t\n\t\t\tLe pigeon biset, un oiseau aux incroyables talents\u00a0!\t\t<\/span>\n\t\t\t<\/a>\n\t<\/div>\n<\/div><\/div><div id=\"panel-6254-1-0-1\" class=\"so-panel widget widget_sow-button\" data-index=\"2\" ><div\n\t\t\t\n\t\t\tclass=\"so-widget-sow-button so-widget-sow-button-wire-c0f82ba23c97-6254\"\n\t\t\t\n\t\t><div class=\"ow-button-base ow-button-align-center\"\n>\n\t\t\t<a\n\t\t\t\t\thref=\"http:\/\/www.college-wallon-ivry.fr\/index.php\/2019\/06\/01\/la-pie-bavarde-une-voleuse\/\"\n\t\t\t\t\tclass=\"sowb-button ow-icon-placement-left ow-button-hover\" \t>\n\t\t<span>\n\t\t\t\n\t\t\tLe pie bavarde, une voleuse?\t\t<\/span>\n\t\t\t<\/a>\n\t<\/div>\n<\/div><\/div><div id=\"panel-6254-1-0-2\" class=\"so-panel widget widget_sow-button\" data-index=\"3\" ><div\n\t\t\t\n\t\t\tclass=\"so-widget-sow-button so-widget-sow-button-wire-c0f82ba23c97-6254\"\n\t\t\t\n\t\t><div class=\"ow-button-base ow-button-align-center\"\n>\n\t\t\t<a\n\t\t\t\t\thref=\"https:\/\/www.college-wallon-ivry.fr\/index.php\/2019\/10\/10\/letourneau-sansonet\/\"\n\t\t\t\t\tclass=\"sowb-button ow-icon-placement-left ow-button-hover\" \t>\n\t\t<span>\n\t\t\t\n\t\t\tL'\u00e9tourneau sansonnet\t\t<\/span>\n\t\t\t<\/a>\n\t<\/div>\n<\/div><\/div><div id=\"panel-6254-1-0-3\" class=\"so-panel widget widget_sow-button\" data-index=\"4\" ><div\n\t\t\t\n\t\t\tclass=\"so-widget-sow-button so-widget-sow-button-wire-b7d53e6ffabe-6254\"\n\t\t\t\n\t\t><div class=\"ow-button-base ow-button-align-center\"\n>\n\t\t\t<a\n\t\t\t\t\thref=\"https:\/\/www.college-wallon-ivry.fr\/index.php\/2020\/02\/29\/la-corneille-noire\/\"\n\t\t\t\t\tclass=\"sowb-button ow-icon-placement-left ow-button-hover\" \t>\n\t\t<span>\n\t\t\t\n\t\t\tLa corneille noire\t\t<\/span>\n\t\t\t<\/a>\n\t<\/div>\n<\/div><\/div><div id=\"panel-6254-1-0-4\" class=\"so-panel widget widget_sow-button\" data-index=\"5\" ><div\n\t\t\t\n\t\t\tclass=\"so-widget-sow-button so-widget-sow-button-wire-b7d53e6ffabe-6254\"\n\t\t\t\n\t\t><div class=\"ow-button-base ow-button-align-center\"\n>\n\t\t\t<a\n\t\t\t\t\thref=\"https:\/\/www.college-wallon-ivry.fr\/index.php\/2021\/01\/30\/la-mesange-bleue-2\/\"\n\t\t\t\t\tclass=\"sowb-button ow-icon-placement-left ow-button-hover\" \t>\n\t\t<span>\n\t\t\t\n\t\t\tLa mesange bleue\t\t<\/span>\n\t\t\t<\/a>\n\t<\/div>\n<\/div><\/div><div id=\"panel-6254-1-0-5\" class=\"so-panel widget widget_sow-button panel-last-child\" data-index=\"6\" ><div\n\t\t\t\n\t\t\tclass=\"so-widget-sow-button so-widget-sow-button-wire-b7d53e6ffabe-6254\"\n\t\t\t\n\t\t><div class=\"ow-button-base ow-button-align-center\"\n>\n\t\t\t<a\n\t\t\t\t\thref=\"https:\/\/www.college-wallon-ivry.fr\/index.php\/2020\/10\/09\/la-mesange-charbonniere\/\"\n\t\t\t\t\tclass=\"sowb-button ow-icon-placement-left ow-button-hover\" \t>\n\t\t<span>\n\t\t\t\n\t\t\tLa mesange charbonni\u00e8re\t\t<\/span>\n\t\t\t<\/a>\n\t<\/div>\n<\/div><\/div><\/div><\/div><\/div><h3>Images li\u00e9es:<\/h3>","protected":false},"excerpt":{"rendered":"<p>Le coll\u00e8ge Henri Wallon a ouvert un observatoire ornithologique, c&rsquo;est-\u00e0-dire un centre d\u2019observation des oiseaux que l\u2019on peut croiser au coll\u00e8ge et aux alentours. La pr\u00e9sidente de cet observatoire est La pr\u00e9sidente, Line LOUVEL, et son adjointe, Rani REGUIG, se chargent de poster r\u00e9guli\u00e8rement des photos et des articles sur le site internet pour vous [&hellip;]<\/p>\n","protected":false},"author":1,"featured_media":0,"parent":0,"menu_order":0,"comment_status":"closed","ping_status":"closed","template":"","meta":{"ngg_post_thumbnail":0,"footnotes":""},"categories":[63],"tags":[],"class_list":{"0":"post-6254","1":"page","2":"type-page","3":"status-publish","5":"category-environnement","6":"czr-hentry"},"_links":{"self":[{"href":"https:\/\/www.college-wallon-ivry.fr\/index.php\/wp-json\/wp\/v2\/pages\/6254","targetHints":{"allow":["GET"]}}],"collection":[{"href":"https:\/\/www.college-wallon-ivry.fr\/index.php\/wp-json\/wp\/v2\/pages"}],"about":[{"href":"https:\/\/www.college-wallon-ivry.fr\/index.php\/wp-json\/wp\/v2\/types\/page"}],"author":[{"embeddable":true,"href":"https:\/\/www.college-wallon-ivry.fr\/index.php\/wp-json\/wp\/v2\/users\/1"}],"replies":[{"embeddable":true,"href":"https:\/\/www.college-wallon-ivry.fr\/index.php\/wp-json\/wp\/v2\/comments?post=6254"}],"version-history":[{"count":21,"href":"https:\/\/www.college-wallon-ivry.fr\/index.php\/wp-json\/wp\/v2\/pages\/6254\/revisions"}],"predecessor-version":[{"id":11713,"href":"https:\/\/www.college-wallon-ivry.fr\/index.php\/wp-json\/wp\/v2\/pages\/6254\/revisions\/11713"}],"wp:attachment":[{"href":"https:\/\/www.college-wallon-ivry.fr\/index.php\/wp-json\/wp\/v2\/media?parent=6254"}],"wp:term":[{"taxonomy":"category","embeddable":true,"href":"https:\/\/www.college-wallon-ivry.fr\/index.php\/wp-json\/wp\/v2\/categories?post=6254"},{"taxonomy":"post_tag","embeddable":true,"href":"https:\/\/www.college-wallon-ivry.fr\/index.php\/wp-json\/wp\/v2\/tags?post=6254"}],"curies":[{"name":"wp","href":"https:\/\/api.w.org\/{rel}","templated":true}]}}