{"id":67,"date":"2017-03-18T18:18:59","date_gmt":"2017-03-18T17:18:59","guid":{"rendered":"http:\/\/college-wallon-ivry.fr\/?page_id=67"},"modified":"2023-09-22T14:35:05","modified_gmt":"2023-09-22T12:35:05","slug":"dates-importantes","status":"publish","type":"page","link":"https:\/\/www.college-wallon-ivry.fr\/index.php\/dates-importantes\/","title":{"rendered":"Dates importantes 2023\/2024"},"content":{"rendered":"<div id=\"pl-67\"  class=\"panel-layout\" ><div id=\"pg-67-0\"  class=\"panel-grid panel-no-style\" ><div id=\"pgc-67-0-0\"  class=\"panel-grid-cell\" ><div id=\"panel-67-0-0-0\" class=\"so-panel widget widget_sow-image panel-first-child panel-last-child\" data-index=\"0\" ><div\n\t\t\t\n\t\t\tclass=\"so-widget-sow-image so-widget-sow-image-default-113ccd71f3e6-67\"\n\t\t\t\n\t\t><h3 class=\"widget-title\">Cliquer pour t\u00e9l\u00e9charger<\/h3>\n<div class=\"sow-image-container\">\n\t\t\t<a href=\"http:\/\/www.college-wallon-ivry.fr\/wp-content\/uploads\/2023\/09\/echeancier-wallon-2023-2024.pdf\"\n\t\t\ttarget=\"_blank\" rel=\"noopener noreferrer\" \t\t>\n\t\t\t<img \n\tsrc=\"https:\/\/www.college-wallon-ivry.fr\/wp-content\/uploads\/2023\/09\/echeancier-wallon-2023-2024-pdf.jpg\" width=\"1058\" height=\"1497\" sizes=\"(max-width: 1058px) 100vw, 1058px\" title=\"Cliquer pour t\u00e9l\u00e9charger\" alt=\"\" \t\tclass=\"so-widget-image\"\/>\n\t\t\t<\/a><\/div>\n\n<\/div><\/div><\/div><\/div><\/div><h3>Images li\u00e9es:<\/h3>","protected":false},"excerpt":{"rendered":"<p>Cliquer pour t\u00e9l\u00e9charger Images li\u00e9es:<\/p>\n","protected":false},"author":1,"featured_media":8019,"parent":0,"menu_order":1,"comment_status":"closed","ping_status":"closed","template":"","meta":{"ngg_post_thumbnail":0,"footnotes":""},"categories":[17,19],"tags":[],"class_list":{"0":"post-67","1":"page","2":"type-page","3":"status-publish","4":"has-post-thumbnail","6":"category-dates-importantes","7":"category-examens","8":"czr-hentry"},"_links":{"self":[{"href":"https:\/\/www.college-wallon-ivry.fr\/index.php\/wp-json\/wp\/v2\/pages\/67","targetHints":{"allow":["GET"]}}],"collection":[{"href":"https:\/\/www.college-wallon-ivry.fr\/index.php\/wp-json\/wp\/v2\/pages"}],"about":[{"href":"https:\/\/www.college-wallon-ivry.fr\/index.php\/wp-json\/wp\/v2\/types\/page"}],"author":[{"embeddable":true,"href":"https:\/\/www.college-wallon-ivry.fr\/index.php\/wp-json\/wp\/v2\/users\/1"}],"replies":[{"embeddable":true,"href":"https:\/\/www.college-wallon-ivry.fr\/index.php\/wp-json\/wp\/v2\/comments?post=67"}],"version-history":[{"count":61,"href":"https:\/\/www.college-wallon-ivry.fr\/index.php\/wp-json\/wp\/v2\/pages\/67\/revisions"}],"predecessor-version":[{"id":784,"href":"https:\/\/www.college-wallon-ivry.fr\/index.php\/wp-json\/wp\/v2\/pages\/67\/revisions\/784"}],"wp:featuredmedia":[{"embeddable":true,"href":"https:\/\/www.college-wallon-ivry.fr\/index.php\/wp-json\/wp\/v2\/media\/8019"}],"wp:attachment":[{"href":"https:\/\/www.college-wallon-ivry.fr\/index.php\/wp-json\/wp\/v2\/media?parent=67"}],"wp:term":[{"taxonomy":"category","embeddable":true,"href":"https:\/\/www.college-wallon-ivry.fr\/index.php\/wp-json\/wp\/v2\/categories?post=67"},{"taxonomy":"post_tag","embeddable":true,"href":"https:\/\/www.college-wallon-ivry.fr\/index.php\/wp-json\/wp\/v2\/tags?post=67"}],"curies":[{"name":"wp","href":"https:\/\/api.w.org\/{rel}","templated":true}]}}