{"id":698,"date":"2017-07-02T14:48:41","date_gmt":"2017-07-02T12:48:41","guid":{"rendered":"http:\/\/www.college-wallon-ivry.fr\/?page_id=698"},"modified":"2020-03-01T23:25:30","modified_gmt":"2020-03-01T22:25:30","slug":"pronote-enseignants","status":"publish","type":"page","link":"https:\/\/www.college-wallon-ivry.fr\/index.php\/liens-utiles\/pronote-enseignants\/","title":{"rendered":"Pronote enseignants"},"content":{"rendered":"<div id=\"pl-698\"  class=\"panel-layout\" ><div id=\"pg-698-0\"  class=\"panel-grid panel-no-style\" ><div id=\"pgc-698-0-0\"  class=\"panel-grid-cell\" ><div id=\"panel-698-0-0-0\" class=\"so-panel widget widget_sow-image panel-first-child\" data-index=\"0\" ><div\n\t\t\t\n\t\t\tclass=\"so-widget-sow-image so-widget-sow-image-default-c67d20f9f743-698\"\n\t\t\t\n\t\t>\n<div class=\"sow-image-container\">\n\t\t\t<a href=\"https:\/\/0941781a.index-education.net\/pronote\/professeur.html\"\n\t\t\t\t\t>\n\t\t\t<img \n\tsrc=\"https:\/\/www.college-wallon-ivry.fr\/wp-content\/uploads\/2017\/03\/PRONOTE-EspaceProfesseurs.png\" width=\"150\" height=\"105\" sizes=\"(max-width: 150px) 100vw, 150px\" alt=\"\" \t\tclass=\"so-widget-image\"\/>\n\t\t\t<\/a><\/div>\n\n<\/div><\/div><div id=\"panel-698-0-0-1\" class=\"so-panel widget widget_sow-button panel-last-child\" data-index=\"1\" ><div\n\t\t\t\n\t\t\tclass=\"so-widget-sow-button so-widget-sow-button-wire-3dc300127561-698\"\n\t\t\t\n\t\t><div class=\"ow-button-base ow-button-align-center\"\n>\n\t\t\t<a\n\t\t\t\t\thref=\"https:\/\/0941781a.index-education.net\/pronote\/professeur.html\"\n\t\t\t\t\tclass=\"sowb-button ow-icon-placement-left ow-button-hover\" \t>\n\t\t<span>\n\t\t\t\n\t\t\tPronote pour les enseignants\t\t<\/span>\n\t\t\t<\/a>\n\t<\/div>\n<\/div><\/div><\/div><\/div><div id=\"pg-698-1\"  class=\"panel-grid panel-no-style\" ><div id=\"pgc-698-1-0\"  class=\"panel-grid-cell\" ><div id=\"panel-698-1-0-0\" class=\"so-panel widget widget_sow-button panel-first-child panel-last-child\" data-index=\"2\" ><div\n\t\t\t\n\t\t\tclass=\"so-widget-sow-button so-widget-sow-button-flat-bcf782696933-698\"\n\t\t\t\n\t\t><div class=\"ow-button-base ow-button-align-center\"\n>\n\t\t\t<a\n\t\t\t\t\thref=\"https:\/\/www.college-wallon-ivry.fr\/\"\n\t\t\t\t\tclass=\"sowb-button ow-icon-placement-left ow-button-hover\" \t>\n\t\t<span>\n\t\t\t\n\t\t\tAccueil du site du coll\u00e8ge : actualit\u00e9s, sorties, dates importantes, r\u00e9sultats AS...\t\t<\/span>\n\t\t\t<\/a>\n\t<\/div>\n<\/div><\/div><\/div><\/div><\/div><h3>Images li\u00e9es:<\/h3>","protected":false},"excerpt":{"rendered":"<p>Pronote pour les enseignants Accueil du site du coll\u00e8ge : actualit\u00e9s, sorties, dates importantes, r\u00e9sultats AS&#8230; Images li\u00e9es:<\/p>\n","protected":false},"author":1,"featured_media":0,"parent":69,"menu_order":1,"comment_status":"closed","ping_status":"closed","template":"","meta":{"ngg_post_thumbnail":0,"footnotes":""},"categories":[42],"tags":[],"class_list":{"0":"post-698","1":"page","2":"type-page","3":"status-publish","5":"category-suivi-scolarite","6":"czr-hentry"},"_links":{"self":[{"href":"https:\/\/www.college-wallon-ivry.fr\/index.php\/wp-json\/wp\/v2\/pages\/698","targetHints":{"allow":["GET"]}}],"collection":[{"href":"https:\/\/www.college-wallon-ivry.fr\/index.php\/wp-json\/wp\/v2\/pages"}],"about":[{"href":"https:\/\/www.college-wallon-ivry.fr\/index.php\/wp-json\/wp\/v2\/types\/page"}],"author":[{"embeddable":true,"href":"https:\/\/www.college-wallon-ivry.fr\/index.php\/wp-json\/wp\/v2\/users\/1"}],"replies":[{"embeddable":true,"href":"https:\/\/www.college-wallon-ivry.fr\/index.php\/wp-json\/wp\/v2\/comments?post=698"}],"version-history":[{"count":14,"href":"https:\/\/www.college-wallon-ivry.fr\/index.php\/wp-json\/wp\/v2\/pages\/698\/revisions"}],"predecessor-version":[{"id":8849,"href":"https:\/\/www.college-wallon-ivry.fr\/index.php\/wp-json\/wp\/v2\/pages\/698\/revisions\/8849"}],"up":[{"embeddable":true,"href":"https:\/\/www.college-wallon-ivry.fr\/index.php\/wp-json\/wp\/v2\/pages\/69"}],"wp:attachment":[{"href":"https:\/\/www.college-wallon-ivry.fr\/index.php\/wp-json\/wp\/v2\/media?parent=698"}],"wp:term":[{"taxonomy":"category","embeddable":true,"href":"https:\/\/www.college-wallon-ivry.fr\/index.php\/wp-json\/wp\/v2\/categories?post=698"},{"taxonomy":"post_tag","embeddable":true,"href":"https:\/\/www.college-wallon-ivry.fr\/index.php\/wp-json\/wp\/v2\/tags?post=698"}],"curies":[{"name":"wp","href":"https:\/\/api.w.org\/{rel}","templated":true}]}}