{"id":71,"date":"2017-03-18T18:20:15","date_gmt":"2017-03-18T17:20:15","guid":{"rendered":"http:\/\/college-wallon-ivry.fr\/?page_id=71"},"modified":"2023-09-02T11:24:13","modified_gmt":"2023-09-02T09:24:13","slug":"pronote","status":"publish","type":"page","link":"https:\/\/www.college-wallon-ivry.fr\/index.php\/liens-utiles\/pronote\/","title":{"rendered":"Pronote"},"content":{"rendered":"<div id=\"pl-71\"  class=\"panel-layout\" ><div id=\"pg-71-0\"  class=\"panel-grid panel-no-style\" ><div id=\"pgc-71-0-0\"  class=\"panel-grid-cell\" ><div id=\"panel-71-0-0-0\" class=\"so-panel widget widget_sow-button panel-first-child\" data-index=\"0\" ><div\n\t\t\t\n\t\t\tclass=\"so-widget-sow-button so-widget-sow-button-flat-1fa1c610cb5e-71\"\n\t\t\t\n\t\t><div class=\"ow-button-base ow-button-align-center\"\n>\n\t\t\t<a\n\t\t\t\t\thref=\"https:\/\/0941781a.index-education.net\/pronote\/parent.html\"\n\t\t\t\t\tclass=\"sowb-button ow-icon-placement-left ow-button-hover\" target=\"_blank\" rel=\"noopener noreferrer\" \t>\n\t\t<span>\n\t\t\t\n\t\t\tPronote parents\t\t<\/span>\n\t\t\t<\/a>\n\t<\/div>\n<\/div><\/div><div id=\"panel-71-0-0-1\" class=\"so-panel widget widget_sow-image panel-last-child\" data-index=\"1\" ><div\n\t\t\t\n\t\t\tclass=\"so-widget-sow-image so-widget-sow-image-default-c67d20f9f743-71\"\n\t\t\t\n\t\t>\n<div class=\"sow-image-container\">\n\t\t\t<a href=\"https:\/\/0941781a.index-education.net\/pronote\/parent.html\"\n\t\t\t\t\t>\n\t\t\t<img \n\tsrc=\"https:\/\/www.college-wallon-ivry.fr\/wp-content\/uploads\/2020\/09\/Capture-parents-150x150.jpg\" width=\"150\" height=\"150\" srcset=\"https:\/\/www.college-wallon-ivry.fr\/wp-content\/uploads\/2020\/09\/Capture-parents-150x150.jpg 150w, https:\/\/www.college-wallon-ivry.fr\/wp-content\/uploads\/2020\/09\/Capture-parents-200x200.jpg 200w\" sizes=\"(max-width: 150px) 100vw, 150px\" title=\"Capture parents\" alt=\"\" \t\tclass=\"so-widget-image\"\/>\n\t\t\t<\/a><\/div>\n\n<\/div><\/div><\/div><div id=\"pgc-71-0-1\"  class=\"panel-grid-cell\" ><div id=\"panel-71-0-1-0\" class=\"so-panel widget widget_sow-button panel-first-child\" data-index=\"2\" ><div\n\t\t\t\n\t\t\tclass=\"so-widget-sow-button so-widget-sow-button-flat-99d28d05d488-71\"\n\t\t\t\n\t\t><div class=\"ow-button-base ow-button-align-center\"\n>\n\t\t\t<a\n\t\t\t\t\thref=\"https:\/\/0941781a.index-education.net\/ProNote\/eleve.html\"\n\t\t\t\t\tclass=\"sowb-button ow-icon-placement-left ow-button-hover\" target=\"_blank\" rel=\"noopener noreferrer\" \t>\n\t\t<span>\n\t\t\t\n\t\t\tPronote \u00e9l\u00e8ves\t\t<\/span>\n\t\t\t<\/a>\n\t<\/div>\n<\/div><\/div><div id=\"panel-71-0-1-1\" class=\"so-panel widget widget_sow-image panel-last-child\" data-index=\"3\" ><div\n\t\t\t\n\t\t\tclass=\"so-widget-sow-image so-widget-sow-image-default-c67d20f9f743-71\"\n\t\t\t\n\t\t>\n<div class=\"sow-image-container\">\n\t\t\t<a href=\"https:\/\/0941781a.index-education.net\/ProNote\/eleve.html\"\n\t\t\t\t\t>\n\t\t\t<img \n\tsrc=\"https:\/\/www.college-wallon-ivry.fr\/wp-content\/uploads\/2020\/09\/Capture-eleve-150x150.jpg\" width=\"150\" height=\"150\" srcset=\"https:\/\/www.college-wallon-ivry.fr\/wp-content\/uploads\/2020\/09\/Capture-eleve-150x150.jpg 150w, https:\/\/www.college-wallon-ivry.fr\/wp-content\/uploads\/2020\/09\/Capture-eleve-200x200.jpg 200w\" sizes=\"(max-width: 150px) 100vw, 150px\" title=\"Capture eleve\" alt=\"\" \t\tclass=\"so-widget-image\"\/>\n\t\t\t<\/a><\/div>\n\n<\/div><\/div><\/div><div id=\"pgc-71-0-2\"  class=\"panel-grid-cell\" ><div id=\"panel-71-0-2-0\" class=\"so-panel widget widget_sow-button panel-first-child\" data-index=\"4\" ><div\n\t\t\t\n\t\t\tclass=\"so-widget-sow-button so-widget-sow-button-flat-1c5ee76fddef-71\"\n\t\t\t\n\t\t><div class=\"ow-button-base ow-button-align-center\"\n>\n\t\t\t<a\n\t\t\t\t\thref=\"https:\/\/0941781a.index-education.net\/pronote\/professeur.html\"\n\t\t\t\t\tclass=\"sowb-button ow-icon-placement-left ow-button-hover\" target=\"_blank\" rel=\"noopener noreferrer\" \t>\n\t\t<span>\n\t\t\t\n\t\t\tPronote enseignants\t\t<\/span>\n\t\t\t<\/a>\n\t<\/div>\n<\/div><\/div><div id=\"panel-71-0-2-1\" class=\"so-panel widget widget_sow-image panel-last-child\" data-index=\"5\" ><div\n\t\t\t\n\t\t\tclass=\"so-widget-sow-image so-widget-sow-image-default-c67d20f9f743-71\"\n\t\t\t\n\t\t>\n<div class=\"sow-image-container\">\n\t\t\t<a href=\"https:\/\/0941781a.index-education.net\/pronote\/professeur.html\"\n\t\t\ttarget=\"_blank\" rel=\"noopener noreferrer\" \t\t>\n\t\t\t<img \n\tsrc=\"https:\/\/www.college-wallon-ivry.fr\/wp-content\/uploads\/2020\/09\/Capture-prof-150x150.jpg\" width=\"150\" height=\"150\" srcset=\"https:\/\/www.college-wallon-ivry.fr\/wp-content\/uploads\/2020\/09\/Capture-prof-150x150.jpg 150w, https:\/\/www.college-wallon-ivry.fr\/wp-content\/uploads\/2020\/09\/Capture-prof-200x200.jpg 200w\" sizes=\"(max-width: 150px) 100vw, 150px\" title=\"Capture prof\" alt=\"\" \t\tclass=\"so-widget-image\"\/>\n\t\t\t<\/a><\/div>\n\n<\/div><\/div><\/div><div id=\"pgc-71-0-3\"  class=\"panel-grid-cell\" ><div id=\"panel-71-0-3-0\" class=\"so-panel widget widget_sow-button panel-first-child\" data-index=\"6\" ><div\n\t\t\t\n\t\t\tclass=\"so-widget-sow-button so-widget-sow-button-flat-99d28d05d488-71\"\n\t\t\t\n\t\t><div class=\"ow-button-base ow-button-align-center\"\n>\n\t\t\t<a\n\t\t\t\t\thref=\"https:\/\/0941781a.index-education.net\/pronote\/viescolaire.html\"\n\t\t\t\t\tclass=\"sowb-button ow-icon-placement-left ow-button-hover\" target=\"_blank\" rel=\"noopener noreferrer\" \t>\n\t\t<span>\n\t\t\t\n\t\t\tPronote vie scolaire \t\t<\/span>\n\t\t\t<\/a>\n\t<\/div>\n<\/div><\/div><div id=\"panel-71-0-3-1\" class=\"so-panel widget widget_sow-image panel-last-child\" data-index=\"7\" ><div\n\t\t\t\n\t\t\tclass=\"so-widget-sow-image so-widget-sow-image-default-c67d20f9f743-71\"\n\t\t\t\n\t\t>\n<div class=\"sow-image-container\">\n\t\t\t<a href=\"https:\/\/0941781a.index-education.net\/pronote\/viescolaire.html\"\n\t\t\ttarget=\"_blank\" rel=\"noopener noreferrer\" \t\t>\n\t\t\t<img \n\tsrc=\"https:\/\/www.college-wallon-ivry.fr\/wp-content\/uploads\/2020\/09\/Capture-vie-sco-150x150.jpg\" width=\"150\" height=\"150\" srcset=\"https:\/\/www.college-wallon-ivry.fr\/wp-content\/uploads\/2020\/09\/Capture-vie-sco-150x150.jpg 150w, https:\/\/www.college-wallon-ivry.fr\/wp-content\/uploads\/2020\/09\/Capture-vie-sco-200x200.jpg 200w\" sizes=\"(max-width: 150px) 100vw, 150px\" title=\"Capture vie sco\" alt=\"\" \t\tclass=\"so-widget-image\"\/>\n\t\t\t<\/a><\/div>\n\n<\/div><\/div><\/div><div id=\"pgc-71-0-4\"  class=\"panel-grid-cell\" ><div id=\"panel-71-0-4-0\" class=\"so-panel widget widget_sow-button panel-first-child\" data-index=\"8\" ><div\n\t\t\t\n\t\t\tclass=\"so-widget-sow-button so-widget-sow-button-flat-99d28d05d488-71\"\n\t\t\t\n\t\t><div class=\"ow-button-base ow-button-align-center\"\n>\n\t\t\t<a\n\t\t\t\t\thref=\"https:\/\/0941781a.index-education.net\/pronote\/accompagnant.html\"\n\t\t\t\t\tclass=\"sowb-button ow-icon-placement-left ow-button-hover\" \t>\n\t\t<span>\n\t\t\t\n\t\t\tPronote AVS et AESH\t\t<\/span>\n\t\t\t<\/a>\n\t<\/div>\n<\/div><\/div><div id=\"panel-71-0-4-1\" class=\"so-panel widget widget_sow-image panel-last-child\" data-index=\"9\" ><div\n\t\t\t\n\t\t\tclass=\"so-widget-sow-image so-widget-sow-image-default-c67d20f9f743-71\"\n\t\t\t\n\t\t>\n<div class=\"sow-image-container\">\n\t\t\t<a href=\"https:\/\/0941781a.index-education.net\/pronote\/accompagnant.html\"\n\t\t\t\t\t>\n\t\t\t<img \n\tsrc=\"https:\/\/www.college-wallon-ivry.fr\/wp-content\/uploads\/2020\/09\/Capture-aesh-150x150.jpg\" width=\"150\" height=\"150\" srcset=\"https:\/\/www.college-wallon-ivry.fr\/wp-content\/uploads\/2020\/09\/Capture-aesh-150x150.jpg 150w, https:\/\/www.college-wallon-ivry.fr\/wp-content\/uploads\/2020\/09\/Capture-aesh-200x200.jpg 200w\" sizes=\"(max-width: 150px) 100vw, 150px\" title=\"Capture aesh\" alt=\"\" \t\tclass=\"so-widget-image\"\/>\n\t\t\t<\/a><\/div>\n\n<\/div><\/div><\/div><\/div><div id=\"pg-71-1\"  class=\"panel-grid panel-no-style\" ><div id=\"pgc-71-1-0\"  class=\"panel-grid-cell\" ><div id=\"panel-71-1-0-0\" class=\"so-panel widget widget_sow-editor panel-first-child panel-last-child\" data-index=\"10\" ><div\n\t\t\t\n\t\t\tclass=\"so-widget-sow-editor so-widget-sow-editor-base\"\n\t\t\t\n\t\t>\n<div class=\"siteorigin-widget-tinymce textwidget\">\n\t<\/div>\n<\/div><\/div><\/div><div id=\"pgc-71-1-1\"  class=\"panel-grid-cell\" ><div id=\"panel-71-1-1-0\" class=\"so-panel widget widget_sow-editor panel-first-child panel-last-child\" data-index=\"11\" ><div\n\t\t\t\n\t\t\tclass=\"so-widget-sow-editor so-widget-sow-editor-base\"\n\t\t\t\n\t\t>\n<div class=\"siteorigin-widget-tinymce textwidget\">\n\t<\/div>\n<\/div><\/div><\/div><\/div><div id=\"pg-71-2\"  class=\"panel-grid panel-no-style\" ><div id=\"pgc-71-2-0\"  class=\"panel-grid-cell\" ><div id=\"panel-71-2-0-0\" class=\"so-panel widget widget_sow-button panel-first-child\" data-index=\"12\" ><div\n\t\t\t\n\t\t\tclass=\"so-widget-sow-button so-widget-sow-button-wire-3dc300127561-71\"\n\t\t\t\n\t\t><div class=\"ow-button-base ow-button-align-center\"\n>\n\t\t\t<a\n\t\t\t\t\thref=\"https:\/\/padlet.com\/ce_0941781a\/henri_wallon_ivry#\"\n\t\t\t\t\tclass=\"sowb-button ow-icon-placement-left ow-button-hover\" \t>\n\t\t<span>\n\t\t\t\n\t\t\tPadlet documents internes\t\t<\/span>\n\t\t\t<\/a>\n\t<\/div>\n<\/div><\/div><div id=\"panel-71-2-0-1\" class=\"so-panel widget widget_sow-image panel-last-child\" data-index=\"13\" ><div\n\t\t\t\n\t\t\tclass=\"so-widget-sow-image so-widget-sow-image-default-c67d20f9f743-71\"\n\t\t\t\n\t\t>\n<div class=\"sow-image-container\">\n\t\t\t<a href=\"https:\/\/padlet.com\/ce_0941781a\/henri_wallon_ivry#\"\n\t\t\t\t\t>\n\t\t\t<img \n\tsrc=\"https:\/\/www.college-wallon-ivry.fr\/wp-content\/uploads\/2017\/07\/Capture-150x150.jpg\" width=\"150\" height=\"150\" srcset=\"https:\/\/www.college-wallon-ivry.fr\/wp-content\/uploads\/2017\/07\/Capture-150x150.jpg 150w, https:\/\/www.college-wallon-ivry.fr\/wp-content\/uploads\/2017\/07\/Capture-200x200.jpg 200w\" sizes=\"(max-width: 150px) 100vw, 150px\" alt=\"\" \t\tclass=\"so-widget-image\"\/>\n\t\t\t<\/a><\/div>\n\n<\/div><\/div><\/div><div id=\"pgc-71-2-1\"  class=\"panel-grid-cell\" ><div id=\"panel-71-2-1-0\" class=\"so-panel widget widget_sow-button panel-first-child\" data-index=\"14\" ><div\n\t\t\t\n\t\t\tclass=\"so-widget-sow-button so-widget-sow-button-wire-3dc300127561-71\"\n\t\t\t\n\t\t><div class=\"ow-button-base ow-button-align-center\"\n>\n\t\t\t<a\n\t\t\t\t\thref=\"https:\/\/padlet.com\/sgermainhg\/9sd93pn16euc\"\n\t\t\t\t\tclass=\"sowb-button ow-icon-placement-left ow-button-hover\" \t>\n\t\t<span>\n\t\t\t\n\t\t\tAccompagnement \u00e9ducatif\t\t<\/span>\n\t\t\t<\/a>\n\t<\/div>\n<\/div><\/div><div id=\"panel-71-2-1-1\" class=\"so-panel widget widget_sow-image panel-last-child\" data-index=\"15\" ><div\n\t\t\t\n\t\t\tclass=\"so-widget-sow-image so-widget-sow-image-default-c67d20f9f743-71\"\n\t\t\t\n\t\t>\n<div class=\"sow-image-container\">\n\t\t\t<a href=\"https:\/\/padlet.com\/sgermainhg\/9sd93pn16euc\"\n\t\t\t\t\t>\n\t\t\t<img \n\tsrc=\"https:\/\/www.college-wallon-ivry.fr\/wp-content\/uploads\/2017\/07\/Capture2-150x150.jpg\" width=\"150\" height=\"150\" srcset=\"https:\/\/www.college-wallon-ivry.fr\/wp-content\/uploads\/2017\/07\/Capture2-150x150.jpg 150w, https:\/\/www.college-wallon-ivry.fr\/wp-content\/uploads\/2017\/07\/Capture2-200x200.jpg 200w\" sizes=\"(max-width: 150px) 100vw, 150px\" alt=\"\" \t\tclass=\"so-widget-image\"\/>\n\t\t\t<\/a><\/div>\n\n<\/div><\/div><\/div><\/div><\/div><h3>Images li\u00e9es:<\/h3>","protected":false},"excerpt":{"rendered":"<p>Pronote parents Pronote \u00e9l\u00e8ves Pronote enseignants Pronote vie scolaire Pronote AVS et AESH Padlet documents internes Accompagnement \u00e9ducatif Images li\u00e9es:<\/p>\n","protected":false},"author":1,"featured_media":292,"parent":69,"menu_order":5,"comment_status":"closed","ping_status":"closed","template":"","meta":{"ngg_post_thumbnail":0,"footnotes":""},"categories":[41,42],"tags":[32,35,34,33],"class_list":{"0":"post-71","1":"page","2":"type-page","3":"status-publish","4":"has-post-thumbnail","6":"category-parents","7":"category-suivi-scolarite","8":"tag-absences","9":"tag-bulletins","10":"tag-notes","11":"tag-retards","12":"czr-hentry"},"_links":{"self":[{"href":"https:\/\/www.college-wallon-ivry.fr\/index.php\/wp-json\/wp\/v2\/pages\/71","targetHints":{"allow":["GET"]}}],"collection":[{"href":"https:\/\/www.college-wallon-ivry.fr\/index.php\/wp-json\/wp\/v2\/pages"}],"about":[{"href":"https:\/\/www.college-wallon-ivry.fr\/index.php\/wp-json\/wp\/v2\/types\/page"}],"author":[{"embeddable":true,"href":"https:\/\/www.college-wallon-ivry.fr\/index.php\/wp-json\/wp\/v2\/users\/1"}],"replies":[{"embeddable":true,"href":"https:\/\/www.college-wallon-ivry.fr\/index.php\/wp-json\/wp\/v2\/comments?post=71"}],"version-history":[{"count":85,"href":"https:\/\/www.college-wallon-ivry.fr\/index.php\/wp-json\/wp\/v2\/pages\/71\/revisions"}],"predecessor-version":[{"id":14478,"href":"https:\/\/www.college-wallon-ivry.fr\/index.php\/wp-json\/wp\/v2\/pages\/71\/revisions\/14478"}],"up":[{"embeddable":true,"href":"https:\/\/www.college-wallon-ivry.fr\/index.php\/wp-json\/wp\/v2\/pages\/69"}],"wp:featuredmedia":[{"embeddable":true,"href":"https:\/\/www.college-wallon-ivry.fr\/index.php\/wp-json\/wp\/v2\/media\/292"}],"wp:attachment":[{"href":"https:\/\/www.college-wallon-ivry.fr\/index.php\/wp-json\/wp\/v2\/media?parent=71"}],"wp:term":[{"taxonomy":"category","embeddable":true,"href":"https:\/\/www.college-wallon-ivry.fr\/index.php\/wp-json\/wp\/v2\/categories?post=71"},{"taxonomy":"post_tag","embeddable":true,"href":"https:\/\/www.college-wallon-ivry.fr\/index.php\/wp-json\/wp\/v2\/tags?post=71"}],"curies":[{"name":"wp","href":"https:\/\/api.w.org\/{rel}","templated":true}]}}