{"id":750,"date":"2017-09-05T22:53:10","date_gmt":"2017-09-05T20:53:10","guid":{"rendered":"http:\/\/www.college-wallon-ivry.fr\/?page_id=750"},"modified":"2017-11-13T21:29:10","modified_gmt":"2017-11-13T20:29:10","slug":"route-championnat-de-france-20162017","status":"publish","type":"page","link":"https:\/\/www.college-wallon-ivry.fr\/index.php\/les-associations-sportives\/handball\/as-competition-resultats\/route-championnat-de-france-20162017\/","title":{"rendered":"En route pour le championnat de France 2016\/2017"},"content":{"rendered":"<p>Championnat de France UNSS &#8211; Poitiers, 9-12 mai 2017<\/p>\n<p>Nos handballeuses se sont hiss\u00e9es jusqu&rsquo;en 1\/4 de finale, elles finissent la comp\u00e9tition \u00e0 la 7\u00e8me place (sur 16).<\/p>\n<p>F\u00e9licitations \u00e0 elles pour ce magnifique parcours et \u00e0 l&rsquo;ann\u00e9e prochaine !<\/p>\n<hr \/>\n<p>Allez les filles ! Allez Wallon !<\/p>\n<p>&nbsp;<\/p>\n<div style=\"width: 640px;\" class=\"wp-video\"><!--[if lt IE 9]><script>document.createElement('video');<\/script><![endif]-->\n<video class=\"wp-video-shortcode\" id=\"video-750-1\" width=\"640\" height=\"352\" preload=\"metadata\" controls=\"controls\"><source type=\"video\/mp4\" src=\"http:\/\/www.college-wallon-ivry.fr\/wp-content\/uploads\/2017\/05\/Clapping-9-mai-2017.mp4?_=1\" \/><a href=\"http:\/\/www.college-wallon-ivry.fr\/wp-content\/uploads\/2017\/05\/Clapping-9-mai-2017.mp4\">http:\/\/www.college-wallon-ivry.fr\/wp-content\/uploads\/2017\/05\/Clapping-9-mai-2017.mp4<\/a><\/video><\/div>\n<hr \/>\n<p>Programme de l&rsquo;apr\u00e8s-midi &#8211; 11\/05\/2017<\/p>\n<p><iframe loading=\"lazy\" style=\"border: none; overflow: hidden;\" src=\"https:\/\/www.facebook.com\/plugins\/post.php?href=https%3A%2F%2Fwww.facebook.com%2FCF.handball.UNSS%2Fposts%2F1068623729948859%3A0&amp;width=500\" width=\"500\" height=\"485\" frameborder=\"0\" scrolling=\"no\"><\/iframe><\/p>\n<hr \/>\n<p>QUALIFI\u00c9ES POUR LES 1\/4 DE FINALE !! &#8211; 11\/05\/2017<\/p>\n<p>Les filles se sont qualifi\u00e9es en 1\/4 de finale du championnat de France apr\u00e8s avoir fini 2\u00e8me de leur poule en battant Lyon et Nantes !<\/p>\n<div>Tous derri\u00e8re les filles !<\/div>\n<div>Allez Wallon !<\/div>\n<p>&nbsp;<\/p>\n<p><iframe loading=\"lazy\" style=\"border: none; overflow: hidden;\" src=\"https:\/\/www.facebook.com\/plugins\/post.php?href=https%3A%2F%2Fwww.facebook.com%2FCF.handball.UNSS%2Fposts%2F1068623376615561&amp;width=500\" width=\"500\" height=\"626\" frameborder=\"0\" scrolling=\"no\"><\/iframe><\/p>\n<hr \/>\n<p>Que d&rsquo;\u00e9motions pour cette premi\u00e8re journ\u00e9e ! &#8211; 10\/05\/2017<\/p>\n<p>Apr\u00e8s un premier match difficile sold\u00e9 par une d\u00e9faite (-10) contre Bordeaux, nos handballeuses se sont bien rattrap\u00e9es avec une victoire importante au deuxi\u00e8me match (+1) contre Nantes qui leur permet de rester en course pour les 1\/4 de finale ! Demain, une victoire est imp\u00e9rative contre Lyon pour r\u00eaver plus grand.<\/p>\n<p>Allez les filles !<\/p>\n<p>&nbsp;<\/p>\n<p><iframe loading=\"lazy\" style=\"border: none; overflow: hidden;\" src=\"https:\/\/www.facebook.com\/plugins\/post.php?href=https%3A%2F%2Fwww.facebook.com%2FCF.handball.UNSS%2Fposts%2F1067894426688456&amp;width=500\" width=\"500\" height=\"646\" frameborder=\"0\" scrolling=\"no\"><\/iframe><\/p>\n<hr \/>\n<p>CHAMPIONNES ACAD\u00c9MIE DE CR\u00c9TEIL 2017 !<\/p>\n<p>F\u00e9licitations \u00e0 notre \u00e9quipe de Handball f\u00e9minine Championne de l&rsquo;Acad\u00e9mie de Cr\u00e9teil 2017 !<\/p>\n<p>Bravo aux joueuses Alexandre, Melrose, Myriam, Aminata, Steffy, Divine, Axelle, Wissal, A\u00efcha, Le\u00efla, et \u00e0 leur entra\u00eeneur M. CADIC.<\/p>\n<p>Merci \u00e0 Nacer et Samy pour l&rsquo;arbitrage.<\/p>\n<p>&nbsp;<\/p>\n<style type=\"text\/css\">.easingslider-466 { max-width: 640px; }.easingslider-466 .easingslider-image { max-height: 400px; max-width: 640px; }.easingslider-466 .easingslider-fade-in, .easingslider-fade-out { -webkit-animation-duration: 400ms; -moz-animation-duration: 400ms; animation-duration: 400ms; }<\/style><script type=\"text\/javascript\">window.EasingSlider466 = {\"width\":640,\"height\":400,\"singleItem\":true,\"items\":1,\"itemsDesktop\":false,\"itemsDesktopSmall\":false,\"itemsTablet\":false,\"itemsTabletSmall\":false,\"itemsMobile\":false,\"responsive\":true,\"lazyLoad\":true,\"autoPlay\":4000,\"slideSpeed\":400,\"navigation\":true,\"navigationText\":[\"\",\"\"],\"pagination\":true,\"autoHeight\":false,\"mouseDrag\":false,\"touchDrag\":false,\"addClassActive\":true,\"transitionStyle\":\"fade\"};<\/script><div data-id=\"466\" class=\"easingslider easingslider-466 easingslider-container easingslider-resizing-enabled easingslider-aspect-ratio easingslider-arrows-inside easingslider-pagination-inside easingslider-pagination-bottom-center\"><div class=\"easingslider-slide\"><img decoding=\"async\" src=\"https:\/\/www.college-wallon-ivry.fr\/wp-content\/plugins\/easing-slider\/assets\/images\/placeholder-pixel.png\" data-src=\"https:\/\/www.college-wallon-ivry.fr\/wp-content\/uploads\/2017\/05\/IMG_0933-640x400.jpg\" alt=\"\" title=\"\" class=\"easingslider-image easingslider-lazy\" \/><\/div><div class=\"easingslider-slide\"><img decoding=\"async\" src=\"https:\/\/www.college-wallon-ivry.fr\/wp-content\/plugins\/easing-slider\/assets\/images\/placeholder-pixel.png\" data-src=\"https:\/\/www.college-wallon-ivry.fr\/wp-content\/uploads\/2017\/05\/IMG_0923-640x400.jpg\" alt=\"\" title=\"\" class=\"easingslider-image easingslider-lazy\" \/><\/div><div class=\"easingslider-slide\"><img decoding=\"async\" src=\"https:\/\/www.college-wallon-ivry.fr\/wp-content\/plugins\/easing-slider\/assets\/images\/placeholder-pixel.png\" data-src=\"https:\/\/www.college-wallon-ivry.fr\/wp-content\/uploads\/2017\/04\/hand-championne-academie-2017-photo-640x400.png\" alt=\"\" title=\"\" class=\"easingslider-image easingslider-lazy\" \/><\/div><div class=\"easingslider-slide\"><img decoding=\"async\" src=\"https:\/\/www.college-wallon-ivry.fr\/wp-content\/plugins\/easing-slider\/assets\/images\/placeholder-pixel.png\" data-src=\"https:\/\/www.college-wallon-ivry.fr\/wp-content\/uploads\/2017\/04\/les-filles-championne-r\u00e9gionale-640x400.jpg\" alt=\"\" title=\"\" class=\"easingslider-image easingslider-lazy\" \/><\/div><div class=\"easingslider-slide\"><img decoding=\"async\" src=\"https:\/\/www.college-wallon-ivry.fr\/wp-content\/plugins\/easing-slider\/assets\/images\/placeholder-pixel.png\" data-src=\"https:\/\/www.college-wallon-ivry.fr\/wp-content\/uploads\/2017\/05\/IMG_1878-640x400.jpg\" alt=\"\" title=\"\" class=\"easingslider-image easingslider-lazy\" \/><\/div><\/div>\n<h3>Images li\u00e9es:<\/h3>","protected":false},"excerpt":{"rendered":"<p>Championnat de France UNSS &#8211; Poitiers, 9-12 mai 2017 Nos handballeuses se sont hiss\u00e9es jusqu&rsquo;en 1\/4 de finale, elles finissent la comp\u00e9tition \u00e0 la 7\u00e8me place (sur 16). F\u00e9licitations \u00e0 elles pour ce magnifique parcours et \u00e0 l&rsquo;ann\u00e9e prochaine ! Allez les filles ! Allez Wallon ! &nbsp; Programme de l&rsquo;apr\u00e8s-midi &#8211; 11\/05\/2017 QUALIFI\u00c9ES POUR [&hellip;]<\/p>\n","protected":false},"author":1,"featured_media":0,"parent":880,"menu_order":0,"comment_status":"closed","ping_status":"closed","template":"","meta":{"ngg_post_thumbnail":0,"footnotes":""},"categories":[47,24,23],"tags":[],"class_list":{"0":"post-750","1":"page","2":"type-page","3":"status-publish","5":"category-as","6":"category-handball","7":"category-sport","8":"czr-hentry"},"_links":{"self":[{"href":"https:\/\/www.college-wallon-ivry.fr\/index.php\/wp-json\/wp\/v2\/pages\/750","targetHints":{"allow":["GET"]}}],"collection":[{"href":"https:\/\/www.college-wallon-ivry.fr\/index.php\/wp-json\/wp\/v2\/pages"}],"about":[{"href":"https:\/\/www.college-wallon-ivry.fr\/index.php\/wp-json\/wp\/v2\/types\/page"}],"author":[{"embeddable":true,"href":"https:\/\/www.college-wallon-ivry.fr\/index.php\/wp-json\/wp\/v2\/users\/1"}],"replies":[{"embeddable":true,"href":"https:\/\/www.college-wallon-ivry.fr\/index.php\/wp-json\/wp\/v2\/comments?post=750"}],"version-history":[{"count":3,"href":"https:\/\/www.college-wallon-ivry.fr\/index.php\/wp-json\/wp\/v2\/pages\/750\/revisions"}],"predecessor-version":[{"id":797,"href":"https:\/\/www.college-wallon-ivry.fr\/index.php\/wp-json\/wp\/v2\/pages\/750\/revisions\/797"}],"up":[{"embeddable":true,"href":"https:\/\/www.college-wallon-ivry.fr\/index.php\/wp-json\/wp\/v2\/pages\/880"}],"wp:attachment":[{"href":"https:\/\/www.college-wallon-ivry.fr\/index.php\/wp-json\/wp\/v2\/media?parent=750"}],"wp:term":[{"taxonomy":"category","embeddable":true,"href":"https:\/\/www.college-wallon-ivry.fr\/index.php\/wp-json\/wp\/v2\/categories?post=750"},{"taxonomy":"post_tag","embeddable":true,"href":"https:\/\/www.college-wallon-ivry.fr\/index.php\/wp-json\/wp\/v2\/tags?post=750"}],"curies":[{"name":"wp","href":"https:\/\/api.w.org\/{rel}","templated":true}]}}