{"id":759,"date":"2017-09-05T23:01:24","date_gmt":"2017-09-05T21:01:24","guid":{"rendered":"http:\/\/www.college-wallon-ivry.fr\/?page_id=759"},"modified":"2018-09-07T22:47:26","modified_gmt":"2018-09-07T20:47:26","slug":"mangaka-seine-20162017","status":"publish","type":"page","link":"https:\/\/www.college-wallon-ivry.fr\/index.php\/le-fse\/club-manga\/mangaka-seine-20162017\/","title":{"rendered":"Mangaka sur seine 2016\/2017"},"content":{"rendered":"<p>Les \u00e9l\u00e8ves du club manga ont particip\u00e9 \u00e0 un concours de dessins inter-\u00e9tablissements (coll\u00e8ges et lyc\u00e9es d&rsquo;Ivry-sur-Seine et Vitry-sur-Seine).<\/p>\n<p>Vous pouvez voir les dessins expos\u00e9s du 03 mai au 24 mai 2017 \u00e0 la m\u00e9diath\u00e8que du plateau Monmousseau (Ivry) ainsi qu&rsquo;\u00e0 la m\u00e9diath\u00e8que N.<\/p>\n<p>Mandela (Vitry) et votez pour les futurs laur\u00e9ats\u00a0!<\/p>\n<p>La m\u00e9diath\u00e8que en parle : <a href=\"http:\/\/mediatheque.ivry94.fr\/Default\/doc\/AGENDA\/116\">http:\/\/mediatheque.ivry94.fr\/Default\/doc\/AGENDA\/116<\/a><\/p>\n<style type=\"text\/css\">.easingslider-489 { max-width: 640px; }.easingslider-489 .easingslider-image { max-height: 400px; max-width: 640px; }.easingslider-489 .easingslider-fade-in, .easingslider-fade-out { -webkit-animation-duration: 400ms; -moz-animation-duration: 400ms; animation-duration: 400ms; }<\/style><script type=\"text\/javascript\">window.EasingSlider489 = {\"width\":640,\"height\":400,\"singleItem\":true,\"items\":1,\"itemsDesktop\":false,\"itemsDesktopSmall\":false,\"itemsTablet\":false,\"itemsTabletSmall\":false,\"itemsMobile\":false,\"responsive\":true,\"lazyLoad\":true,\"autoPlay\":4000,\"slideSpeed\":400,\"navigation\":true,\"navigationText\":[\"\",\"\"],\"pagination\":true,\"autoHeight\":false,\"mouseDrag\":false,\"touchDrag\":false,\"addClassActive\":true,\"transitionStyle\":\"fade\"};<\/script><div data-id=\"489\" class=\"easingslider easingslider-489 easingslider-container easingslider-resizing-enabled easingslider-aspect-ratio easingslider-arrows-inside easingslider-pagination-inside easingslider-pagination-bottom-center\"><div class=\"easingslider-slide\"><img decoding=\"async\" src=\"https:\/\/www.college-wallon-ivry.fr\/wp-content\/plugins\/easing-slider\/assets\/images\/placeholder-pixel.png\" data-src=\"https:\/\/www.college-wallon-ivry.fr\/wp-content\/uploads\/2017\/05\/IMG_0002-2-640x400.jpg\" alt=\"\" title=\"\" class=\"easingslider-image easingslider-lazy\" \/><\/div><div class=\"easingslider-slide\"><img decoding=\"async\" src=\"https:\/\/www.college-wallon-ivry.fr\/wp-content\/plugins\/easing-slider\/assets\/images\/placeholder-pixel.png\" data-src=\"https:\/\/www.college-wallon-ivry.fr\/wp-content\/uploads\/2017\/05\/expo-2017-monmousseau-640x400.jpg\" alt=\"\" title=\"\" class=\"easingslider-image easingslider-lazy\" \/><\/div><div class=\"easingslider-slide\"><img decoding=\"async\" src=\"https:\/\/www.college-wallon-ivry.fr\/wp-content\/plugins\/easing-slider\/assets\/images\/placeholder-pixel.png\" data-src=\"https:\/\/www.college-wallon-ivry.fr\/wp-content\/uploads\/2017\/05\/expo-2017-mandela-640x400.jpg\" alt=\"\" title=\"\" class=\"easingslider-image easingslider-lazy\" \/><\/div><\/div>\n<p>&nbsp;<\/p>\n<h3>Images li\u00e9es:<\/h3>","protected":false},"excerpt":{"rendered":"<p>Les \u00e9l\u00e8ves du club manga ont particip\u00e9 \u00e0 un concours de dessins inter-\u00e9tablissements (coll\u00e8ges et lyc\u00e9es d&rsquo;Ivry-sur-Seine et Vitry-sur-Seine). Vous pouvez voir les dessins expos\u00e9s du 03 mai au 24 mai 2017 \u00e0 la m\u00e9diath\u00e8que du plateau Monmousseau (Ivry) ainsi qu&rsquo;\u00e0 la m\u00e9diath\u00e8que N. Mandela (Vitry) et votez pour les futurs laur\u00e9ats\u00a0! La m\u00e9diath\u00e8que en [&hellip;]<\/p>\n","protected":false},"author":1,"featured_media":0,"parent":485,"menu_order":0,"comment_status":"closed","ping_status":"closed","template":"","meta":{"ngg_post_thumbnail":0,"footnotes":""},"categories":[],"tags":[],"class_list":["post-759","page","type-page","status-publish","czr-hentry"],"_links":{"self":[{"href":"https:\/\/www.college-wallon-ivry.fr\/index.php\/wp-json\/wp\/v2\/pages\/759","targetHints":{"allow":["GET"]}}],"collection":[{"href":"https:\/\/www.college-wallon-ivry.fr\/index.php\/wp-json\/wp\/v2\/pages"}],"about":[{"href":"https:\/\/www.college-wallon-ivry.fr\/index.php\/wp-json\/wp\/v2\/types\/page"}],"author":[{"embeddable":true,"href":"https:\/\/www.college-wallon-ivry.fr\/index.php\/wp-json\/wp\/v2\/users\/1"}],"replies":[{"embeddable":true,"href":"https:\/\/www.college-wallon-ivry.fr\/index.php\/wp-json\/wp\/v2\/comments?post=759"}],"version-history":[{"count":1,"href":"https:\/\/www.college-wallon-ivry.fr\/index.php\/wp-json\/wp\/v2\/pages\/759\/revisions"}],"predecessor-version":[{"id":760,"href":"https:\/\/www.college-wallon-ivry.fr\/index.php\/wp-json\/wp\/v2\/pages\/759\/revisions\/760"}],"up":[{"embeddable":true,"href":"https:\/\/www.college-wallon-ivry.fr\/index.php\/wp-json\/wp\/v2\/pages\/485"}],"wp:attachment":[{"href":"https:\/\/www.college-wallon-ivry.fr\/index.php\/wp-json\/wp\/v2\/media?parent=759"}],"wp:term":[{"taxonomy":"category","embeddable":true,"href":"https:\/\/www.college-wallon-ivry.fr\/index.php\/wp-json\/wp\/v2\/categories?post=759"},{"taxonomy":"post_tag","embeddable":true,"href":"https:\/\/www.college-wallon-ivry.fr\/index.php\/wp-json\/wp\/v2\/tags?post=759"}],"curies":[{"name":"wp","href":"https:\/\/api.w.org\/{rel}","templated":true}]}}