{"id":79,"date":"2017-03-18T18:23:40","date_gmt":"2017-03-18T17:23:40","guid":{"rendered":"http:\/\/college-wallon-ivry.fr\/?page_id=79"},"modified":"2018-09-10T14:36:18","modified_gmt":"2018-09-10T12:36:18","slug":"espace-cdi","status":"publish","type":"page","link":"https:\/\/www.college-wallon-ivry.fr\/index.php\/espace-cdi\/","title":{"rendered":"Espace CDI"},"content":{"rendered":"<p>Bienvenue au CDI !<\/p>\n<p>Voici quelques informations pratiques concernant le CDI du coll\u00e8ge :<\/p>\n<pre><a href=\"https:\/\/create.piktochart.com\/output\/32102030-presentation-cdi-2018-2019\"><img loading=\"lazy\" decoding=\"async\" class=\"alignleft size-medium wp-image-3855\" src=\"http:\/\/www.college-wallon-ivry.fr\/wp-content\/uploads\/2018\/09\/presentation-cd_32102030-1-218x300.png\" alt=\"\" width=\"218\" height=\"300\" srcset=\"https:\/\/www.college-wallon-ivry.fr\/wp-content\/uploads\/2018\/09\/presentation-cd_32102030-1-218x300.png 218w, https:\/\/www.college-wallon-ivry.fr\/wp-content\/uploads\/2018\/09\/presentation-cd_32102030-1-768x1056.png 768w, https:\/\/www.college-wallon-ivry.fr\/wp-content\/uploads\/2018\/09\/presentation-cd_32102030-1-745x1024.png 745w, https:\/\/www.college-wallon-ivry.fr\/wp-content\/uploads\/2018\/09\/presentation-cd_32102030-1-400x550.png 400w, https:\/\/www.college-wallon-ivry.fr\/wp-content\/uploads\/2018\/09\/presentation-cd_32102030-1.png 785w\" sizes=\"auto, (max-width: 218px) 100vw, 218px\" \/><\/a><\/pre>\n<p><img loading=\"lazy\" decoding=\"async\" class=\"alignright wp-image-3856\" src=\"http:\/\/www.college-wallon-ivry.fr\/wp-content\/uploads\/2018\/09\/horaire-cdi-300x225.png\" alt=\"\" width=\"372\" height=\"279\" srcset=\"https:\/\/www.college-wallon-ivry.fr\/wp-content\/uploads\/2018\/09\/horaire-cdi-300x225.png 300w, https:\/\/www.college-wallon-ivry.fr\/wp-content\/uploads\/2018\/09\/horaire-cdi-768x576.png 768w, https:\/\/www.college-wallon-ivry.fr\/wp-content\/uploads\/2018\/09\/horaire-cdi-400x300.png 400w, https:\/\/www.college-wallon-ivry.fr\/wp-content\/uploads\/2018\/09\/horaire-cdi.png 800w\" sizes=\"auto, (max-width: 372px) 100vw, 372px\" \/><\/p>\n<p>&nbsp;<\/p>\n<p>&nbsp;<\/p>\n<p>&nbsp;<\/p>\n<p>&nbsp;<\/p>\n<p>&nbsp;<\/p>\n<p>&nbsp;<\/p>\n<p>&nbsp;<\/p>\n<p>&nbsp;<\/p>\n<p><a href=\"https:\/\/create.piktochart.com\/output\/32102030-presentation-cdi-2018-2019\">Pr\u00e9sentation du CDI : c&rsquo;est quoi, o\u00f9, qui, comment, pourquoi, quand ?<\/a><\/p>\n<p>On trouve quoi comme ressources au CDI ?<\/p>\n<ul>\n<li>Catalogue esidoc du CDI : <a href=\"http:\/\/0941781a.esidoc.fr\">http:\/\/0941781a.esidoc.fr<\/a><\/li>\n<\/ul>\n<p>&nbsp;<\/p>\n<p><strong>Ce qui se fait au CDI:&nbsp;<\/strong><\/p>\n<p><a href=\"https:\/\/create.piktochart.com\/output\/31243684-bilan-cdi-wallon-20172018\"><span style=\"text-align: center;\">Bilan de l&rsquo;ann\u00e9e 2017\/2018 :<\/span><\/a><\/p>\n<pre>&nbsp;<\/pre>\n<div class=\"piktowrapper-embed\" style=\"height: 300px; position: relative;\" data-uid=\"31243684-bilan-cdi-wallon-20172018\">\n<div class=\"pikto-canvas-wrap\">\n<div class=\"pikto-canvas\">\n<div class=\"embed-loading-overlay\" style=\"width: 100%; height: 100%; position: absolute; text-align: center;\">\n<p><img decoding=\"async\" style=\"margin-top: 100px;\" src=\"https:\/\/create.piktochart.com\/loading.gif\" alt=\"Loading...\" width=\"60px\"><\/p>\n<p style=\"margin: 0; padding: 0; font-family: Lato, Helvetica, Arial, sans-serif; font-weight: 600; font-size: 16px;\">Loading&#8230;<\/p>\n<\/div>\n<\/div>\n<\/div>\n<\/div>\n<p><script>(function(d){var js, id=\"pikto-embed-js\", ref=d.getElementsByTagName(\"script\")[0];if (d.getElementById(id)) { return;}js=d.createElement(\"script\"); js.id=id; js.async=true;js.src=\"https:\/\/create.piktochart.com\/assets\/embedding\/embed.js\";ref.parentNode.insertBefore(js, ref);}(document));<\/script><\/p>\n<h3>Images li\u00e9es:<\/h3>","protected":false},"excerpt":{"rendered":"<p>Bienvenue au CDI ! Voici quelques informations pratiques concernant le CDI du coll\u00e8ge : &nbsp; &nbsp; &nbsp; &nbsp; &nbsp; &nbsp; &nbsp; &nbsp; Pr\u00e9sentation du CDI : c&rsquo;est quoi, o\u00f9, qui, comment, pourquoi, quand ? On trouve quoi comme ressources au CDI ? Catalogue esidoc du CDI : http:\/\/0941781a.esidoc.fr &nbsp; Ce qui se fait au CDI:&nbsp; [&hellip;]<\/p>\n","protected":false},"author":1,"featured_media":0,"parent":0,"menu_order":8,"comment_status":"closed","ping_status":"closed","template":"","meta":{"ngg_post_thumbnail":0,"footnotes":""},"categories":[26],"tags":[],"class_list":{"0":"post-79","1":"page","2":"type-page","3":"status-publish","5":"category-cdi","6":"czr-hentry"},"_links":{"self":[{"href":"https:\/\/www.college-wallon-ivry.fr\/index.php\/wp-json\/wp\/v2\/pages\/79","targetHints":{"allow":["GET"]}}],"collection":[{"href":"https:\/\/www.college-wallon-ivry.fr\/index.php\/wp-json\/wp\/v2\/pages"}],"about":[{"href":"https:\/\/www.college-wallon-ivry.fr\/index.php\/wp-json\/wp\/v2\/types\/page"}],"author":[{"embeddable":true,"href":"https:\/\/www.college-wallon-ivry.fr\/index.php\/wp-json\/wp\/v2\/users\/1"}],"replies":[{"embeddable":true,"href":"https:\/\/www.college-wallon-ivry.fr\/index.php\/wp-json\/wp\/v2\/comments?post=79"}],"version-history":[{"count":20,"href":"https:\/\/www.college-wallon-ivry.fr\/index.php\/wp-json\/wp\/v2\/pages\/79\/revisions"}],"predecessor-version":[{"id":3866,"href":"https:\/\/www.college-wallon-ivry.fr\/index.php\/wp-json\/wp\/v2\/pages\/79\/revisions\/3866"}],"wp:attachment":[{"href":"https:\/\/www.college-wallon-ivry.fr\/index.php\/wp-json\/wp\/v2\/media?parent=79"}],"wp:term":[{"taxonomy":"category","embeddable":true,"href":"https:\/\/www.college-wallon-ivry.fr\/index.php\/wp-json\/wp\/v2\/categories?post=79"},{"taxonomy":"post_tag","embeddable":true,"href":"https:\/\/www.college-wallon-ivry.fr\/index.php\/wp-json\/wp\/v2\/tags?post=79"}],"curies":[{"name":"wp","href":"https:\/\/api.w.org\/{rel}","templated":true}]}}