{"id":8026,"date":"2019-09-09T20:03:12","date_gmt":"2019-09-09T18:03:12","guid":{"rendered":"http:\/\/www.college-wallon-ivry.fr\/?page_id=8026"},"modified":"2019-09-09T20:03:12","modified_gmt":"2019-09-09T18:03:12","slug":"annee-precedentes","status":"publish","type":"page","link":"https:\/\/www.college-wallon-ivry.fr\/index.php\/les-aventures-pedagogiques\/annee-precedentes\/","title":{"rendered":"Ann\u00e9e pr\u00e9c\u00e9dentes"},"content":{"rendered":"<h3>Images li\u00e9es:<\/h3>","protected":false},"excerpt":{"rendered":"<p>Images li\u00e9es:<\/p>\n","protected":false},"author":1,"featured_media":0,"parent":54,"menu_order":0,"comment_status":"closed","ping_status":"closed","template":"","meta":{"ngg_post_thumbnail":0,"footnotes":""},"categories":[16],"tags":[],"class_list":{"0":"post-8026","1":"page","2":"type-page","3":"status-publish","5":"category-realisation","6":"czr-hentry"},"_links":{"self":[{"href":"https:\/\/www.college-wallon-ivry.fr\/index.php\/wp-json\/wp\/v2\/pages\/8026","targetHints":{"allow":["GET"]}}],"collection":[{"href":"https:\/\/www.college-wallon-ivry.fr\/index.php\/wp-json\/wp\/v2\/pages"}],"about":[{"href":"https:\/\/www.college-wallon-ivry.fr\/index.php\/wp-json\/wp\/v2\/types\/page"}],"author":[{"embeddable":true,"href":"https:\/\/www.college-wallon-ivry.fr\/index.php\/wp-json\/wp\/v2\/users\/1"}],"replies":[{"embeddable":true,"href":"https:\/\/www.college-wallon-ivry.fr\/index.php\/wp-json\/wp\/v2\/comments?post=8026"}],"version-history":[{"count":1,"href":"https:\/\/www.college-wallon-ivry.fr\/index.php\/wp-json\/wp\/v2\/pages\/8026\/revisions"}],"predecessor-version":[{"id":8027,"href":"https:\/\/www.college-wallon-ivry.fr\/index.php\/wp-json\/wp\/v2\/pages\/8026\/revisions\/8027"}],"up":[{"embeddable":true,"href":"https:\/\/www.college-wallon-ivry.fr\/index.php\/wp-json\/wp\/v2\/pages\/54"}],"wp:attachment":[{"href":"https:\/\/www.college-wallon-ivry.fr\/index.php\/wp-json\/wp\/v2\/media?parent=8026"}],"wp:term":[{"taxonomy":"category","embeddable":true,"href":"https:\/\/www.college-wallon-ivry.fr\/index.php\/wp-json\/wp\/v2\/categories?post=8026"},{"taxonomy":"post_tag","embeddable":true,"href":"https:\/\/www.college-wallon-ivry.fr\/index.php\/wp-json\/wp\/v2\/tags?post=8026"}],"curies":[{"name":"wp","href":"https:\/\/api.w.org\/{rel}","templated":true}]}}