{"id":880,"date":"2017-10-18T21:25:21","date_gmt":"2017-10-18T19:25:21","guid":{"rendered":"http:\/\/www.college-wallon-ivry.fr\/?page_id=880"},"modified":"2019-05-27T22:12:45","modified_gmt":"2019-05-27T20:12:45","slug":"as-competition-resultats","status":"publish","type":"page","link":"https:\/\/www.college-wallon-ivry.fr\/index.php\/les-associations-sportives\/handball\/as-competition-resultats\/","title":{"rendered":"Calendrier et r\u00e9sultats"},"content":{"rendered":"<div id=\"pl-880\"  class=\"panel-layout\" ><div id=\"pg-880-0\"  class=\"panel-grid panel-no-style\" ><div id=\"pgc-880-0-0\"  class=\"panel-grid-cell\" ><div id=\"panel-880-0-0-0\" class=\"so-panel widget widget_sow-editor panel-first-child panel-last-child\" data-index=\"0\" ><div\n\t\t\t\n\t\t\tclass=\"so-widget-sow-editor so-widget-sow-editor-base\"\n\t\t\t\n\t\t>\n<div class=\"siteorigin-widget-tinymce textwidget\">\n\t<p>Les filles se qualifient pour le 2\u00e8me tour de la coupe des coll\u00e8ges en battant Limeil-Br\u00e9vannes et Cr\u00e9teil.<\/p>\n<p>Prochain tour le 15 mai.<\/p>\n<div id=\"attachment_7315\" style=\"width: 310px\" class=\"wp-caption alignleft\"><img aria-describedby=\"caption-attachment-7315\" loading=\"lazy\" decoding=\"async\" class=\"wp-image-7315 size-medium\" src=\"http:\/\/www.college-wallon-ivry.fr\/wp-content\/uploads\/2019\/05\/IMG_20190327_1453021-300x225.jpg\" alt=\"\" width=\"300\" height=\"225\" srcset=\"https:\/\/www.college-wallon-ivry.fr\/wp-content\/uploads\/2019\/05\/IMG_20190327_1453021-300x225.jpg 300w, https:\/\/www.college-wallon-ivry.fr\/wp-content\/uploads\/2019\/05\/IMG_20190327_1453021-768x576.jpg 768w, https:\/\/www.college-wallon-ivry.fr\/wp-content\/uploads\/2019\/05\/IMG_20190327_1453021-1024x768.jpg 1024w, https:\/\/www.college-wallon-ivry.fr\/wp-content\/uploads\/2019\/05\/IMG_20190327_1453021-400x300.jpg 400w\" sizes=\"auto, (max-width: 300px) 100vw, 300px\" \/><p id=\"caption-attachment-7315\" class=\"wp-caption-text\">dav<\/p><\/div>\n<\/div>\n<\/div><\/div><\/div><\/div><div id=\"pg-880-1\"  class=\"panel-grid panel-has-style\" ><div class=\"panel-row-style panel-row-style-for-880-1\" ><div id=\"pgc-880-1-0\"  class=\"panel-grid-cell\" ><div id=\"panel-880-1-0-0\" class=\"so-panel widget widget_sow-editor panel-first-child\" data-index=\"1\" ><div\n\t\t\t\n\t\t\tclass=\"so-widget-sow-editor so-widget-sow-editor-base\"\n\t\t\t\n\t\t>\n<div class=\"siteorigin-widget-tinymce textwidget\">\n\t<h1><span style=\"color: #0088cc;\">R\u00e9sultats 2017\/2018<\/span><\/h1>\n<\/div>\n<\/div><\/div><div id=\"panel-880-1-0-1\" class=\"so-panel widget widget_sow-editor panel-last-child\" data-index=\"2\" ><div\n\t\t\t\n\t\t\tclass=\"so-widget-sow-editor so-widget-sow-editor-base\"\n\t\t\t\n\t\t>\n<div class=\"siteorigin-widget-tinymce textwidget\">\n\t<h2><span style=\"color: #0088cc;\">Mercredi 14 fevrier<\/span><\/h2>\n<p><span style=\"color: #000000;\">Equipes Minimes filles<\/span><\/p>\n<p>Les minimes filles sont <span style=\"color: #00ff00;\">2\u00e8me et donc vice championne du d\u00e9partement<\/span> au handball.Elles perdent 15 \u00e0 8 en finale contre le coll\u00e8ge les Prunais de Villiers sur marne mais sont <span style=\"color: #00ff00;\">qualifi\u00e9es pour le tour acad\u00e9mique.<\/span><\/p>\n<\/div>\n<\/div><\/div><\/div><\/div><\/div><div id=\"pg-880-2\"  class=\"panel-grid panel-has-style\" ><div class=\"panel-row-style panel-row-style-for-880-2\" ><div id=\"pgc-880-2-0\"  class=\"panel-grid-cell\" ><div id=\"panel-880-2-0-0\" class=\"so-panel widget widget_sow-editor panel-first-child panel-last-child\" data-index=\"3\" ><div\n\t\t\t\n\t\t\tclass=\"so-widget-sow-editor so-widget-sow-editor-base\"\n\t\t\t\n\t\t>\n<div class=\"siteorigin-widget-tinymce textwidget\">\n\t<p>Les r\u00e9sultats \u00e0 mi-championnat ---&lt; <a href=\"http:\/\/www.college-wallon-ivry.fr\/wp-content\/uploads\/2018\/03\/RESULTATS-HANDBALL-1.docx\">ICI<\/a><\/p>\n<\/div>\n<\/div><\/div><\/div><\/div><\/div><div id=\"pg-880-3\"  class=\"panel-grid panel-has-style\" ><div class=\"panel-row-style panel-row-style-for-880-3\" ><div id=\"pgc-880-3-0\"  class=\"panel-grid-cell\" ><div id=\"panel-880-3-0-0\" class=\"so-panel widget widget_sow-editor panel-first-child panel-last-child\" data-index=\"4\" ><div class=\"panel-widget-style panel-widget-style-for-880-3-0-0\" ><div\n\t\t\t\n\t\t\tclass=\"so-widget-sow-editor so-widget-sow-editor-base\"\n\t\t\t\n\t\t>\n<div class=\"siteorigin-widget-tinymce textwidget\">\n\t<h2><span style=\"color: #0088cc;\">Mercredi 11 octobre<\/span><\/h2>\n<p>\u00a0Op\u00e9ration filles\"handballissime\" organis\u00e9e par la f\u00e9d\u00e9ration de handball. Les filles s'illustrent en terminant 1\u00e8re sur 8 en minimes filles, 2\u00e8me et 4\u00e8me sur 10 en benjamines<\/p>\n<ul>\n<li>Les minimes 1\u00e8re sur 8 \u00e9quipes<\/li>\n<\/ul>\nngg_shortcode_0_placeholder\n<ul>\n<li>Les \u00e9quipes des benjamines, respectivement, 2\u00e8me et 4\u00e8me sur 10 \u00e9quipes<\/li>\n<\/ul>\nngg_shortcode_1_placeholder\n<\/div>\n<\/div><\/div><\/div><\/div><\/div><\/div><div id=\"pg-880-4\"  class=\"panel-grid panel-has-style\" ><div class=\"panel-row-style panel-row-style-for-880-4\" ><div id=\"pgc-880-4-0\"  class=\"panel-grid-cell\" ><div id=\"panel-880-4-0-0\" class=\"so-panel widget widget_sow-editor panel-first-child panel-last-child\" data-index=\"5\" ><div\n\t\t\t\n\t\t\tclass=\"so-widget-sow-editor so-widget-sow-editor-base\"\n\t\t\t\n\t\t>\n<div class=\"siteorigin-widget-tinymce textwidget\">\n\t<h2><span style=\"color: #0088cc;\">R\u00e9sultats 2016\/2017<\/span><\/h2>\n<ul>\n<li><a href=\"http:\/\/www.college-wallon-ivry.fr\/?post_type=easingslider&amp;p=802\">L'\u00e9quipe des filles championnes acad\u00e9miques 2017<\/a><\/li>\n<\/ul>\n<p>\u00a0<\/p>\n<p>Championnat de France UNSS - Poitiers, 9-12 mai 2017<\/p>\n<p>Nos handballeuses se sont hiss\u00e9es jusqu'en 1\/4 de finale, elles finissent la comp\u00e9tition \u00e0 la 7\u00e8me place (sur 16).<\/p>\n<p>F\u00e9licitations \u00e0 elles pour ce magnifique parcours et \u00e0 l'ann\u00e9e prochaine !<\/p>\n<p>Allez les filles ! Allez Wallon !<\/p>\n<p>\u00a0<\/p>\n<div style=\"width: 640px;\" class=\"wp-video\"><!--[if lt IE 9]><script>document.createElement('video');<\/script><![endif]-->\n<video class=\"wp-video-shortcode\" id=\"video-880-1\" width=\"640\" height=\"352\" preload=\"metadata\" controls=\"controls\"><source type=\"video\/mp4\" src=\"http:\/\/www.college-wallon-ivry.fr\/wp-content\/uploads\/2017\/05\/Clapping-9-mai-2017.mp4?_=1\" \/><a href=\"http:\/\/www.college-wallon-ivry.fr\/wp-content\/uploads\/2017\/05\/Clapping-9-mai-2017.mp4\">http:\/\/www.college-wallon-ivry.fr\/wp-content\/uploads\/2017\/05\/Clapping-9-mai-2017.mp4<\/a><\/video><\/div>\n<p>&lt;hr&gt;<\/p>\n<p>QUALIFI\u00c9ES POUR LES 1\/4 DE FINALE !! - 11\/05\/2017<\/p>\n<p>Les filles se sont qualifi\u00e9es en 1\/4 de finale du championnat de France apr\u00e8s avoir fini 2\u00e8me de leur poule en battant Lyon et Nantes !<br \/>&lt;div&gt;Tous derri\u00e8re les filles !&lt;\/div&gt;<br \/>&lt;div&gt;Allez Wallon !&lt;\/div&gt;<br \/>&amp;nbsp;<\/p>\n<p>&lt;hr&gt;<\/p>\n<p>Que d'\u00e9motions pour cette premi\u00e8re journ\u00e9e ! - 10\/05\/2017<\/p>\n<p>Apr\u00e8s un premier match difficile sold\u00e9 par une d\u00e9faite (-10) contre Bordeaux, nos handballeuses se sont bien rattrap\u00e9es avec une victoire importante au deuxi\u00e8me match (+1) contre Nantes qui leur permet de rester en course pour les 1\/4 de finale ! Demain, une victoire est imp\u00e9rative contre Lyon pour r\u00eaver plus grand.<\/p>\n<p>Allez les filles !<\/p>\n<p>&amp;nbsp;<\/p>\n<p>CHAMPIONNES ACAD\u00c9MIE DE CR\u00c9TEIL 2017 !<\/p>\n<p>F\u00e9licitations \u00e0 notre \u00e9quipe de Handball f\u00e9minine Championne de l'Acad\u00e9mie de Cr\u00e9teil 2017 !<\/p>\n<p>Bravo aux joueuses Alexandre, Melrose, Myriam, Aminata, Steffy, Divine, Axelle, Wissal, A\u00efcha, Le\u00efla, et \u00e0 leur entra\u00eeneur M. CADIC.<\/p>\n<p>Merci \u00e0 Nacer et Samy pour l'arbitrage.<\/p>\n<p>&amp;nbsp;<\/p>\n<style type=\"text\/css\">.easingslider-466 { max-width: 640px; }.easingslider-466 .easingslider-image { max-height: 400px; max-width: 640px; }.easingslider-466 .easingslider-fade-in, .easingslider-fade-out { -webkit-animation-duration: 400ms; -moz-animation-duration: 400ms; animation-duration: 400ms; }<\/style><script type=\"text\/javascript\">window.EasingSlider466 = {\"width\":640,\"height\":400,\"singleItem\":true,\"items\":1,\"itemsDesktop\":false,\"itemsDesktopSmall\":false,\"itemsTablet\":false,\"itemsTabletSmall\":false,\"itemsMobile\":false,\"responsive\":true,\"lazyLoad\":true,\"autoPlay\":4000,\"slideSpeed\":400,\"navigation\":true,\"navigationText\":[\"\",\"\"],\"pagination\":true,\"autoHeight\":false,\"mouseDrag\":false,\"touchDrag\":false,\"addClassActive\":true,\"transitionStyle\":\"fade\"};<\/script><div data-id=\"466\" class=\"easingslider easingslider-466 easingslider-container easingslider-resizing-enabled easingslider-aspect-ratio easingslider-arrows-inside easingslider-pagination-inside easingslider-pagination-bottom-center\"><div class=\"easingslider-slide\"><img decoding=\"async\" src=\"https:\/\/www.college-wallon-ivry.fr\/wp-content\/plugins\/easing-slider\/assets\/images\/placeholder-pixel.png\" data-src=\"https:\/\/www.college-wallon-ivry.fr\/wp-content\/uploads\/2017\/05\/IMG_0933-640x400.jpg\" alt=\"\" title=\"\" class=\"easingslider-image easingslider-lazy\" \/><\/div><div class=\"easingslider-slide\"><img decoding=\"async\" src=\"https:\/\/www.college-wallon-ivry.fr\/wp-content\/plugins\/easing-slider\/assets\/images\/placeholder-pixel.png\" data-src=\"https:\/\/www.college-wallon-ivry.fr\/wp-content\/uploads\/2017\/05\/IMG_0923-640x400.jpg\" alt=\"\" title=\"\" class=\"easingslider-image easingslider-lazy\" \/><\/div><div class=\"easingslider-slide\"><img decoding=\"async\" src=\"https:\/\/www.college-wallon-ivry.fr\/wp-content\/plugins\/easing-slider\/assets\/images\/placeholder-pixel.png\" data-src=\"https:\/\/www.college-wallon-ivry.fr\/wp-content\/uploads\/2017\/04\/hand-championne-academie-2017-photo-640x400.png\" alt=\"\" title=\"\" class=\"easingslider-image easingslider-lazy\" \/><\/div><div class=\"easingslider-slide\"><img decoding=\"async\" src=\"https:\/\/www.college-wallon-ivry.fr\/wp-content\/plugins\/easing-slider\/assets\/images\/placeholder-pixel.png\" data-src=\"https:\/\/www.college-wallon-ivry.fr\/wp-content\/uploads\/2017\/04\/les-filles-championne-r\u00e9gionale-640x400.jpg\" alt=\"\" title=\"\" class=\"easingslider-image easingslider-lazy\" \/><\/div><div class=\"easingslider-slide\"><img decoding=\"async\" src=\"https:\/\/www.college-wallon-ivry.fr\/wp-content\/plugins\/easing-slider\/assets\/images\/placeholder-pixel.png\" data-src=\"https:\/\/www.college-wallon-ivry.fr\/wp-content\/uploads\/2017\/05\/IMG_1878-640x400.jpg\" alt=\"\" title=\"\" class=\"easingslider-image easingslider-lazy\" \/><\/div><\/div>\n<\/div>\n<\/div><\/div><\/div><\/div><\/div><\/div><h3>Images li\u00e9es:<\/h3>","protected":false},"excerpt":{"rendered":"<p>Les filles se qualifient pour le 2\u00e8me tour de la coupe des coll\u00e8ges en battant Limeil-Br\u00e9vannes et Cr\u00e9teil. Prochain tour le 15 mai. R\u00e9sultats 2017\/2018 Mercredi 14 fevrier Equipes Minimes filles Les minimes filles sont 2\u00e8me et donc vice championne du d\u00e9partement au handball.Elles perdent 15 \u00e0 8 en finale contre le coll\u00e8ge les Prunais [&hellip;]<\/p>\n","protected":false},"author":1,"featured_media":0,"parent":748,"menu_order":0,"comment_status":"closed","ping_status":"closed","template":"","meta":{"ngg_post_thumbnail":0,"footnotes":""},"categories":[],"tags":[],"class_list":["post-880","page","type-page","status-publish","czr-hentry"],"_links":{"self":[{"href":"https:\/\/www.college-wallon-ivry.fr\/index.php\/wp-json\/wp\/v2\/pages\/880","targetHints":{"allow":["GET"]}}],"collection":[{"href":"https:\/\/www.college-wallon-ivry.fr\/index.php\/wp-json\/wp\/v2\/pages"}],"about":[{"href":"https:\/\/www.college-wallon-ivry.fr\/index.php\/wp-json\/wp\/v2\/types\/page"}],"author":[{"embeddable":true,"href":"https:\/\/www.college-wallon-ivry.fr\/index.php\/wp-json\/wp\/v2\/users\/1"}],"replies":[{"embeddable":true,"href":"https:\/\/www.college-wallon-ivry.fr\/index.php\/wp-json\/wp\/v2\/comments?post=880"}],"version-history":[{"count":26,"href":"https:\/\/www.college-wallon-ivry.fr\/index.php\/wp-json\/wp\/v2\/pages\/880\/revisions"}],"predecessor-version":[{"id":7316,"href":"https:\/\/www.college-wallon-ivry.fr\/index.php\/wp-json\/wp\/v2\/pages\/880\/revisions\/7316"}],"up":[{"embeddable":true,"href":"https:\/\/www.college-wallon-ivry.fr\/index.php\/wp-json\/wp\/v2\/pages\/748"}],"wp:attachment":[{"href":"https:\/\/www.college-wallon-ivry.fr\/index.php\/wp-json\/wp\/v2\/media?parent=880"}],"wp:term":[{"taxonomy":"category","embeddable":true,"href":"https:\/\/www.college-wallon-ivry.fr\/index.php\/wp-json\/wp\/v2\/categories?post=880"},{"taxonomy":"post_tag","embeddable":true,"href":"https:\/\/www.college-wallon-ivry.fr\/index.php\/wp-json\/wp\/v2\/tags?post=880"}],"curies":[{"name":"wp","href":"https:\/\/api.w.org\/{rel}","templated":true}]}}